{"id":21063,"date":"2021-09-14T11:14:38","date_gmt":"2021-09-14T09:14:38","guid":{"rendered":"https:\/\/orfeve.com\/manufaktur\/"},"modified":"2022-07-01T12:30:57","modified_gmt":"2022-07-01T10:30:57","slug":"manufaktur","status":"publish","type":"page","link":"https:\/\/stage.orfeve.com\/de\/manufaktur\/","title":{"rendered":"Manufaktur"},"content":{"rendered":"\n\n\t<section class=\"section dark\" id=\"section_1153166133\">\n\t\t<div class=\"section-bg fill\" >\n\t\t\t\t\t\t\t\t\t<button class=\"scroll-for-more z-5 icon absolute bottom h-center\" aria-label=\"Scroll for more\"><i class=\"icon-angle-down\" style=\"font-size:42px;\" ><\/i><\/button>\n\t\t\t\n\n\t\t<\/div>\n\n\t\t\n\n\t\t<div class=\"section-content relative\">\n\t\t\t\n\n\n  <div class=\"banner has-hover is-full-height\" id=\"banner-631914390\">\n          <div class=\"banner-inner fill\">\n        <div class=\"banner-bg fill\" >\n            <img decoding=\"async\" width=\"1900\" height=\"800\" src=\"https:\/\/stage.orfeve.com\/wp-content\/uploads\/2021\/04\/ORFEVE-Manufacture-Suisse-de-Cacao-et-Chocolat_Torrefaction-photo-diode-SA-Denis-Hayoun_.jpg\" class=\"bg attachment-original size-original\" alt=\"ORFEVE-Manufacture-Suisse-de-Cacao-et-Chocolat_Torrefaction-photo-diode-SA-Denis-Hayoun_\" \/>                        <div class=\"overlay\"><\/div>            \n                    <\/div>\n\t\t\n        <div class=\"banner-layers container\">\n            <div class=\"fill banner-link\"><\/div>            \n\n   <div id=\"text-box-591197451\" class=\"text-box banner-layer x50 md-x50 lg-x50 y50 md-y50 lg-y50 res-text\">\n                                <div class=\"text-box-content text dark\">\n              \n              <div class=\"text-inner text-center\">\n                  \n\n\t<div id=\"text-365422243\" class=\"text\">\n\t\t\n\n<h1 class=\"uppercase\">Die Schokoladenmanufaktur Orf\u00e8ve<\/h1>\n\t\t\n<style>\n#text-365422243 {\n  font-size: 1rem;\n  line-height: 1.75;\n  text-align: center;\n}\n@media (min-width:550px) {\n  #text-365422243 {\n    font-size: 1.5rem;\n    line-height: 1.75;\n  }\n}\n<\/style>\n\t<\/div>\n\t\n\t<div id=\"text-2921651940\" class=\"text\">\n\t\t\n\n<p>Erfahren Sie mehr \u00fcber uns, unseren Edelkakao, unsere Philosophie und unsere Schokolade.<\/p>\n\t\t\n<style>\n#text-2921651940 {\n  font-size: 1.25rem;\n}\n@media (min-width:550px) {\n  #text-2921651940 {\n    font-size: 1.5rem;\n  }\n}\n<\/style>\n\t<\/div>\n\t\n\n              <\/div>\n           <\/div>\n                            \n<style>\n#text-box-591197451 {\n  width: 87%;\n}\n#text-box-591197451 .text-box-content {\n  font-size: 100%;\n}\n@media (min-width:550px) {\n  #text-box-591197451 {\n    width: 60%;\n  }\n}\n<\/style>\n    <\/div>\n \n\n        <\/div>\n      <\/div>\n\n            \n<style>\n#banner-631914390 {\n  padding-top: 100%;\n}\n#banner-631914390 .overlay {\n  background-color: rgba(0, 0, 0, 0.326);\n}\n#banner-631914390 .banner-bg img {\n  object-position: 46% 42%;\n}\n<\/style>\n  <\/div>\n\n\n\n\t\t<\/div>\n\n\t\t\n<style>\n#section_1153166133 {\n  padding-top: 0px;\n  padding-bottom: 0px;\n}\n<\/style>\n\t<\/section>\n\t\n\n  <div class=\"banner has-hover is-full-height has-parallax\" id=\"banner-1553027618\">\n          <div class=\"banner-inner fill\">\n        <div class=\"banner-bg fill\" data-parallax=\"-5\" data-parallax-container=\".banner\" data-parallax-background>\n            <img decoding=\"async\" width=\"1600\" height=\"1200\" src=\"https:\/\/stage.orfeve.com\/wp-content\/uploads\/2021\/04\/ORFEVE-Manufacture-Suisse-de-Cacao-et-Chocolat-Bean-to-Bar-Caroline-Buechler-Francois-Xavier-Mousin-photo-Guillaume-Megevand.jpg\" class=\"bg attachment-original size-original\" alt=\"ORFEVE-Manufacture-Suisse-de-Cacao-et-Chocolat-Bean-to-Bar-Caroline-Buechler-Francois-Xavier-Mousin----photo-Guillaume-Megevand\" \/>                        <div class=\"overlay\"><\/div>            \n                    <\/div>\n\t\t\n        <div class=\"banner-layers container\">\n            <div class=\"fill banner-link\"><\/div>            \n\n   <div id=\"text-box-1593000231\" class=\"text-box banner-layer x50 md-x50 lg-x50 y50 md-y50 lg-y50 res-text\">\n              <div data-parallax=\"2\" data-parallax-fade=\"true\">                  <div class=\"text-box-content text dark\">\n              \n              <div class=\"text-inner text-center\">\n                  \n\n\t<div id=\"text-2129012575\" class=\"text\">\n\t\t\n\n<h3 class=\"uppercase\"><strong>\u00dcber uns<\/strong><\/h3>\n<p>Das in Genf ans\u00e4ssige Unternehmen Orf\u00e8ve wurde von Fran\u00e7ois-Xavier Mousin und Caroline Buechler gegr\u00fcndet. Als Kakao- und Schokoladenhersteller kontrolliert Orf\u00e8ve alle Stufen der Schokoladenproduktion &#8211; von der Bohne bis zur Tafel.<\/p>\n\t\t\n<style>\n#text-2129012575 {\n  font-size: 1.25rem;\n}\n@media (min-width:550px) {\n  #text-2129012575 {\n    font-size: 1.5rem;\n  }\n}\n<\/style>\n\t<\/div>\n\t\n\n              <\/div>\n           <\/div>\n              <\/div>              \n<style>\n#text-box-1593000231 {\n  width: 87%;\n}\n#text-box-1593000231 .text-box-content {\n  font-size: 100%;\n}\n@media (min-width:550px) {\n  #text-box-1593000231 {\n    width: 60%;\n  }\n}\n<\/style>\n    <\/div>\n \n\n        <\/div>\n      <\/div>\n\n            \n<style>\n#banner-1553027618 {\n  padding-top: 100%;\n}\n#banner-1553027618 .overlay {\n  background-color: rgba(0, 0, 0, 0.35);\n}\n<\/style>\n  <\/div>\n\n\n\n  <div class=\"banner has-hover is-full-height has-parallax\" id=\"banner-1734926458\">\n          <div class=\"banner-inner fill\">\n        <div class=\"banner-bg fill\" data-parallax=\"-5\" data-parallax-container=\".banner\" data-parallax-background>\n            <img decoding=\"async\" width=\"1600\" height=\"1200\" src=\"https:\/\/stage.orfeve.com\/wp-content\/uploads\/2021\/04\/ORFEVE-Manufacture-Suisse-de-Cacao-et-Chocolat-bea-to-bar-Agroforesterie-photo-ORFEVE.jpg\" class=\"bg attachment-original size-original\" alt=\"\" \/>                        <div class=\"overlay\"><\/div>            \n                    <\/div>\n\t\t\n        <div class=\"banner-layers container\">\n            <div class=\"fill banner-link\"><\/div>            \n\n   <div id=\"text-box-758578052\" class=\"text-box banner-layer x50 md-x50 lg-x50 y50 md-y50 lg-y50 res-text\">\n              <div data-parallax=\"2\" data-parallax-fade=\"true\">                  <div class=\"text-box-content text dark\">\n              \n              <div class=\"text-inner text-center\">\n                  \n\n\t<div id=\"text-659977307\" class=\"text\">\n\t\t\n\n<h3 class=\"uppercase\"><strong>Unsere Kakaobauern<\/strong><\/h3>\n<p>Unser gesamter Kakao stammt von Kleinbauern oder kleinen Kooperativen, die sich f\u00fcr eine nachhaltige und faire Entwicklung einsetzen.<\/p>\n\t\t\n<style>\n#text-659977307 {\n  font-size: 1.25rem;\n}\n@media (min-width:550px) {\n  #text-659977307 {\n    font-size: 1.5rem;\n  }\n}\n<\/style>\n\t<\/div>\n\t\n\n              <\/div>\n           <\/div>\n              <\/div>              \n<style>\n#text-box-758578052 {\n  width: 87%;\n}\n#text-box-758578052 .text-box-content {\n  font-size: 100%;\n}\n@media (min-width:550px) {\n  #text-box-758578052 {\n    width: 60%;\n  }\n}\n<\/style>\n    <\/div>\n \n\n        <\/div>\n      <\/div>\n\n            \n<style>\n#banner-1734926458 {\n  padding-top: 100%;\n}\n#banner-1734926458 .overlay {\n  background-color: rgba(0, 0, 0, 0.35);\n}\n<\/style>\n  <\/div>\n\n\n\n  <div class=\"banner has-hover is-full-height has-parallax\" id=\"banner-1188106837\">\n          <div class=\"banner-inner fill\">\n        <div class=\"banner-bg fill\" data-parallax=\"-5\" data-parallax-container=\".banner\" data-parallax-background>\n            <img decoding=\"async\" width=\"1600\" height=\"1200\" src=\"https:\/\/stage.orfeve.com\/wp-content\/uploads\/2021\/04\/ORFEVE-Manufacture-Suisse-de-Cacao-et-Chocolat-bean-to-bar-cabosses-de-cacao-photo-orfeve.jpg\" class=\"bg attachment-original size-original\" alt=\"\" \/>                        <div class=\"overlay\"><\/div>            \n                    <\/div>\n\t\t\n        <div class=\"banner-layers container\">\n            <div class=\"fill banner-link\"><\/div>            \n\n   <div id=\"text-box-1014144142\" class=\"text-box banner-layer x50 md-x50 lg-x50 y50 md-y50 lg-y50 res-text\">\n              <div data-parallax=\"2\" data-parallax-fade=\"true\">                  <div class=\"text-box-content text dark\">\n              \n              <div class=\"text-inner text-center\">\n                  \n\n\t<div id=\"text-703337289\" class=\"text\">\n\t\t\n\n<h3 class=\"uppercase\"><strong>Unser Edelkakao<\/strong><\/h3>\n<p>Die f\u00fcr die Orf\u00e8ve-Schokoladen verwendeten Kakaobohnen werden von unseren Sourceurs sorgf\u00e4ltig ausgew\u00e4hlt. Es handelt sich um die edelsten Sorten der Welt, die aus noblen Anbaugebieten stammen. Die meisten von ihnen werden im \u00f6kologischen Landbau und in der Agroforstwirtschaft angebaut. Diese Edelkakaobohnen machen heute weniger als 5 % der Weltproduktion aus.<\/p>\n\n\t\t\n<style>\n#text-703337289 {\n  font-size: 1.25rem;\n}\n@media (min-width:550px) {\n  #text-703337289 {\n    font-size: 1.5rem;\n  }\n}\n<\/style>\n\t<\/div>\n\t\n\n              <\/div>\n           <\/div>\n              <\/div>              \n<style>\n#text-box-1014144142 {\n  width: 87%;\n}\n#text-box-1014144142 .text-box-content {\n  font-size: 100%;\n}\n@media (min-width:550px) {\n  #text-box-1014144142 {\n    width: 60%;\n  }\n}\n<\/style>\n    <\/div>\n \n\n        <\/div>\n      <\/div>\n\n            \n<style>\n#banner-1188106837 {\n  padding-top: 100%;\n}\n#banner-1188106837 .overlay {\n  background-color: rgba(0, 0, 0, 0.35);\n}\n<\/style>\n  <\/div>\n\n\n\n  <div class=\"banner has-hover is-full-height has-parallax\" id=\"banner-1864020282\">\n          <div class=\"banner-inner fill\">\n        <div class=\"banner-bg fill\" data-parallax=\"-5\" data-parallax-container=\".banner\" data-parallax-background>\n            <img decoding=\"async\" width=\"1600\" height=\"1200\" src=\"https:\/\/stage.orfeve.com\/wp-content\/uploads\/2021\/04\/ORFEVE-Manufacture-Suisse-de-Cacao-et-Chocolat-bean-to-bar-broyage-affinage-chocolat-photo-diode-SA-Denis-Hayoun.jpg\" class=\"bg attachment-original size-original\" alt=\"\" \/>                        <div class=\"overlay\"><\/div>            \n                    <\/div>\n\t\t\n        <div class=\"banner-layers container\">\n            <div class=\"fill banner-link\"><\/div>            \n\n   <div id=\"text-box-1862720379\" class=\"text-box banner-layer x50 md-x50 lg-x50 y50 md-y50 lg-y50 res-text\">\n              <div data-parallax=\"2\" data-parallax-fade=\"true\">                  <div class=\"text-box-content text dark\">\n              \n              <div class=\"text-inner text-center\">\n                  \n\n\t<div id=\"text-2793796861\" class=\"text\">\n\t\t\n\n<h3 class=\"uppercase\"><strong>Unsere Methoden<\/strong><\/h3>\n<p>Die Produktionsmethoden von Orf\u00e8ve bleiben den \u00fcberlieferten Traditionen treu, sind allesamt handwerklich und schonend, um die G\u00fcte und Einzigartigkeit unseres Edelkakaos zu bewahren.<\/p>\n\n\t\t\n<style>\n#text-2793796861 {\n  font-size: 1.25rem;\n}\n@media (min-width:550px) {\n  #text-2793796861 {\n    font-size: 1.5rem;\n  }\n}\n<\/style>\n\t<\/div>\n\t\n<a href=\"https:\/\/orfeve.com\/savoir-faire\/\" class=\"button white is-outline\"  >\n\t\t<span>Unser Know-how entdecken<\/span>\n\t<\/a>\n\n\n\n              <\/div>\n           <\/div>\n              <\/div>              \n<style>\n#text-box-1862720379 {\n  width: 87%;\n}\n#text-box-1862720379 .text-box-content {\n  font-size: 100%;\n}\n@media (min-width:550px) {\n  #text-box-1862720379 {\n    width: 60%;\n  }\n}\n<\/style>\n    <\/div>\n \n\n        <\/div>\n      <\/div>\n\n            \n<style>\n#banner-1864020282 {\n  padding-top: 100%;\n}\n#banner-1864020282 .overlay {\n  background-color: rgba(0, 0, 0, 0.35);\n}\n#banner-1864020282 .banner-bg img {\n  object-position: 15% 18%;\n}\n<\/style>\n  <\/div>\n\n\n\n  <div class=\"banner has-hover is-full-height has-parallax\" id=\"banner-706772448\">\n          <div class=\"banner-inner fill\">\n        <div class=\"banner-bg fill\" data-parallax=\"-5\" data-parallax-container=\".banner\" data-parallax-background>\n            <img decoding=\"async\" width=\"1300\" height=\"851\" src=\"https:\/\/stage.orfeve.com\/wp-content\/uploads\/2022\/04\/ORFEVE-Manufacture-Suisse-de-Cacao-et-Chocolat-chocolat-noir-tablette.jpg\" class=\"bg attachment-original size-original\" alt=\"ORFEVE-Manufacture-Suisse-de-Cacao-et-Chocolat-chocolat-noir-tablette\" \/>                        <div class=\"overlay\"><\/div>            \n                    <\/div>\n\t\t\n        <div class=\"banner-layers container\">\n            <div class=\"fill banner-link\"><\/div>            \n\n   <div id=\"text-box-1390356372\" class=\"text-box banner-layer x50 md-x50 lg-x50 y50 md-y50 lg-y50 res-text\">\n              <div data-parallax=\"2\" data-parallax-fade=\"true\">                  <div class=\"text-box-content text dark\">\n              \n              <div class=\"text-inner text-center\">\n                  \n\n\t<div id=\"text-4120681943\" class=\"text\">\n\t\t\n\n<h3 class=\"uppercase\"><strong>Unsere dunkle Schokolade<\/strong><\/h3>\n<p>Orf\u00e8ve stellt Tafeln aus 100 % Ursprungs- und Jahrgangskakao her, dabei handelt es sich um die seltensten und wertvollsten Kakaosorten. Das Ergebnis ist eine einzigartige Schweizer Schokolade, die sich durch Reinheit und Authentizit\u00e4t auszeichnet.<\/p>\n\t\t\n<style>\n#text-4120681943 {\n  font-size: 1.25rem;\n}\n@media (min-width:550px) {\n  #text-4120681943 {\n    font-size: 1.5rem;\n  }\n}\n<\/style>\n\t<\/div>\n\t\n<a href=\"https:\/\/orfeve.com\/shop\/\" class=\"button white is-outline\"  >\n\t\t<span>Die Schokoladensorten entdecken<\/span>\n\t<\/a>\n\n\n\n              <\/div>\n           <\/div>\n              <\/div>              \n<style>\n#text-box-1390356372 {\n  width: 87%;\n}\n#text-box-1390356372 .text-box-content {\n  font-size: 100%;\n}\n@media (min-width:550px) {\n  #text-box-1390356372 {\n    width: 60%;\n  }\n}\n<\/style>\n    <\/div>\n \n\n        <\/div>\n      <\/div>\n\n            \n<style>\n#banner-706772448 {\n  padding-top: 100%;\n}\n#banner-706772448 .overlay {\n  background-color: rgba(0, 0, 0, 0.442);\n}\n#banner-706772448 .banner-bg img {\n  object-position: 74% 31%;\n}\n<\/style>\n  <\/div>\n\n\n\n","protected":false},"excerpt":{"rendered":"","protected":false},"author":1,"featured_media":0,"parent":0,"menu_order":0,"comment_status":"closed","ping_status":"closed","template":"page-transparent-header-light.php","meta":{"footnotes":""},"class_list":["post-21063","page","type-page","status-publish","hentry"],"yoast_head":"<!-- This site is optimized with the Yoast SEO Premium plugin v22.4 (Yoast SEO v24.6) - https:\/\/yoast.com\/wordpress\/plugins\/seo\/ -->\n<title>Manufaktur - ORF\u00c8VE<\/title>\n<meta name=\"description\" content=\"Entdecken Sie die Schokoladenmanufaktur Orf\u00e8ve Erfahren Sie mehr \u00fcber uns, unseren Edelkakao, unsere Philosophie und unsere Schokolade.\" \/>\n<meta name=\"robots\" content=\"index, follow, max-snippet:-1, max-image-preview:large, max-video-preview:-1\" \/>\n<link rel=\"canonical\" href=\"https:\/\/stage.orfeve.com\/de\/manufaktur\/\" \/>\n<meta property=\"og:locale\" content=\"de_DE\" \/>\n<meta property=\"og:type\" content=\"article\" \/>\n<meta property=\"og:title\" content=\"Manufaktur\" \/>\n<meta property=\"og:description\" content=\"Entdecken Sie die Schokoladenmanufaktur Orf\u00e8ve Erfahren Sie mehr \u00fcber uns, unseren Edelkakao, unsere Philosophie und unsere Schokolade.\" \/>\n<meta property=\"og:url\" content=\"https:\/\/stage.orfeve.com\/de\/manufaktur\/\" \/>\n<meta property=\"og:site_name\" content=\"ORF\u00c8VE\" \/>\n<meta property=\"article:publisher\" content=\"https:\/\/www.facebook.com\/orfevechocolat\/\" \/>\n<meta property=\"article:modified_time\" content=\"2022-07-01T10:30:57+00:00\" \/>\n<meta name=\"twitter:card\" content=\"summary_large_image\" \/>\n<meta name=\"twitter:site\" content=\"@orfeve_Chocolat\" \/>\n<meta name=\"twitter:label1\" content=\"Gesch\u00e4tzte Lesezeit\" \/>\n\t<meta name=\"twitter:data1\" content=\"2\u00a0Minuten\" \/>\n<script type=\"application\/ld+json\" class=\"yoast-schema-graph\">{\"@context\":\"https:\/\/schema.org\",\"@graph\":[{\"@type\":\"WebPage\",\"@id\":\"https:\/\/stage.orfeve.com\/de\/manufaktur\/\",\"url\":\"https:\/\/stage.orfeve.com\/de\/manufaktur\/\",\"name\":\"Manufaktur - ORF\u00c8VE\",\"isPartOf\":{\"@id\":\"https:\/\/stage.orfeve.com\/#website\"},\"datePublished\":\"2021-09-14T09:14:38+00:00\",\"dateModified\":\"2022-07-01T10:30:57+00:00\",\"description\":\"Entdecken Sie die Schokoladenmanufaktur Orf\u00e8ve Erfahren Sie mehr \u00fcber uns, unseren Edelkakao, unsere Philosophie und unsere Schokolade.\",\"breadcrumb\":{\"@id\":\"https:\/\/stage.orfeve.com\/de\/manufaktur\/#breadcrumb\"},\"inLanguage\":\"de\",\"potentialAction\":[{\"@type\":\"ReadAction\",\"target\":[\"https:\/\/stage.orfeve.com\/de\/manufaktur\/\"]}]},{\"@type\":\"BreadcrumbList\",\"@id\":\"https:\/\/stage.orfeve.com\/de\/manufaktur\/#breadcrumb\",\"itemListElement\":[{\"@type\":\"ListItem\",\"position\":1,\"name\":\"Home\",\"item\":\"https:\/\/stage.orfeve.com\/de\/\"},{\"@type\":\"ListItem\",\"position\":2,\"name\":\"Manufaktur\"}]},{\"@type\":\"WebSite\",\"@id\":\"https:\/\/stage.orfeve.com\/#website\",\"url\":\"https:\/\/stage.orfeve.com\/\",\"name\":\"ORF\u00c8VE\",\"description\":\"Manufacture Suisse de Cacao et Chocolat Bean to Bar\",\"publisher\":{\"@id\":\"https:\/\/stage.orfeve.com\/#organization\"},\"potentialAction\":[{\"@type\":\"SearchAction\",\"target\":{\"@type\":\"EntryPoint\",\"urlTemplate\":\"https:\/\/stage.orfeve.com\/?s={search_term_string}\"},\"query-input\":{\"@type\":\"PropertyValueSpecification\",\"valueRequired\":true,\"valueName\":\"search_term_string\"}}],\"inLanguage\":\"de\"},{\"@type\":\"Organization\",\"@id\":\"https:\/\/stage.orfeve.com\/#organization\",\"name\":\"ORF\u00c8VE\",\"url\":\"https:\/\/stage.orfeve.com\/\",\"logo\":{\"@type\":\"ImageObject\",\"inLanguage\":\"de\",\"@id\":\"https:\/\/stage.orfeve.com\/#\/schema\/logo\/image\/\",\"url\":\"https:\/\/orfeve.com\/wp-content\/uploads\/2021\/05\/Orfeve-Manufacture-Suisse-de-Cacao-et-Chocolat-logo.jpeg\",\"contentUrl\":\"https:\/\/orfeve.com\/wp-content\/uploads\/2021\/05\/Orfeve-Manufacture-Suisse-de-Cacao-et-Chocolat-logo.jpeg\",\"width\":427,\"height\":170,\"caption\":\"ORF\u00c8VE\"},\"image\":{\"@id\":\"https:\/\/stage.orfeve.com\/#\/schema\/logo\/image\/\"},\"sameAs\":[\"https:\/\/www.facebook.com\/orfevechocolat\/\",\"https:\/\/x.com\/orfeve_Chocolat\",\"https:\/\/www.instagram.com\/orfeve_chocolat\/\",\"https:\/\/www.linkedin.com\/company\/orfeve\/\"]}]}<\/script>\n<!-- \/ Yoast SEO Premium plugin. -->","yoast_head_json":{"title":"Manufaktur - ORF\u00c8VE","description":"Entdecken Sie die Schokoladenmanufaktur Orf\u00e8ve Erfahren Sie mehr \u00fcber uns, unseren Edelkakao, unsere Philosophie und unsere Schokolade.","robots":{"index":"index","follow":"follow","max-snippet":"max-snippet:-1","max-image-preview":"max-image-preview:large","max-video-preview":"max-video-preview:-1"},"canonical":"https:\/\/stage.orfeve.com\/de\/manufaktur\/","og_locale":"de_DE","og_type":"article","og_title":"Manufaktur","og_description":"Entdecken Sie die Schokoladenmanufaktur Orf\u00e8ve Erfahren Sie mehr \u00fcber uns, unseren Edelkakao, unsere Philosophie und unsere Schokolade.","og_url":"https:\/\/stage.orfeve.com\/de\/manufaktur\/","og_site_name":"ORF\u00c8VE","article_publisher":"https:\/\/www.facebook.com\/orfevechocolat\/","article_modified_time":"2022-07-01T10:30:57+00:00","twitter_card":"summary_large_image","twitter_site":"@orfeve_Chocolat","twitter_misc":{"Gesch\u00e4tzte Lesezeit":"2\u00a0Minuten"},"schema":{"@context":"https:\/\/schema.org","@graph":[{"@type":"WebPage","@id":"https:\/\/stage.orfeve.com\/de\/manufaktur\/","url":"https:\/\/stage.orfeve.com\/de\/manufaktur\/","name":"Manufaktur - ORF\u00c8VE","isPartOf":{"@id":"https:\/\/stage.orfeve.com\/#website"},"datePublished":"2021-09-14T09:14:38+00:00","dateModified":"2022-07-01T10:30:57+00:00","description":"Entdecken Sie die Schokoladenmanufaktur Orf\u00e8ve Erfahren Sie mehr \u00fcber uns, unseren Edelkakao, unsere Philosophie und unsere Schokolade.","breadcrumb":{"@id":"https:\/\/stage.orfeve.com\/de\/manufaktur\/#breadcrumb"},"inLanguage":"de","potentialAction":[{"@type":"ReadAction","target":["https:\/\/stage.orfeve.com\/de\/manufaktur\/"]}]},{"@type":"BreadcrumbList","@id":"https:\/\/stage.orfeve.com\/de\/manufaktur\/#breadcrumb","itemListElement":[{"@type":"ListItem","position":1,"name":"Home","item":"https:\/\/stage.orfeve.com\/de\/"},{"@type":"ListItem","position":2,"name":"Manufaktur"}]},{"@type":"WebSite","@id":"https:\/\/stage.orfeve.com\/#website","url":"https:\/\/stage.orfeve.com\/","name":"ORF\u00c8VE","description":"Manufacture Suisse de Cacao et Chocolat Bean to Bar","publisher":{"@id":"https:\/\/stage.orfeve.com\/#organization"},"potentialAction":[{"@type":"SearchAction","target":{"@type":"EntryPoint","urlTemplate":"https:\/\/stage.orfeve.com\/?s={search_term_string}"},"query-input":{"@type":"PropertyValueSpecification","valueRequired":true,"valueName":"search_term_string"}}],"inLanguage":"de"},{"@type":"Organization","@id":"https:\/\/stage.orfeve.com\/#organization","name":"ORF\u00c8VE","url":"https:\/\/stage.orfeve.com\/","logo":{"@type":"ImageObject","inLanguage":"de","@id":"https:\/\/stage.orfeve.com\/#\/schema\/logo\/image\/","url":"https:\/\/orfeve.com\/wp-content\/uploads\/2021\/05\/Orfeve-Manufacture-Suisse-de-Cacao-et-Chocolat-logo.jpeg","contentUrl":"https:\/\/orfeve.com\/wp-content\/uploads\/2021\/05\/Orfeve-Manufacture-Suisse-de-Cacao-et-Chocolat-logo.jpeg","width":427,"height":170,"caption":"ORF\u00c8VE"},"image":{"@id":"https:\/\/stage.orfeve.com\/#\/schema\/logo\/image\/"},"sameAs":["https:\/\/www.facebook.com\/orfevechocolat\/","https:\/\/x.com\/orfeve_Chocolat","https:\/\/www.instagram.com\/orfeve_chocolat\/","https:\/\/www.linkedin.com\/company\/orfeve\/"]}]}},"_links":{"self":[{"href":"https:\/\/stage.orfeve.com\/de\/wp-json\/wp\/v2\/pages\/21063","targetHints":{"allow":["GET"]}}],"collection":[{"href":"https:\/\/stage.orfeve.com\/de\/wp-json\/wp\/v2\/pages"}],"about":[{"href":"https:\/\/stage.orfeve.com\/de\/wp-json\/wp\/v2\/types\/page"}],"author":[{"embeddable":true,"href":"https:\/\/stage.orfeve.com\/de\/wp-json\/wp\/v2\/users\/1"}],"replies":[{"embeddable":true,"href":"https:\/\/stage.orfeve.com\/de\/wp-json\/wp\/v2\/comments?post=21063"}],"version-history":[{"count":0,"href":"https:\/\/stage.orfeve.com\/de\/wp-json\/wp\/v2\/pages\/21063\/revisions"}],"wp:attachment":[{"href":"https:\/\/stage.orfeve.com\/de\/wp-json\/wp\/v2\/media?parent=21063"}],"curies":[{"name":"wp","href":"https:\/\/api.w.org\/{rel}","templated":true}]}}