{"id":21067,"date":"2021-09-14T11:37:33","date_gmt":"2021-09-14T09:37:33","guid":{"rendered":"https:\/\/orfeve.com\/kontakt\/"},"modified":"2024-12-11T13:09:50","modified_gmt":"2024-12-11T12:09:50","slug":"kontakt","status":"publish","type":"page","link":"https:\/\/stage.orfeve.com\/de\/kontakt\/","title":{"rendered":"Kontakt"},"content":{"rendered":"\n\n  <div class=\"banner has-hover\" id=\"banner-183669876\">\n          <div class=\"banner-inner fill\">\n        <div class=\"banner-bg fill\" >\n            <img decoding=\"async\" width=\"1020\" height=\"765\" src=\"https:\/\/stage.orfeve.com\/wp-content\/uploads\/2021\/05\/ORFEVE-Manufacture-Suisse-de-Cacao-et-Chocolat_Geneve-1067x800.jpg\" class=\"bg attachment-large size-large\" alt=\"Manufacture Orf\u00e8ve\" \/>                                    \n                    <\/div>\n\t\t\n        <div class=\"banner-layers container\">\n            <div class=\"fill banner-link\"><\/div>            \n\n   <div id=\"text-box-598057608\" class=\"text-box banner-layer x50 md-x50 lg-x50 y50 md-y50 lg-y50 res-text\">\n                                <div class=\"text-box-content text dark\">\n              \n              <div class=\"text-inner text-center\">\n                  \n\n\n              <\/div>\n           <\/div>\n                            \n<style>\n#text-box-598057608 {\n  width: 60%;\n}\n#text-box-598057608 .text-box-content {\n  font-size: 100%;\n}\n@media (min-width:550px) {\n  #text-box-598057608 {\n    width: 60%;\n  }\n}\n<\/style>\n    <\/div>\n \n\n        <\/div>\n      <\/div>\n\n            \n<style>\n#banner-183669876 {\n  padding-top: 48%;\n}\n<\/style>\n  <\/div>\n\n\n\n\t<section class=\"section\" id=\"section_1392866816\">\n\t\t<div class=\"section-bg fill\" >\n\t\t\t\t\t\t\t\t\t\n\t\t\t\n\n\t\t<\/div>\n\n\t\t\n\n\t\t<div class=\"section-content relative\">\n\t\t\t\n\n<div class=\"row\"  id=\"row-1963148201\">\n\n\n\t<div id=\"col-1019310951\" class=\"col small-12 large-12\"  >\n\t\t\t\t<div class=\"col-inner text-center\"  >\n\t\t\t\n\t\t\t\n\n\t<div id=\"text-444956931\" class=\"text\">\n\t\t\n\n<h1 class=\"uppercase\">KONTAKTIEREN SIE UNS<\/h1>\n\t\t\n<style>\n#text-444956931 {\n  font-size: 1.5rem;\n  line-height: 1.75;\n}\n<\/style>\n\t<\/div>\n\t\n\n\t\t<\/div>\n\t\t\t\t\t<\/div>\n\n\t\n\n\t<div id=\"col-1866138141\" class=\"col medium-7 large-7 col-divided\"  >\n\t\t\t\t<div class=\"col-inner box-shadow-2 dark\" style=\"background-color:#555555;\" >\n\t\t\t\n\t\t\t\n\n<div class=\"container section-title-container\" ><h3 class=\"section-title section-title-normal\"><b><\/b><span class=\"section-title-main\" style=\"font-size:112%;\">Haben Sie Fragen zum Versand?<\/span><b><\/b><\/h3><\/div>\n\n<div class=\"accordion\">\n\n\t<div id=\"accordion-1475042178\" class=\"accordion-item\">\n\t\t<a id=\"accordion-1475042178-label\" class=\"accordion-title plain\" href=\"#accordion-item-wie-hoch-sind-die-versandkosten-f\u00fcr-bestellungen-im-online-shop?\" aria-expanded=\"false\" aria-controls=\"accordion-1475042178-content\" >\n\t\t\t<button class=\"toggle\" aria-label=\"Toggle\"><i class=\"icon-angle-down\"><\/i><\/button>\n\t\t\t<span>Wie hoch sind die Versandkosten f\u00fcr Bestellungen im Online-Shop?<\/span>\n\t\t<\/a>\n\t\t<div id=\"accordion-1475042178-content\" class=\"accordion-inner\" aria-labelledby=\"accordion-1475042178-label\" >\n\t\t\t\n\n<p>Der Versand ist in der Schweiz und in Liechtenstein kostenlos. Er ist au\u00dferhalb der Schweiz f\u00fcr Bestellungen ab CHF 250.- kostenlos.<\/p>\n<p>F\u00fcr weitere Informationen:<br \/><a href=\"https:\/\/orfeve.com\/de\/versandkosten-und-lieferzeiten\/\" target=\"_blank\" rel=\"noopener noreferrer\"><span style=\"color: #b1a05b;\">Versandkosten und Lieferzeiten<\/span><\/a><\/p>\n\n\t\t<\/div>\n\t<\/div>\n\t\n\t<div id=\"accordion-2550792108\" class=\"accordion-item\">\n\t\t<a id=\"accordion-2550792108-label\" class=\"accordion-title plain\" href=\"#accordion-item-gibt-es-zus\u00e4tzliche-geb\u00fchren-f\u00fcr-den-versand-au\u00dferhalb-der-schweiz?\" aria-expanded=\"false\" aria-controls=\"accordion-2550792108-content\" >\n\t\t\t<button class=\"toggle\" aria-label=\"Toggle\"><i class=\"icon-angle-down\"><\/i><\/button>\n\t\t\t<span>Gibt es zus\u00e4tzliche Geb\u00fchren f\u00fcr den Versand au\u00dferhalb der Schweiz?<\/span>\n\t\t<\/a>\n\t\t<div id=\"accordion-2550792108-content\" class=\"accordion-inner\" aria-labelledby=\"accordion-2550792108-label\" >\n\t\t\t\n\n<p>Nein, alle Zoll- und Mehrwertsteuerkosten f\u00fcr das Bestimmungsland sind im zum Zeitpunkt der Bestellung angegebenen Preis enthalten. <\/p>\n\n\t\t<\/div>\n\t<\/div>\n\t\n\t<div id=\"accordion-163033809\" class=\"accordion-item\">\n\t\t<a id=\"accordion-163033809-label\" class=\"accordion-title plain\" href=\"#accordion-item-welche-zahlungsarten-werden-im-online-shop-akzeptiert?\" aria-expanded=\"false\" aria-controls=\"accordion-163033809-content\" >\n\t\t\t<button class=\"toggle\" aria-label=\"Toggle\"><i class=\"icon-angle-down\"><\/i><\/button>\n\t\t\t<span>Welche Zahlungsarten werden im Online-Shop akzeptiert?<\/span>\n\t\t<\/a>\n\t\t<div id=\"accordion-163033809-content\" class=\"accordion-inner\" aria-labelledby=\"accordion-163033809-label\" >\n\t\t\t\n\n<p>Es kann mit Paypal, VISA, Mastercard, American Express und Apple Pay bezahlt werden.<\/p>\n\n\t\t<\/div>\n\t<\/div>\n\t\n\t<div id=\"accordion-673251993\" class=\"accordion-item\">\n\t\t<a id=\"accordion-673251993-label\" class=\"accordion-title plain\" href=\"#accordion-item-wie-lange-dauert-die-lieferung?\" aria-expanded=\"false\" aria-controls=\"accordion-673251993-content\" >\n\t\t\t<button class=\"toggle\" aria-label=\"Toggle\"><i class=\"icon-angle-down\"><\/i><\/button>\n\t\t\t<span>Wie lange dauert die Lieferung?<\/span>\n\t\t<\/a>\n\t\t<div id=\"accordion-673251993-content\" class=\"accordion-inner\" aria-labelledby=\"accordion-673251993-label\" >\n\t\t\t\n\n<p>Der Versand erfolgt in derselben Woche, in der die Bestellung eingegangen ist.<\/p>\n<p>Angaben zu den Lieferzeiten:<\/p>\n<ul>\n<li><strong>Schweiz und Liechtenstein<\/strong>: am n\u00e4chsten Werktag nach Versand<\/li>\n<li><strong>Andere L\u00e4nder<\/strong>: morgens, am n\u00e4chsten Werktag nach dem Versand in den meisten gr\u00f6\u00dferen St\u00e4dten. 2 oder 3 Tage in anderen Regionen.<\/li>\n<\/ul>\n<p>Alle Bestellungen, die nach Donnerstagmittag aufgegeben werden, werden am folgenden Montag versandt.<\/p>\n<p>F\u00fcr weitere Informationen:<br \/><a href=\"https:\/\/orfeve.com\/de\/versandkosten-und-lieferzeiten\/\" target=\"_blank\" rel=\"noopener noreferrer\"><span style=\"color: #b1a05b;\">Versandkosten und Lieferzeiten<\/span><\/a><\/p>\n\n\t\t<\/div>\n\t<\/div>\n\t\n\t<div id=\"accordion-1455934133\" class=\"accordion-item\">\n\t\t<a id=\"accordion-1455934133-label\" class=\"accordion-title plain\" href=\"#accordion-item-ist-der-einkauf-im-online-shop-sicher?-sind-meine-daten-gesch\u00fctzt?\" aria-expanded=\"false\" aria-controls=\"accordion-1455934133-content\" >\n\t\t\t<button class=\"toggle\" aria-label=\"Toggle\"><i class=\"icon-angle-down\"><\/i><\/button>\n\t\t\t<span>Ist der Einkauf im Online-Shop sicher? Sind meine Daten gesch\u00fctzt?<\/span>\n\t\t<\/a>\n\t\t<div id=\"accordion-1455934133-content\" class=\"accordion-inner\" aria-labelledby=\"accordion-1455934133-label\" >\n\t\t\t\n\n<p>ORF\u00c8VE garantiert die absolute Vertraulichkeit der Bankdaten. Sie werden durch das SSL-Protokoll gesichert, das automatisch die G\u00fcltigkeit der Zugriffsrechte bei der Zahlung mit Kreditkarte \u00fcberpr\u00fcft und den gesamten Datenaustausch verschl\u00fcsselt, um die Vertraulichkeit zu gew\u00e4hrleisten.<\/p>\n<p>F\u00fcr weitere Informationen:<br \/><a href=\"https:\/\/orfeve.com\/de\/agb\/\" target=\"_blank\" rel=\"noopener noreferrer\"><span style=\"color: #b1a05b;\">Allgemeine Gesch\u00e4ftsbedingungen<\/span><\/a><\/p>\n\n\t\t<\/div>\n\t<\/div>\n\t\n\t<div id=\"accordion-3781947767\" class=\"accordion-item\">\n\t\t<a id=\"accordion-3781947767-label\" class=\"accordion-title plain\" href=\"#accordion-item-was-genau-passiert-nach-der-bestellung?\" aria-expanded=\"false\" aria-controls=\"accordion-3781947767-content\" >\n\t\t\t<button class=\"toggle\" aria-label=\"Toggle\"><i class=\"icon-angle-down\"><\/i><\/button>\n\t\t\t<span>Was genau passiert nach der Bestellung?<\/span>\n\t\t<\/a>\n\t\t<div id=\"accordion-3781947767-content\" class=\"accordion-inner\" aria-labelledby=\"accordion-3781947767-label\" >\n\t\t\t\n\n<p>Nach Ihrer Zahlung erhalten Sie eine E-Mail mit einer Zusammenfassung der wichtigsten Informationen zu Ihrer Bestellung und der dazugeh\u00f6rigen Rechnung.<\/p>\n<p>Sie erhalten eine zweite E-Mail, die Sie dar\u00fcber informiert, dass Ihre Bestellung versandt wurde.<\/p>\n<p>Diese E-Mail enth\u00e4lt die Tracking-Nummer des Versanddienstes f\u00fcr das Versandst\u00fcck f\u00fcr alle Bestellungen au\u00dferhalb der Schweiz und f\u00fcr alle Bestellungen von mehr als vier Tafeln in der Schweiz.<\/p>\n\n\t\t<\/div>\n\t<\/div>\n\t\n\t<div id=\"accordion-736574836\" class=\"accordion-item\">\n\t\t<a id=\"accordion-736574836-label\" class=\"accordion-title plain\" href=\"#accordion-item-erhalte-ich-eine-rechnung-f\u00fcr-meine-bestellung?\" aria-expanded=\"false\" aria-controls=\"accordion-736574836-content\" >\n\t\t\t<button class=\"toggle\" aria-label=\"Toggle\"><i class=\"icon-angle-down\"><\/i><\/button>\n\t\t\t<span>Erhalte ich eine Rechnung f\u00fcr meine Bestellung?<\/span>\n\t\t<\/a>\n\t\t<div id=\"accordion-736574836-content\" class=\"accordion-inner\" aria-labelledby=\"accordion-736574836-label\" >\n\t\t\t\n\n<p>Die Rechnung f\u00fcr die aufgegebene Bestellung wird Ihnen mit der Best\u00e4tigungs-E-Mail zugesandt. Sie ist auch im Bereich \u201eMein Konto\u201c verf\u00fcgbar.<\/p>\n\n\t\t<\/div>\n\t<\/div>\n\t\n\n<\/div>\n\n\t\t<\/div>\n\t\t\t\t\n<style>\n#col-1866138141 > .col-inner {\n  padding: 20px 0px 20px 30px;\n  margin: 0px 0 0px 0px;\n}\n<\/style>\n\t<\/div>\n\n\t\n\n\t<div id=\"col-20558165\" class=\"col medium-5 large-5\"  >\n\t\t\t\t<div class=\"col-inner text-left\"  >\n\t\t\t\n\t\t\t\n\n<div class=\"container section-title-container\" ><h3 class=\"section-title section-title-normal\"><b><\/b><span class=\"section-title-main\" style=\"font-size:114%;\">UNS ZU SCHREIBEN<\/span><b><\/b><\/h3><\/div>\n\n<p style=\"text-align: center;\"><strong>ORF\u00c8VE<\/strong> <br \/>Route de la Maison-Carr\u00e9e 32 <br \/>1242 Satigny \u2013 Suisse <br \/>info@orfeve.com<br \/>+41 22 830 23 23<\/p>\n\t<div id=\"gap-1913140287\" class=\"gap-element clearfix\" style=\"display:block; height:auto;\">\n\t\t\n<style>\n#gap-1913140287 {\n  padding-top: 30px;\n}\n<\/style>\n\t<\/div>\n\t\n\n<div class=\"container section-title-container\" ><h3 class=\"section-title section-title-normal\"><b><\/b><span class=\"section-title-main\" style=\"font-size:112%;\">UM UNSERE SCHOKOLADEN ZU KAUFEN<\/span><b><\/b><\/h3><\/div>\n\n<p style=\"text-align: left;\">Unsere Manufaktur ist leider nicht f\u00fcr die \u00d6ffentlichkeit zug\u00e4nglich und wir haben keinen Fabrikladen.<\/p>\n<p>Unsere Schokoladen sind \u00fcber unsere <a href=\"https:\/\/orfeve.com\/shop\/\" target=\"_blank\" rel=\"noopener noreferrer\"><span style=\"color: #b1a05b;\">E-Boutique<\/span><\/a> und bei unseren <a href=\"https:\/\/orfeve.com\/de\/resellers\/\" target=\"_blank\" rel=\"noopener noreferrer\"><span style=\"color: #b1a05b;\">Partnern<\/span> erh\u00e4ltlich<\/a>.<\/p>\n\n\n\t\t<\/div>\n\t\t\t\t\n<style>\n#col-20558165 > .col-inner {\n  padding: 20px 0px 0px 0px;\n}\n<\/style>\n\t<\/div>\n\n\t\n\n<\/div>\n\n\t\t<\/div>\n\n\t\t\n<style>\n#section_1392866816 {\n  padding-top: 30px;\n  padding-bottom: 30px;\n  background-color: rgb(245, 245, 245);\n}\n<\/style>\n\t<\/section>\n\t\n\n","protected":false},"excerpt":{"rendered":"","protected":false},"author":1,"featured_media":0,"parent":0,"menu_order":0,"comment_status":"closed","ping_status":"closed","template":"page-transparent-header-light.php","meta":{"footnotes":""},"class_list":["post-21067","page","type-page","status-publish","hentry"],"yoast_head":"<!-- This site is optimized with the Yoast SEO Premium plugin v22.4 (Yoast SEO v24.6) - https:\/\/yoast.com\/wordpress\/plugins\/seo\/ -->\n<title>Kontakt - ORF\u00c8VE<\/title>\n<meta name=\"description\" content=\"Wenden Sie sich an die Manufaktur ORF\u00c8VE, wenn Sie Informationen zum Unternehmen oder zu den 100% Bean-to-Bar-Produkten w\u00fcnschen.\" \/>\n<meta name=\"robots\" content=\"index, follow, max-snippet:-1, max-image-preview:large, max-video-preview:-1\" \/>\n<link rel=\"canonical\" href=\"https:\/\/stage.orfeve.com\/contact\/\" \/>\n<meta property=\"og:locale\" content=\"de_DE\" \/>\n<meta property=\"og:type\" content=\"article\" \/>\n<meta property=\"og:title\" content=\"Kontakt\" \/>\n<meta property=\"og:description\" content=\"Wenden Sie sich an die Manufaktur ORF\u00c8VE, wenn Sie Informationen zum Unternehmen oder zu den 100% Bean-to-Bar-Produkten w\u00fcnschen.\" \/>\n<meta property=\"og:url\" content=\"https:\/\/stage.orfeve.com\/contact\/\" \/>\n<meta property=\"og:site_name\" content=\"ORF\u00c8VE\" \/>\n<meta property=\"article:publisher\" content=\"https:\/\/www.facebook.com\/orfevechocolat\/\" \/>\n<meta property=\"article:modified_time\" content=\"2024-12-11T12:09:50+00:00\" \/>\n<meta name=\"twitter:card\" content=\"summary_large_image\" \/>\n<meta name=\"twitter:site\" content=\"@orfeve_Chocolat\" \/>\n<meta name=\"twitter:label1\" content=\"Gesch\u00e4tzte Lesezeit\" \/>\n\t<meta name=\"twitter:data1\" content=\"2\u00a0Minuten\" \/>\n<script type=\"application\/ld+json\" class=\"yoast-schema-graph\">{\"@context\":\"https:\/\/schema.org\",\"@graph\":[{\"@type\":\"WebPage\",\"@id\":\"https:\/\/stage.orfeve.com\/contact\/\",\"url\":\"https:\/\/stage.orfeve.com\/contact\/\",\"name\":\"Kontakt - ORF\u00c8VE\",\"isPartOf\":{\"@id\":\"https:\/\/stage.orfeve.com\/#website\"},\"datePublished\":\"2021-09-14T09:37:33+00:00\",\"dateModified\":\"2024-12-11T12:09:50+00:00\",\"description\":\"Wenden Sie sich an die Manufaktur ORF\u00c8VE, wenn Sie Informationen zum Unternehmen oder zu den 100% Bean-to-Bar-Produkten w\u00fcnschen.\",\"breadcrumb\":{\"@id\":\"https:\/\/stage.orfeve.com\/contact\/#breadcrumb\"},\"inLanguage\":\"de\",\"potentialAction\":[{\"@type\":\"ReadAction\",\"target\":[\"https:\/\/stage.orfeve.com\/contact\/\"]}]},{\"@type\":\"BreadcrumbList\",\"@id\":\"https:\/\/stage.orfeve.com\/contact\/#breadcrumb\",\"itemListElement\":[{\"@type\":\"ListItem\",\"position\":1,\"name\":\"Home\",\"item\":\"https:\/\/stage.orfeve.com\/de\/\"},{\"@type\":\"ListItem\",\"position\":2,\"name\":\"Kontakt\"}]},{\"@type\":\"WebSite\",\"@id\":\"https:\/\/stage.orfeve.com\/#website\",\"url\":\"https:\/\/stage.orfeve.com\/\",\"name\":\"ORF\u00c8VE\",\"description\":\"Manufacture Suisse de Cacao et Chocolat Bean to Bar\",\"publisher\":{\"@id\":\"https:\/\/stage.orfeve.com\/#organization\"},\"potentialAction\":[{\"@type\":\"SearchAction\",\"target\":{\"@type\":\"EntryPoint\",\"urlTemplate\":\"https:\/\/stage.orfeve.com\/?s={search_term_string}\"},\"query-input\":{\"@type\":\"PropertyValueSpecification\",\"valueRequired\":true,\"valueName\":\"search_term_string\"}}],\"inLanguage\":\"de\"},{\"@type\":\"Organization\",\"@id\":\"https:\/\/stage.orfeve.com\/#organization\",\"name\":\"ORF\u00c8VE\",\"url\":\"https:\/\/stage.orfeve.com\/\",\"logo\":{\"@type\":\"ImageObject\",\"inLanguage\":\"de\",\"@id\":\"https:\/\/stage.orfeve.com\/#\/schema\/logo\/image\/\",\"url\":\"https:\/\/orfeve.com\/wp-content\/uploads\/2021\/05\/Orfeve-Manufacture-Suisse-de-Cacao-et-Chocolat-logo.jpeg\",\"contentUrl\":\"https:\/\/orfeve.com\/wp-content\/uploads\/2021\/05\/Orfeve-Manufacture-Suisse-de-Cacao-et-Chocolat-logo.jpeg\",\"width\":427,\"height\":170,\"caption\":\"ORF\u00c8VE\"},\"image\":{\"@id\":\"https:\/\/stage.orfeve.com\/#\/schema\/logo\/image\/\"},\"sameAs\":[\"https:\/\/www.facebook.com\/orfevechocolat\/\",\"https:\/\/x.com\/orfeve_Chocolat\",\"https:\/\/www.instagram.com\/orfeve_chocolat\/\",\"https:\/\/www.linkedin.com\/company\/orfeve\/\"]}]}<\/script>\n<!-- \/ Yoast SEO Premium plugin. -->","yoast_head_json":{"title":"Kontakt - ORF\u00c8VE","description":"Wenden Sie sich an die Manufaktur ORF\u00c8VE, wenn Sie Informationen zum Unternehmen oder zu den 100% Bean-to-Bar-Produkten w\u00fcnschen.","robots":{"index":"index","follow":"follow","max-snippet":"max-snippet:-1","max-image-preview":"max-image-preview:large","max-video-preview":"max-video-preview:-1"},"canonical":"https:\/\/stage.orfeve.com\/contact\/","og_locale":"de_DE","og_type":"article","og_title":"Kontakt","og_description":"Wenden Sie sich an die Manufaktur ORF\u00c8VE, wenn Sie Informationen zum Unternehmen oder zu den 100% Bean-to-Bar-Produkten w\u00fcnschen.","og_url":"https:\/\/stage.orfeve.com\/contact\/","og_site_name":"ORF\u00c8VE","article_publisher":"https:\/\/www.facebook.com\/orfevechocolat\/","article_modified_time":"2024-12-11T12:09:50+00:00","twitter_card":"summary_large_image","twitter_site":"@orfeve_Chocolat","twitter_misc":{"Gesch\u00e4tzte Lesezeit":"2\u00a0Minuten"},"schema":{"@context":"https:\/\/schema.org","@graph":[{"@type":"WebPage","@id":"https:\/\/stage.orfeve.com\/contact\/","url":"https:\/\/stage.orfeve.com\/contact\/","name":"Kontakt - ORF\u00c8VE","isPartOf":{"@id":"https:\/\/stage.orfeve.com\/#website"},"datePublished":"2021-09-14T09:37:33+00:00","dateModified":"2024-12-11T12:09:50+00:00","description":"Wenden Sie sich an die Manufaktur ORF\u00c8VE, wenn Sie Informationen zum Unternehmen oder zu den 100% Bean-to-Bar-Produkten w\u00fcnschen.","breadcrumb":{"@id":"https:\/\/stage.orfeve.com\/contact\/#breadcrumb"},"inLanguage":"de","potentialAction":[{"@type":"ReadAction","target":["https:\/\/stage.orfeve.com\/contact\/"]}]},{"@type":"BreadcrumbList","@id":"https:\/\/stage.orfeve.com\/contact\/#breadcrumb","itemListElement":[{"@type":"ListItem","position":1,"name":"Home","item":"https:\/\/stage.orfeve.com\/de\/"},{"@type":"ListItem","position":2,"name":"Kontakt"}]},{"@type":"WebSite","@id":"https:\/\/stage.orfeve.com\/#website","url":"https:\/\/stage.orfeve.com\/","name":"ORF\u00c8VE","description":"Manufacture Suisse de Cacao et Chocolat Bean to Bar","publisher":{"@id":"https:\/\/stage.orfeve.com\/#organization"},"potentialAction":[{"@type":"SearchAction","target":{"@type":"EntryPoint","urlTemplate":"https:\/\/stage.orfeve.com\/?s={search_term_string}"},"query-input":{"@type":"PropertyValueSpecification","valueRequired":true,"valueName":"search_term_string"}}],"inLanguage":"de"},{"@type":"Organization","@id":"https:\/\/stage.orfeve.com\/#organization","name":"ORF\u00c8VE","url":"https:\/\/stage.orfeve.com\/","logo":{"@type":"ImageObject","inLanguage":"de","@id":"https:\/\/stage.orfeve.com\/#\/schema\/logo\/image\/","url":"https:\/\/orfeve.com\/wp-content\/uploads\/2021\/05\/Orfeve-Manufacture-Suisse-de-Cacao-et-Chocolat-logo.jpeg","contentUrl":"https:\/\/orfeve.com\/wp-content\/uploads\/2021\/05\/Orfeve-Manufacture-Suisse-de-Cacao-et-Chocolat-logo.jpeg","width":427,"height":170,"caption":"ORF\u00c8VE"},"image":{"@id":"https:\/\/stage.orfeve.com\/#\/schema\/logo\/image\/"},"sameAs":["https:\/\/www.facebook.com\/orfevechocolat\/","https:\/\/x.com\/orfeve_Chocolat","https:\/\/www.instagram.com\/orfeve_chocolat\/","https:\/\/www.linkedin.com\/company\/orfeve\/"]}]}},"_links":{"self":[{"href":"https:\/\/stage.orfeve.com\/de\/wp-json\/wp\/v2\/pages\/21067","targetHints":{"allow":["GET"]}}],"collection":[{"href":"https:\/\/stage.orfeve.com\/de\/wp-json\/wp\/v2\/pages"}],"about":[{"href":"https:\/\/stage.orfeve.com\/de\/wp-json\/wp\/v2\/types\/page"}],"author":[{"embeddable":true,"href":"https:\/\/stage.orfeve.com\/de\/wp-json\/wp\/v2\/users\/1"}],"replies":[{"embeddable":true,"href":"https:\/\/stage.orfeve.com\/de\/wp-json\/wp\/v2\/comments?post=21067"}],"version-history":[{"count":0,"href":"https:\/\/stage.orfeve.com\/de\/wp-json\/wp\/v2\/pages\/21067\/revisions"}],"wp:attachment":[{"href":"https:\/\/stage.orfeve.com\/de\/wp-json\/wp\/v2\/media?parent=21067"}],"curies":[{"name":"wp","href":"https:\/\/api.w.org\/{rel}","templated":true}]}}