{"id":21087,"date":"2021-09-14T12:35:27","date_gmt":"2021-09-14T10:35:27","guid":{"rendered":"https:\/\/orfeve.com\/datenschutzerklaerung\/"},"modified":"2023-08-14T15:47:26","modified_gmt":"2023-08-14T13:47:26","slug":"datenschutzerklaerung","status":"publish","type":"page","link":"https:\/\/stage.orfeve.com\/de\/datenschutzerklaerung\/","title":{"rendered":"DATENSCHUTZERKL\u00c4RUNG"},"content":{"rendered":"\n<h1 id=\"mce_4\"><strong>DATENSCHUTZERKL\u00c4RUNG<\/strong><\/h1>\n\n<p>Die Website www.orfeve.com (nachstehend \u201eWebsite\u201c) wird von ORF\u00c8VE bearbeitet und ver\u00f6ffentlicht. Weitere Informationen \u00fcber unser Unternehmen und andere Bedingungen, die den Zugang zu unserer Website und unseren Dienstleistungen regeln, finden Sie in unseren <a rel=\"noreferrer noopener\" href=\"https:\/\/orfeve.com\/de\/impressum\/\" target=\"_blank\">rechtlichen Hinweisen<\/a>:<\/p>\n\n<ul class=\"wp-block-list\">\n<li><a rel=\"noreferrer noopener\" href=\"https:\/\/orfeve.com\/de\/impressum\/\" target=\"_blank\">Impressum <\/a>;<\/li>\n\n\n\n<li><a rel=\"noreferrer noopener\" href=\"https:\/\/orfeve.com\/de\/nutzungsbedingungen\/\" target=\"_blank\">Nutzungsbedingungen <\/a>;<\/li>\n\n\n\n<li><a rel=\"noreferrer noopener\" href=\"https:\/\/orfeve.com\/de\/datenschutzerklaerung\/\" target=\"_blank\">Datenschutzerkl\u00e4rung <\/a>;<\/li>\n\n\n\n<li><a rel=\"noreferrer noopener\" href=\"https:\/\/orfeve.com\/de\/hinweise-zur-verwaltung-von-cookies\/\" target=\"_blank\">Hinweise zur Verwaltung von Cookies <\/a>;<\/li>\n<\/ul>\n\n<p>Durch die Nutzung unserer Website erkl\u00e4ren Sie Ihr Einverst\u00e4ndnis und Ihre Zustimmung zu allen diesen Bedingungen. Wenn Sie diesen Bedingungen nicht zustimmen, ist es Ihnen nicht gestattet, die Website und unsere Dienste weiter zu nutzen.<\/p>\n\n<h3 class=\"wp-block-heading\" id=\"mce_4\"><strong>1. VORBEMERKUNGEN<\/strong><\/h3>\n\n<p>Wenn Sie unsere Produkte und Dienstleistungen per E-Mail oder \u00fcber unsere Website bestellen, m\u00fcssen Sie auch die geltenden <a href=\"https:\/\/orfeve.com\/de\/agb\/\" target=\"_blank\" rel=\"noreferrer noopener\">Allgemeine Gesch\u00e4ftsbedingungen<\/a> lesen und akzeptieren, die die Bedingungen f\u00fcr alle Bestellungen von Produkten und Dienstleistungen regeln.<\/p>\n\n<p>ORF\u00c8VE respektiert Ihr Recht auf Privatsph\u00e4re in der Online-Welt, wenn Sie unsere Website nutzen und auch, wenn Sie uns bei einer in unserem Unternehmen organisierten Veranstaltung oder in unserer Anwesenheit bei einem Partner besuchen.<\/p>\n\n<p>In dieser Datenschutzerkl\u00e4rung wird erl\u00e4utert, wie und f\u00fcr welche Zwecke wir die Daten verwenden, die wir \u00fcber unsere Website oder im Rahmen von Offline-Programmen oder -Veranstaltungen \u00fcber Sie erhoben haben.<\/p>\n\n<p>Wir empfehlen Ihnen, unsere Datenschutzerkl\u00e4rung regelm\u00e4\u00dfig zu lesen, um sich \u00fcber eventuelle Aktualisierungen zu informieren.<\/p>\n\n<h3 class=\"wp-block-heading\" id=\"mce_4\"><strong>2. DER F\u00dcR DIE VERARBEITUNG VERANTWORTLICHE<\/strong><\/h3>\n\n<p><strong>Orf\u00e8ve<\/strong> <strong>S\u00e0rl<\/strong><br\/>Route de la Maison-Carr\u00e9e 32<br\/>1242 Satigny \u2013 SCHWEIZ<\/p>\n\n<p>Eingetragen im Handelsregister des Kantons Genf<br\/>N\u00b0 IDE &amp; TVA : CHE 361.232.392<\/p>\n\n<p><strong>Verantwortlich f\u00fcr den Inhalt der Website:<\/strong>Frau Caroline Buechler und Herr Fran\u00e7ois Xavier Mousin<\/p>\n\n<p><strong>Kontakt:<\/strong><br\/>&#8211; Telefon: <a href=\"tel:+41%2022%20830%2023%2023\">+41 22 830 23 23<\/a><br\/>&#8211; E-Mail : <a href=\"mailto:info@orfeve.com\">info@orfeve.com<\/a><\/p>\n\n<p>Die gesamte Verarbeitung personenbezogener Daten, die im Rahmen der von ORF\u00c8VE auf der Website angebotenen Dienstleistungen erfolgt, wird in \u00dcbereinstimmung mit dem Bundesdatenschutzgesetz durchgef\u00fchrt.<\/p>\n\n<h3 class=\"wp-block-heading\" id=\"mce_4\"><strong>3. IHR EINVERST\u00c4NDNIS<\/strong><\/h3>\n\n<p>Indem Sie auf unserer Website surfen oder uns Ihre personenbezogenen Daten mitteilen, erkl\u00e4ren Sie sich mit den in dieser Datenschutzerkl\u00e4rung beschriebenen Regeln einverstanden. Wenn Sie mit diesen Regeln nicht einverstanden sind, bitten wir Sie, unsere Website nicht zu nutzen oder zu besuchen und uns Ihre personenbezogenen Daten nicht zur Verf\u00fcgung zu stellen.<\/p>\n\n<h3 class=\"wp-block-heading\" id=\"mce_4\"><strong>4. DIE ERHOBENEN DATEN<\/strong><\/h3>\n\n<p>Wir erheben nur personenbezogene Daten, die Sie uns bereitwillig mitteilen, die sich aus Ihren Handlungen auf unserer Website ergeben und die wir ben\u00f6tigen, um Ihnen unsere Dienste anzubieten oder diese zu verbessern, oder aus einem anderen berechtigten Grund.<\/p>\n\n<ul class=\"wp-block-list\">\n<li>Direkte personenbezogene Daten wie Name, Vorname, Wohnanschrift, E-Mail-Adresse, Telefonnummer, Geschlecht oder geografischer Standort;<\/li>\n\n\n\n<li>Anmeldeinformationen f\u00fcr Ihr Konto oder Ihre Bestellungen;<\/li>\n\n\n\n<li>Zahlungsinformationen, wie Kreditkarte und Rechnungsadresse;<\/li>\n\n\n\n<li>Ihre Kommentare einschlie\u00dflich Fotos, Videos und Geschichten, die Sie mit uns teilen;<\/li>\n\n\n\n<li>Ihre Pr\u00e4ferenzen in Bezug auf unsere Produkte.<\/li>\n<\/ul>\n\n<p>Wir verwenden Cookies, d. h. Dateien, die auf Ihrem Computer gespeichert werden, wenn Sie unsere Website besuchen, und die bestimmte Informationen erfassen k\u00f6nnen, wie z. B. Ihre IP-Adresse oder Ihre Browser-Einstellungen. Weitere Informationen finden Sie in unseren <a href=\"https:\/\/orfeve.com\/de\/hinweise-zur-verwaltung-von-cookies\/\" target=\"_blank\" rel=\"noreferrer noopener\">Hinweisen zur Verwaltung von Cookies<\/a>.<\/p>\n\n<p>Wir k\u00f6nnen personenbezogene Daten von dritten Datenaggregatoren (z. B. Google), Werbepartnern, \u00f6ffentlichen Quellen und sozialen Netzwerken erheben. Diese Informationen k\u00f6nnen personenbezogene Daten aus Ihrem Profil in einem sozialen Netzwerk enthalten, deren Weitergabe an uns Sie diesem Netzwerk in \u00dcbereinstimmung mit seinen Regeln gestatten.<\/p>\n\n<p>Wenn wir soziale Plugins verwenden, k\u00f6nnen wir auch personenbezogene Daten in Verbindung mit Ihren Konten bei sozialen Netzwerken erfassen und verarbeiten. Die Erhebung und Verarbeitung personenbezogener Daten, die uns von diesen sozialen Netzwerken \u00fcbermittelt werden, unterliegen den Datenschutzrichtlinien dieser sozialen Netzwerke und wir bitten Sie, diese zu lesen.<\/p>\n\n<h3 class=\"wp-block-heading\" id=\"mce_4\"><strong>5. WARUM WIR PERSONENBEZOGENE DATEN ERHEBEN UND VERWENDEN<\/strong><\/h3>\n\n<p>Wir k\u00f6nnen Ihre personenbezogenen Daten f\u00fcr eine Reihe von Zwecken erfassen und verwenden, wie zum Beispiel:<\/p>\n\n<ul class=\"wp-block-list\">\n<li>um Ihr Benutzerkonto zu erstellen und darauf zuzugreifen;<\/li>\n\n\n\n<li>um Ihre Bestellungen und Eink\u00e4ufe \u2013 auf vertraglicher Basis \u2013 zu versenden und abzuschlie\u00dfen;<\/li>\n\n\n\n<li>um Ihre Fragen zu beantworten oder Ihre Teilnahme an einem Wettbewerb zu verwalten;<\/li>\n\n\n\n<li>um Sie \u2013 mit Ihrer Zustimmung oder auf der Grundlage Ihrer fr\u00fcheren Eink\u00e4ufe \u2013 zu Marketingzwecken zu kontaktieren;<\/li>\n\n\n\n<li>um die Daten mit Informationen von Dritten zu kombinieren, um Ihre Bed\u00fcrfnisse zu verstehen und Ihnen einen besseren Service zu bieten (z. B. Anpassung der Website, interessenbezogene Werbung);<\/li>\n\n\n\n<li>aus Gr\u00fcnden der Sicherheit und Wartung, f\u00fcr die Bewertung, das Risikomanagement, f\u00fcr Streitf\u00e4lle und f\u00fcr die Archivierung, entsprechend unseren berechtigten Interessen.<\/li>\n<\/ul>\n\n<h3 class=\"wp-block-heading\" id=\"mce_4\"><strong>6. MIT WEM WIR IHRE PERSONENBEZOGENEN DATEN TEILEN<\/strong><\/h3>\n\n<p>Personenbezogene Daten werden im Allgemeinen nicht an Dritte weitergegeben, sondern nur im Rahmen der Bearbeitung Ihrer Anfragen und Bestellungen verarbeitet, wobei ORF\u00c8VE Ihre personenbezogenen Daten berechtigterweise an unsere Unterauftragnehmer weitergibt.<\/p>\n\n<p>Diese Unterauftragnehmer erhalten nur die Daten, die zur Beantwortung Ihrer Anfragen erforderlich sind, und verwenden sie ausschlie\u00dflich zu diesem Zweck.<\/p>\n\n<ul class=\"wp-block-list\">\n<li>WooCommerce &#8211; Unser E-Shop-Dienstleister. Siehe die Datenschutzerkl\u00e4rung von WooCommerce: <a rel=\"noreferrer noopener\" href=\"https:\/\/automattic.com\/privacy\/\" target=\"_blank\">https:\/\/automattic.com\/privacy\/<\/a>;<\/li>\n\n\n\n<li>LA POSTE &#8211; Unser Partner f\u00fcr den Versand Ihrer Bestellungen in der Schweiz und nach Liechtenstein. Siehe die Datenschutzerkl\u00e4rung von LA POSTE : <a rel=\"noreferrer noopener\" href=\"https:\/\/www.post.ch\/fr\/pages\/footer\/protection-des-donnees-et-informations-legales\" target=\"_blank\">https:\/\/www.post.ch\/fr\/pages\/footer\/protection-des-donnees-et-informations-legales<\/a>;<\/li>\n\n\n\n<li>FEDEX &#8211; Unser Partner f\u00fcr den Versand Ihrer Bestellungen in der Schweiz. Siehe die Datenschutzerkl\u00e4rung von FEDEX: <a href=\"https:\/\/www.fedex.com\/en-ch\/privacy-policy.html\" target=\"_blank\" rel=\"noreferrer noopener\">https:\/\/www.fedex.com\/en-ch\/privacy-policy.html<\/a> <\/li>\n\n\n\n<li>STRIPE \u2013 Wir verwenden das elektronische Zahlungsmodul von Stripe f\u00fcr die sichere Online-Zahlung per Kreditkarte. Siehe die Datenschutzerkl\u00e4rung von Stripe : <a rel=\"noreferrer noopener\" href=\"https:\/\/stripe.com\/fr-ch\/privacy\" target=\"_blank\">https:\/\/stripe.com\/fr-ch\/privacy<\/a>;<\/li>\n\n\n\n<li>PAYPAL &#8211; Wir verwenden das elektronische Zahlungsmodul von PAYPAL f\u00fcr Online-Zahlungen \u00fcber deren Service. Siehe die Datenschutzerkl\u00e4rung von PAYPAL : <a href=\"https:\/\/www.paypal.com\/ch\/webapps\/mpp\/ua\/privacy-full?locale.x=fr_CH\" target=\"_blank\" rel=\"noreferrer noopener\">https:\/\/www.paypal.com\/ch\/webapps\/mpp\/ua\/privacy-full?locale.x=fr_CH<\/a><\/li>\n\n\n\n<li>FACEBOOK \u2013 Mit Ihrem Einverst\u00e4ndnis k\u00f6nnen wir Facebook Messenger und WhatsApp von FACEBOOK INC. nutzen, um Sie \u00fcber Ihre Bestellungen zu informieren. Siehe Datenschutzerkl\u00e4rung von Facebook Inc : <a rel=\"noreferrer noopener\" href=\"https:\/\/fr-fr.facebook.com\/privacy\" target=\"_blank\">https:\/\/fr-fr.facebook.com\/privacy<\/a>.<\/li>\n<\/ul>\n\n<h3 class=\"wp-block-heading\" id=\"mce_4\"><strong>7. DIE SICHERHEIT IHRER DATEN<\/strong><\/h3>\n\n<p>Wir treffen alle zumutbaren technischen und organisatorischen Vorkehrungen, um Ihre personenbezogenen Daten vor Verlust, unberechtigtem Zugriff und sonstigen Verst\u00f6\u00dfen zu sch\u00fctzen. Diese Daten werden nicht verkauft oder an Dritte weitergegeben, au\u00dfer in den in dieser Datenschutzerkl\u00e4rung vorgesehenen F\u00e4llen.<\/p>\n\n<p>Wenn die von uns erhobenen personenbezogenen Daten nicht mehr f\u00fcr den gegebenen Zweck oder aufgrund gesetzlicher Bestimmungen erforderlich sind, vernichten oder l\u00f6schen wir sie.<\/p>\n\n<h3 class=\"wp-block-heading\" id=\"mce_4\"><strong>8. IHRE RECHTE<\/strong><\/h3>\n\n<p>Sie haben das Recht auf Auskunft \u00fcber die personenbezogenen Daten, die wir \u00fcber Sie gespeichert haben und k\u00f6nnen uns zur Aus\u00fcbung dieses Rechts unter <a href=\"mailto:info@orfeve.com\">info@orfeve.com<\/a> kontaktieren. Sie k\u00f6nnen Ihre Einwilligung in die Verarbeitung widerrufen und Sie haben das Recht, uns mitzuteilen, dass Sie Ihre personenbezogenen Daten berichtigen, aktualisieren oder aus unseren Archiven l\u00f6schen m\u00f6chten. Damit wir Ihre Anfrage bearbeiten k\u00f6nnen, bitten wir Sie, uns Ihren Namen und Ihre Kontaktdaten mitzuteilen.<\/p>\n\n<p>Sie k\u00f6nnen sich jederzeit abmelden, wenn Sie keine weiteren Nachrichten von uns erhalten m\u00f6chten. Verwenden Sie dazu die Option \u201eAbmelden\u201c am Ende jedes Newsletters, den Sie erhalten, oder kontaktieren Sie uns unter <a href=\"mailto:info@orfeve.com\">info@orfeve.com<\/a>. Sie k\u00f6nnen auch die Verwendung von Tracking-Technologien, wie z. B. Cookies, einschr\u00e4nken, indem Sie Ihren Browser so einstellen, dass er sie akzeptiert oder ablehnt.<\/p>\n\n<p>Letzte Aktualisierung: August 2023<\/p>\n","protected":false},"excerpt":{"rendered":"<p>DATENSCHUTZERKL\u00c4RUNG Die Website www.orfeve.com (nachstehend \u201eWebsite\u201c) wird von ORF\u00c8VE bearbeitet und ver\u00f6ffentlicht. Weitere Informationen \u00fcber unser Unternehmen und andere Bedingungen, die den Zugang zu unserer Website und unseren Dienstleistungen regeln, finden Sie in unseren rechtlichen Hinweisen: Durch die Nutzung unserer Website erkl\u00e4ren Sie Ihr Einverst\u00e4ndnis und Ihre Zustimmung zu allen diesen Bedingungen. Wenn Sie diesen [&#8230;]\n","protected":false},"author":1,"featured_media":0,"parent":0,"menu_order":0,"comment_status":"closed","ping_status":"open","template":"","meta":{"footnotes":""},"class_list":["post-21087","page","type-page","status-publish","hentry"],"yoast_head":"<!-- This site is optimized with the Yoast SEO Premium plugin v22.4 (Yoast SEO v24.6) - https:\/\/yoast.com\/wordpress\/plugins\/seo\/ -->\n<title>DATENSCHUTZERKL\u00c4RUNG - ORF\u00c8VE<\/title>\n<meta name=\"robots\" content=\"index, follow, max-snippet:-1, max-image-preview:large, max-video-preview:-1\" \/>\n<link rel=\"canonical\" href=\"https:\/\/stage.orfeve.com\/politique-confidentialite\/\" \/>\n<meta property=\"og:locale\" content=\"de_DE\" \/>\n<meta property=\"og:type\" content=\"article\" \/>\n<meta property=\"og:title\" content=\"DATENSCHUTZERKL\u00c4RUNG\" \/>\n<meta property=\"og:description\" content=\"DATENSCHUTZERKL\u00c4RUNG Die Website www.orfeve.com (nachstehend \u201eWebsite\u201c) wird von ORF\u00c8VE bearbeitet und ver\u00f6ffentlicht. Weitere Informationen \u00fcber unser Unternehmen und andere Bedingungen, die den Zugang zu unserer Website und unseren Dienstleistungen regeln, finden Sie in unseren rechtlichen Hinweisen: Durch die Nutzung unserer Website erkl\u00e4ren Sie Ihr Einverst\u00e4ndnis und Ihre Zustimmung zu allen diesen Bedingungen. Wenn Sie diesen [...]\" \/>\n<meta property=\"og:url\" content=\"https:\/\/stage.orfeve.com\/politique-confidentialite\/\" \/>\n<meta property=\"og:site_name\" content=\"ORF\u00c8VE\" \/>\n<meta property=\"article:publisher\" content=\"https:\/\/www.facebook.com\/orfevechocolat\/\" \/>\n<meta property=\"article:modified_time\" content=\"2023-08-14T13:47:26+00:00\" \/>\n<meta name=\"twitter:card\" content=\"summary_large_image\" \/>\n<meta name=\"twitter:site\" content=\"@orfeve_Chocolat\" \/>\n<meta name=\"twitter:label1\" content=\"Gesch\u00e4tzte Lesezeit\" \/>\n\t<meta name=\"twitter:data1\" content=\"6\u00a0Minuten\" \/>\n<script type=\"application\/ld+json\" class=\"yoast-schema-graph\">{\"@context\":\"https:\/\/schema.org\",\"@graph\":[{\"@type\":\"WebPage\",\"@id\":\"https:\/\/stage.orfeve.com\/politique-confidentialite\/\",\"url\":\"https:\/\/stage.orfeve.com\/politique-confidentialite\/\",\"name\":\"DATENSCHUTZERKL\u00c4RUNG - ORF\u00c8VE\",\"isPartOf\":{\"@id\":\"https:\/\/stage.orfeve.com\/#website\"},\"datePublished\":\"2021-09-14T10:35:27+00:00\",\"dateModified\":\"2023-08-14T13:47:26+00:00\",\"breadcrumb\":{\"@id\":\"https:\/\/stage.orfeve.com\/politique-confidentialite\/#breadcrumb\"},\"inLanguage\":\"de\",\"potentialAction\":[{\"@type\":\"ReadAction\",\"target\":[\"https:\/\/stage.orfeve.com\/politique-confidentialite\/\"]}]},{\"@type\":\"BreadcrumbList\",\"@id\":\"https:\/\/stage.orfeve.com\/politique-confidentialite\/#breadcrumb\",\"itemListElement\":[{\"@type\":\"ListItem\",\"position\":1,\"name\":\"Home\",\"item\":\"https:\/\/stage.orfeve.com\/de\/\"},{\"@type\":\"ListItem\",\"position\":2,\"name\":\"DATENSCHUTZERKL\u00c4RUNG\"}]},{\"@type\":\"WebSite\",\"@id\":\"https:\/\/stage.orfeve.com\/#website\",\"url\":\"https:\/\/stage.orfeve.com\/\",\"name\":\"ORF\u00c8VE\",\"description\":\"Manufacture Suisse de Cacao et Chocolat Bean to Bar\",\"publisher\":{\"@id\":\"https:\/\/stage.orfeve.com\/#organization\"},\"potentialAction\":[{\"@type\":\"SearchAction\",\"target\":{\"@type\":\"EntryPoint\",\"urlTemplate\":\"https:\/\/stage.orfeve.com\/?s={search_term_string}\"},\"query-input\":{\"@type\":\"PropertyValueSpecification\",\"valueRequired\":true,\"valueName\":\"search_term_string\"}}],\"inLanguage\":\"de\"},{\"@type\":\"Organization\",\"@id\":\"https:\/\/stage.orfeve.com\/#organization\",\"name\":\"ORF\u00c8VE\",\"url\":\"https:\/\/stage.orfeve.com\/\",\"logo\":{\"@type\":\"ImageObject\",\"inLanguage\":\"de\",\"@id\":\"https:\/\/stage.orfeve.com\/#\/schema\/logo\/image\/\",\"url\":\"https:\/\/orfeve.com\/wp-content\/uploads\/2021\/05\/Orfeve-Manufacture-Suisse-de-Cacao-et-Chocolat-logo.jpeg\",\"contentUrl\":\"https:\/\/orfeve.com\/wp-content\/uploads\/2021\/05\/Orfeve-Manufacture-Suisse-de-Cacao-et-Chocolat-logo.jpeg\",\"width\":427,\"height\":170,\"caption\":\"ORF\u00c8VE\"},\"image\":{\"@id\":\"https:\/\/stage.orfeve.com\/#\/schema\/logo\/image\/\"},\"sameAs\":[\"https:\/\/www.facebook.com\/orfevechocolat\/\",\"https:\/\/x.com\/orfeve_Chocolat\",\"https:\/\/www.instagram.com\/orfeve_chocolat\/\",\"https:\/\/www.linkedin.com\/company\/orfeve\/\"]}]}<\/script>\n<!-- \/ Yoast SEO Premium plugin. -->","yoast_head_json":{"title":"DATENSCHUTZERKL\u00c4RUNG - ORF\u00c8VE","robots":{"index":"index","follow":"follow","max-snippet":"max-snippet:-1","max-image-preview":"max-image-preview:large","max-video-preview":"max-video-preview:-1"},"canonical":"https:\/\/stage.orfeve.com\/politique-confidentialite\/","og_locale":"de_DE","og_type":"article","og_title":"DATENSCHUTZERKL\u00c4RUNG","og_description":"DATENSCHUTZERKL\u00c4RUNG Die Website www.orfeve.com (nachstehend \u201eWebsite\u201c) wird von ORF\u00c8VE bearbeitet und ver\u00f6ffentlicht. Weitere Informationen \u00fcber unser Unternehmen und andere Bedingungen, die den Zugang zu unserer Website und unseren Dienstleistungen regeln, finden Sie in unseren rechtlichen Hinweisen: Durch die Nutzung unserer Website erkl\u00e4ren Sie Ihr Einverst\u00e4ndnis und Ihre Zustimmung zu allen diesen Bedingungen. Wenn Sie diesen [...]","og_url":"https:\/\/stage.orfeve.com\/politique-confidentialite\/","og_site_name":"ORF\u00c8VE","article_publisher":"https:\/\/www.facebook.com\/orfevechocolat\/","article_modified_time":"2023-08-14T13:47:26+00:00","twitter_card":"summary_large_image","twitter_site":"@orfeve_Chocolat","twitter_misc":{"Gesch\u00e4tzte Lesezeit":"6\u00a0Minuten"},"schema":{"@context":"https:\/\/schema.org","@graph":[{"@type":"WebPage","@id":"https:\/\/stage.orfeve.com\/politique-confidentialite\/","url":"https:\/\/stage.orfeve.com\/politique-confidentialite\/","name":"DATENSCHUTZERKL\u00c4RUNG - ORF\u00c8VE","isPartOf":{"@id":"https:\/\/stage.orfeve.com\/#website"},"datePublished":"2021-09-14T10:35:27+00:00","dateModified":"2023-08-14T13:47:26+00:00","breadcrumb":{"@id":"https:\/\/stage.orfeve.com\/politique-confidentialite\/#breadcrumb"},"inLanguage":"de","potentialAction":[{"@type":"ReadAction","target":["https:\/\/stage.orfeve.com\/politique-confidentialite\/"]}]},{"@type":"BreadcrumbList","@id":"https:\/\/stage.orfeve.com\/politique-confidentialite\/#breadcrumb","itemListElement":[{"@type":"ListItem","position":1,"name":"Home","item":"https:\/\/stage.orfeve.com\/de\/"},{"@type":"ListItem","position":2,"name":"DATENSCHUTZERKL\u00c4RUNG"}]},{"@type":"WebSite","@id":"https:\/\/stage.orfeve.com\/#website","url":"https:\/\/stage.orfeve.com\/","name":"ORF\u00c8VE","description":"Manufacture Suisse de Cacao et Chocolat Bean to Bar","publisher":{"@id":"https:\/\/stage.orfeve.com\/#organization"},"potentialAction":[{"@type":"SearchAction","target":{"@type":"EntryPoint","urlTemplate":"https:\/\/stage.orfeve.com\/?s={search_term_string}"},"query-input":{"@type":"PropertyValueSpecification","valueRequired":true,"valueName":"search_term_string"}}],"inLanguage":"de"},{"@type":"Organization","@id":"https:\/\/stage.orfeve.com\/#organization","name":"ORF\u00c8VE","url":"https:\/\/stage.orfeve.com\/","logo":{"@type":"ImageObject","inLanguage":"de","@id":"https:\/\/stage.orfeve.com\/#\/schema\/logo\/image\/","url":"https:\/\/orfeve.com\/wp-content\/uploads\/2021\/05\/Orfeve-Manufacture-Suisse-de-Cacao-et-Chocolat-logo.jpeg","contentUrl":"https:\/\/orfeve.com\/wp-content\/uploads\/2021\/05\/Orfeve-Manufacture-Suisse-de-Cacao-et-Chocolat-logo.jpeg","width":427,"height":170,"caption":"ORF\u00c8VE"},"image":{"@id":"https:\/\/stage.orfeve.com\/#\/schema\/logo\/image\/"},"sameAs":["https:\/\/www.facebook.com\/orfevechocolat\/","https:\/\/x.com\/orfeve_Chocolat","https:\/\/www.instagram.com\/orfeve_chocolat\/","https:\/\/www.linkedin.com\/company\/orfeve\/"]}]}},"_links":{"self":[{"href":"https:\/\/stage.orfeve.com\/de\/wp-json\/wp\/v2\/pages\/21087","targetHints":{"allow":["GET"]}}],"collection":[{"href":"https:\/\/stage.orfeve.com\/de\/wp-json\/wp\/v2\/pages"}],"about":[{"href":"https:\/\/stage.orfeve.com\/de\/wp-json\/wp\/v2\/types\/page"}],"author":[{"embeddable":true,"href":"https:\/\/stage.orfeve.com\/de\/wp-json\/wp\/v2\/users\/1"}],"replies":[{"embeddable":true,"href":"https:\/\/stage.orfeve.com\/de\/wp-json\/wp\/v2\/comments?post=21087"}],"version-history":[{"count":0,"href":"https:\/\/stage.orfeve.com\/de\/wp-json\/wp\/v2\/pages\/21087\/revisions"}],"wp:attachment":[{"href":"https:\/\/stage.orfeve.com\/de\/wp-json\/wp\/v2\/media?parent=21087"}],"curies":[{"name":"wp","href":"https:\/\/api.w.org\/{rel}","templated":true}]}}