{"id":21305,"date":"2019-07-28T16:12:18","date_gmt":"2021-09-14T15:44:50","guid":{"rendered":"https:\/\/orfeve.com\/shop\/unkategorisiert\/bejofo-75-madagaskar-knusprige-schokolade\/"},"modified":"2023-02-06T15:18:37","modified_gmt":"2023-02-06T14:18:37","slug":"tafel-bejofo-75","status":"publish","type":"product","link":"https:\/\/stage.orfeve.com\/de\/shop\/brut-de-noir\/tafel-bejofo-75\/","title":{"rendered":"Bejofo 75 (Madagaskar) &#8211; Knusprige Schokolade"},"content":{"rendered":"&#13;\n<p>Anfang des 20<sup>.<\/sup> Jahrhunderts in Madagaskar eingef\u00fchrt, hat der Kakao dort einige seiner sch\u00f6nsten Ausdrucksterroirs gefunden.<\/p>&#13;\n&#13;\n<p>Als Hybride aus Criollo und Forastero wird der Trinitario oft als die perfekte Verbindung zwischen der Subtilit\u00e4t des Criollo und der Charakterst\u00e4rke des Forastero angesehen.<\/p>&#13;\n&#13;\n<p>Die Bejofo-Farm, von der die Bohnen f\u00fcr diese Schokolade stammen, befindet sich im Sambirano-Tal, in der N\u00e4he von Ambanja, im Nordwesten des Landes. Seit 1920 produziert sie die aromatischsten Kakaobohnen des Landes.<\/p>&#13;\n&#13;\n<p>Dieser Familienbetrieb pflegt sorgf\u00e4ltig sein Erbe an alten Pflanzen, in \u00dcbereinstimmung mit den Regeln der biologischen Landwirtschaft.<\/p>&#13;\n","protected":false},"excerpt":{"rendered":"<p>Dieser <em>Cru de Propri\u00e9t\u00e9<\/em> stammt ausschlie\u00dflich aus sorgf\u00e4ltig ausgew\u00e4hlten Bohnen aus Trinitario. Ausgestattet mit einer sch\u00f6nen S\u00e4ure, bietet er eine erfrischende Symphonie von Aromen roter Fr\u00fcchte.<\/p>\n","protected":false},"featured_media":22069,"template":"","meta":[],"product_cat":[293],"product_tag":[534],"class_list":{"0":"post-21305","1":"product","2":"type-product","3":"status-publish","4":"has-post-thumbnail","6":"product_cat-brut-de-noir","7":"product_tag-tafeln","9":"first","10":"instock","11":"taxable","12":"shipping-taxable","13":"purchasable","14":"product-type-simple"},"yoast_head":"<!-- This site is optimized with the Yoast SEO Premium plugin v22.4 (Yoast SEO v24.6) - https:\/\/yoast.com\/wordpress\/plugins\/seo\/ -->\n<title>Bejofo 75 (Madagaskar) - Brut de Noir - ORF\u00c8VE<\/title>\n<meta name=\"description\" content=\"Knusprige dunkle Schokolade aus Madagaskar 75% von Orf\u00e8ve. Ausgestattet mit einer sch\u00f6nen S\u00e4ure, bietet er eine erfrischende Symphonie von Aromen roter Fr\u00fcchte.\" \/>\n<meta name=\"robots\" content=\"index, follow, max-snippet:-1, max-image-preview:large, max-video-preview:-1\" \/>\n<link rel=\"canonical\" href=\"https:\/\/stage.orfeve.com\/de\/shop\/brut-de-noir\/tafel-bejofo-75\/\" \/>\n<meta property=\"og:locale\" content=\"de_DE\" \/>\n<meta property=\"og:type\" content=\"article\" \/>\n<meta property=\"og:title\" content=\"Bejofo 75 (Madagaskar) - Knusprige Schokolade\" \/>\n<meta property=\"og:description\" content=\"Knusprige dunkle Schokolade aus Madagaskar 75% von Orf\u00e8ve. Ausgestattet mit einer sch\u00f6nen S\u00e4ure, bietet er eine erfrischende Symphonie von Aromen roter Fr\u00fcchte.\" \/>\n<meta property=\"og:url\" content=\"https:\/\/stage.orfeve.com\/de\/shop\/brut-de-noir\/tafel-bejofo-75\/\" \/>\n<meta property=\"og:site_name\" content=\"ORF\u00c8VE\" \/>\n<meta property=\"article:publisher\" content=\"https:\/\/www.facebook.com\/orfevechocolat\/\" \/>\n<meta property=\"article:modified_time\" content=\"2023-02-06T14:18:37+00:00\" \/>\n<meta property=\"og:image\" content=\"https:\/\/stage.orfeve.com\/wp-content\/uploads\/2019\/07\/Orfeve-Manufacture-Suisse-de-Cacao-et-Chocolat-bean-to-bar-Chocolat-Suisse-Brut-de-Noir-Bejofo-75-tablette.jpg\" \/>\n\t<meta property=\"og:image:width\" content=\"900\" \/>\n\t<meta property=\"og:image:height\" content=\"900\" \/>\n\t<meta property=\"og:image:type\" content=\"image\/jpeg\" \/>\n<meta name=\"twitter:card\" content=\"summary_large_image\" \/>\n<meta name=\"twitter:site\" content=\"@orfeve_Chocolat\" \/>\n<script type=\"application\/ld+json\" class=\"yoast-schema-graph\">{\"@context\":\"https:\/\/schema.org\",\"@graph\":[{\"@type\":\"WebPage\",\"@id\":\"https:\/\/stage.orfeve.com\/de\/shop\/brut-de-noir\/tafel-bejofo-75\/\",\"url\":\"https:\/\/stage.orfeve.com\/de\/shop\/brut-de-noir\/tafel-bejofo-75\/\",\"name\":\"Bejofo 75 (Madagaskar) - Brut de Noir - ORF\u00c8VE\",\"isPartOf\":{\"@id\":\"https:\/\/stage.orfeve.com\/#website\"},\"primaryImageOfPage\":{\"@id\":\"https:\/\/stage.orfeve.com\/de\/shop\/brut-de-noir\/tafel-bejofo-75\/#primaryimage\"},\"image\":{\"@id\":\"https:\/\/stage.orfeve.com\/de\/shop\/brut-de-noir\/tafel-bejofo-75\/#primaryimage\"},\"thumbnailUrl\":\"https:\/\/stage.orfeve.com\/wp-content\/uploads\/2019\/07\/Orfeve-Manufacture-Suisse-de-Cacao-et-Chocolat-bean-to-bar-Chocolat-Suisse-Brut-de-Noir-Bejofo-75-tablette.jpg\",\"datePublished\":\"2021-09-14T15:44:50+00:00\",\"dateModified\":\"2023-02-06T14:18:37+00:00\",\"description\":\"Knusprige dunkle Schokolade aus Madagaskar 75% von Orf\u00e8ve. Ausgestattet mit einer sch\u00f6nen S\u00e4ure, bietet er eine erfrischende Symphonie von Aromen roter Fr\u00fcchte.\",\"breadcrumb\":{\"@id\":\"https:\/\/stage.orfeve.com\/de\/shop\/brut-de-noir\/tafel-bejofo-75\/#breadcrumb\"},\"inLanguage\":\"de\",\"potentialAction\":[{\"@type\":\"ReadAction\",\"target\":[\"https:\/\/stage.orfeve.com\/de\/shop\/brut-de-noir\/tafel-bejofo-75\/\"]}]},{\"@type\":\"ImageObject\",\"inLanguage\":\"de\",\"@id\":\"https:\/\/stage.orfeve.com\/de\/shop\/brut-de-noir\/tafel-bejofo-75\/#primaryimage\",\"url\":\"https:\/\/stage.orfeve.com\/wp-content\/uploads\/2019\/07\/Orfeve-Manufacture-Suisse-de-Cacao-et-Chocolat-bean-to-bar-Chocolat-Suisse-Brut-de-Noir-Bejofo-75-tablette.jpg\",\"contentUrl\":\"https:\/\/stage.orfeve.com\/wp-content\/uploads\/2019\/07\/Orfeve-Manufacture-Suisse-de-Cacao-et-Chocolat-bean-to-bar-Chocolat-Suisse-Brut-de-Noir-Bejofo-75-tablette.jpg\",\"width\":900,\"height\":900},{\"@type\":\"BreadcrumbList\",\"@id\":\"https:\/\/stage.orfeve.com\/de\/shop\/brut-de-noir\/tafel-bejofo-75\/#breadcrumb\",\"itemListElement\":[{\"@type\":\"ListItem\",\"position\":1,\"name\":\"Home\",\"item\":\"https:\/\/stage.orfeve.com\/de\/\"},{\"@type\":\"ListItem\",\"position\":2,\"name\":\"Shop\",\"item\":\"https:\/\/stage.orfeve.com\/de\/shop\/\"},{\"@type\":\"ListItem\",\"position\":3,\"name\":\"Bejofo 75 (Madagaskar) &#8211; Knusprige Schokolade\"}]},{\"@type\":\"WebSite\",\"@id\":\"https:\/\/stage.orfeve.com\/#website\",\"url\":\"https:\/\/stage.orfeve.com\/\",\"name\":\"ORF\u00c8VE\",\"description\":\"Manufacture Suisse de Cacao et Chocolat Bean to Bar\",\"publisher\":{\"@id\":\"https:\/\/stage.orfeve.com\/#organization\"},\"potentialAction\":[{\"@type\":\"SearchAction\",\"target\":{\"@type\":\"EntryPoint\",\"urlTemplate\":\"https:\/\/stage.orfeve.com\/?s={search_term_string}\"},\"query-input\":{\"@type\":\"PropertyValueSpecification\",\"valueRequired\":true,\"valueName\":\"search_term_string\"}}],\"inLanguage\":\"de\"},{\"@type\":\"Organization\",\"@id\":\"https:\/\/stage.orfeve.com\/#organization\",\"name\":\"ORF\u00c8VE\",\"url\":\"https:\/\/stage.orfeve.com\/\",\"logo\":{\"@type\":\"ImageObject\",\"inLanguage\":\"de\",\"@id\":\"https:\/\/stage.orfeve.com\/#\/schema\/logo\/image\/\",\"url\":\"https:\/\/orfeve.com\/wp-content\/uploads\/2021\/05\/Orfeve-Manufacture-Suisse-de-Cacao-et-Chocolat-logo.jpeg\",\"contentUrl\":\"https:\/\/orfeve.com\/wp-content\/uploads\/2021\/05\/Orfeve-Manufacture-Suisse-de-Cacao-et-Chocolat-logo.jpeg\",\"width\":427,\"height\":170,\"caption\":\"ORF\u00c8VE\"},\"image\":{\"@id\":\"https:\/\/stage.orfeve.com\/#\/schema\/logo\/image\/\"},\"sameAs\":[\"https:\/\/www.facebook.com\/orfevechocolat\/\",\"https:\/\/x.com\/orfeve_Chocolat\",\"https:\/\/www.instagram.com\/orfeve_chocolat\/\",\"https:\/\/www.linkedin.com\/company\/orfeve\/\"]}]}<\/script>\n<!-- \/ Yoast SEO Premium plugin. -->","yoast_head_json":{"title":"Bejofo 75 (Madagaskar) - Brut de Noir - ORF\u00c8VE","description":"Knusprige dunkle Schokolade aus Madagaskar 75% von Orf\u00e8ve. Ausgestattet mit einer sch\u00f6nen S\u00e4ure, bietet er eine erfrischende Symphonie von Aromen roter Fr\u00fcchte.","robots":{"index":"index","follow":"follow","max-snippet":"max-snippet:-1","max-image-preview":"max-image-preview:large","max-video-preview":"max-video-preview:-1"},"canonical":"https:\/\/stage.orfeve.com\/de\/shop\/brut-de-noir\/tafel-bejofo-75\/","og_locale":"de_DE","og_type":"article","og_title":"Bejofo 75 (Madagaskar) - Knusprige Schokolade","og_description":"Knusprige dunkle Schokolade aus Madagaskar 75% von Orf\u00e8ve. Ausgestattet mit einer sch\u00f6nen S\u00e4ure, bietet er eine erfrischende Symphonie von Aromen roter Fr\u00fcchte.","og_url":"https:\/\/stage.orfeve.com\/de\/shop\/brut-de-noir\/tafel-bejofo-75\/","og_site_name":"ORF\u00c8VE","article_publisher":"https:\/\/www.facebook.com\/orfevechocolat\/","article_modified_time":"2023-02-06T14:18:37+00:00","og_image":[{"width":900,"height":900,"url":"https:\/\/stage.orfeve.com\/wp-content\/uploads\/2019\/07\/Orfeve-Manufacture-Suisse-de-Cacao-et-Chocolat-bean-to-bar-Chocolat-Suisse-Brut-de-Noir-Bejofo-75-tablette.jpg","type":"image\/jpeg"}],"twitter_card":"summary_large_image","twitter_site":"@orfeve_Chocolat","schema":{"@context":"https:\/\/schema.org","@graph":[{"@type":"WebPage","@id":"https:\/\/stage.orfeve.com\/de\/shop\/brut-de-noir\/tafel-bejofo-75\/","url":"https:\/\/stage.orfeve.com\/de\/shop\/brut-de-noir\/tafel-bejofo-75\/","name":"Bejofo 75 (Madagaskar) - Brut de Noir - ORF\u00c8VE","isPartOf":{"@id":"https:\/\/stage.orfeve.com\/#website"},"primaryImageOfPage":{"@id":"https:\/\/stage.orfeve.com\/de\/shop\/brut-de-noir\/tafel-bejofo-75\/#primaryimage"},"image":{"@id":"https:\/\/stage.orfeve.com\/de\/shop\/brut-de-noir\/tafel-bejofo-75\/#primaryimage"},"thumbnailUrl":"https:\/\/stage.orfeve.com\/wp-content\/uploads\/2019\/07\/Orfeve-Manufacture-Suisse-de-Cacao-et-Chocolat-bean-to-bar-Chocolat-Suisse-Brut-de-Noir-Bejofo-75-tablette.jpg","datePublished":"2021-09-14T15:44:50+00:00","dateModified":"2023-02-06T14:18:37+00:00","description":"Knusprige dunkle Schokolade aus Madagaskar 75% von Orf\u00e8ve. Ausgestattet mit einer sch\u00f6nen S\u00e4ure, bietet er eine erfrischende Symphonie von Aromen roter Fr\u00fcchte.","breadcrumb":{"@id":"https:\/\/stage.orfeve.com\/de\/shop\/brut-de-noir\/tafel-bejofo-75\/#breadcrumb"},"inLanguage":"de","potentialAction":[{"@type":"ReadAction","target":["https:\/\/stage.orfeve.com\/de\/shop\/brut-de-noir\/tafel-bejofo-75\/"]}]},{"@type":"ImageObject","inLanguage":"de","@id":"https:\/\/stage.orfeve.com\/de\/shop\/brut-de-noir\/tafel-bejofo-75\/#primaryimage","url":"https:\/\/stage.orfeve.com\/wp-content\/uploads\/2019\/07\/Orfeve-Manufacture-Suisse-de-Cacao-et-Chocolat-bean-to-bar-Chocolat-Suisse-Brut-de-Noir-Bejofo-75-tablette.jpg","contentUrl":"https:\/\/stage.orfeve.com\/wp-content\/uploads\/2019\/07\/Orfeve-Manufacture-Suisse-de-Cacao-et-Chocolat-bean-to-bar-Chocolat-Suisse-Brut-de-Noir-Bejofo-75-tablette.jpg","width":900,"height":900},{"@type":"BreadcrumbList","@id":"https:\/\/stage.orfeve.com\/de\/shop\/brut-de-noir\/tafel-bejofo-75\/#breadcrumb","itemListElement":[{"@type":"ListItem","position":1,"name":"Home","item":"https:\/\/stage.orfeve.com\/de\/"},{"@type":"ListItem","position":2,"name":"Shop","item":"https:\/\/stage.orfeve.com\/de\/shop\/"},{"@type":"ListItem","position":3,"name":"Bejofo 75 (Madagaskar) &#8211; Knusprige Schokolade"}]},{"@type":"WebSite","@id":"https:\/\/stage.orfeve.com\/#website","url":"https:\/\/stage.orfeve.com\/","name":"ORF\u00c8VE","description":"Manufacture Suisse de Cacao et Chocolat Bean to Bar","publisher":{"@id":"https:\/\/stage.orfeve.com\/#organization"},"potentialAction":[{"@type":"SearchAction","target":{"@type":"EntryPoint","urlTemplate":"https:\/\/stage.orfeve.com\/?s={search_term_string}"},"query-input":{"@type":"PropertyValueSpecification","valueRequired":true,"valueName":"search_term_string"}}],"inLanguage":"de"},{"@type":"Organization","@id":"https:\/\/stage.orfeve.com\/#organization","name":"ORF\u00c8VE","url":"https:\/\/stage.orfeve.com\/","logo":{"@type":"ImageObject","inLanguage":"de","@id":"https:\/\/stage.orfeve.com\/#\/schema\/logo\/image\/","url":"https:\/\/orfeve.com\/wp-content\/uploads\/2021\/05\/Orfeve-Manufacture-Suisse-de-Cacao-et-Chocolat-logo.jpeg","contentUrl":"https:\/\/orfeve.com\/wp-content\/uploads\/2021\/05\/Orfeve-Manufacture-Suisse-de-Cacao-et-Chocolat-logo.jpeg","width":427,"height":170,"caption":"ORF\u00c8VE"},"image":{"@id":"https:\/\/stage.orfeve.com\/#\/schema\/logo\/image\/"},"sameAs":["https:\/\/www.facebook.com\/orfevechocolat\/","https:\/\/x.com\/orfeve_Chocolat","https:\/\/www.instagram.com\/orfeve_chocolat\/","https:\/\/www.linkedin.com\/company\/orfeve\/"]}]}},"_links":{"self":[{"href":"https:\/\/stage.orfeve.com\/de\/wp-json\/wp\/v2\/product\/21305","targetHints":{"allow":["GET"]}}],"collection":[{"href":"https:\/\/stage.orfeve.com\/de\/wp-json\/wp\/v2\/product"}],"about":[{"href":"https:\/\/stage.orfeve.com\/de\/wp-json\/wp\/v2\/types\/product"}],"wp:featuredmedia":[{"embeddable":true,"href":"https:\/\/stage.orfeve.com\/de\/wp-json\/wp\/v2\/media\/22069"}],"wp:attachment":[{"href":"https:\/\/stage.orfeve.com\/de\/wp-json\/wp\/v2\/media?parent=21305"}],"wp:term":[{"taxonomy":"product_cat","embeddable":true,"href":"https:\/\/stage.orfeve.com\/de\/wp-json\/wp\/v2\/product_cat?post=21305"},{"taxonomy":"product_tag","embeddable":true,"href":"https:\/\/stage.orfeve.com\/de\/wp-json\/wp\/v2\/product_tag?post=21305"}],"curies":[{"name":"wp","href":"https:\/\/api.w.org\/{rel}","templated":true}]}}