{"id":21367,"date":"2019-07-28T15:21:33","date_gmt":"2021-09-15T13:16:42","guid":{"rendered":"https:\/\/orfeve.com\/shop\/unkategorisiert\/matepono-90-salomon-inseln-extrafeine-schokolade\/"},"modified":"2023-01-17T11:31:00","modified_gmt":"2023-01-17T10:31:00","slug":"tafel-matepono-90-salomon-inseln","status":"publish","type":"product","link":"https:\/\/stage.orfeve.com\/de\/shop\/noir-de-noir\/tafel-matepono-90-salomon-inseln\/","title":{"rendered":"Matepono 90 (Salomon-Inseln) &#8211; Extrafeine Schokolade"},"content":{"rendered":"&#13;\r\n<p>Das \u00f6stlich von Papua-Neuguinea gelegene K\u00f6nigreich der Salomon-Inseln besteht aus tausend Inseln und Inselchen, die ein entstandenes Territorium darstellen, das kaum gr\u00f6sser ist als die Schweiz.<\/p>&#13;\r\n&#13;\r\n<p>In den letzten Jahren haben kleine famili\u00e4re Kakaofarmen allm\u00e4hlich die grossen \u00d6lpalmenplantagen ersetzt. Obwohl salomonischer Kakao noch wenig bekannt ist, hat er sich als seltener und subtiler Sortenkomplex etabliert.<\/p>&#13;\r\n&#13;\r\n<p>Die Kakaoplantage von David Junior Kebu befindet sich im Nordosten der Insel Guadalcanal, in der N\u00e4he der Stadt Honiara. Der am Ufer des Flusses Matepono gelegene Familienbetrieb zeichnet sich durch die Qualit\u00e4t der Sorgfalt bei der Fermentierung, Trocknung und Auswahl der Bohnen aus. Diese Arbeit brachte ihr bei den International Cocoa Awards 2015 eine Goldmedaille ein.<\/p>&#13;\r\n","protected":false},"excerpt":{"rendered":"<p>Diese intensive und vollmundige Mischung von <em>Crus de Propri\u00e9t\u00e9<\/em> entfaltet langsam eine reiche aromatische Palette, die von einem s\u00e4uerlichen und fruchtigen Auftakt bis zu einem holzigen Abgang mit Noten von Mahagoni, Oud und Havanna reicht.<\/p>\n","protected":false},"featured_media":22384,"template":"","meta":[],"product_cat":[296],"product_tag":[534],"class_list":{"0":"post-21367","1":"product","2":"type-product","3":"status-publish","4":"has-post-thumbnail","6":"product_cat-noir-de-noir","7":"product_tag-tafeln","9":"first","10":"instock","11":"taxable","12":"shipping-taxable","13":"purchasable","14":"product-type-simple"},"yoast_head":"<!-- This site is optimized with the Yoast SEO Premium plugin v22.4 (Yoast SEO v24.6) - https:\/\/yoast.com\/wordpress\/plugins\/seo\/ -->\n<title>Matepono 90 (Salomon-Inseln) - Noir de Noir - ORF\u00c8VE<\/title>\n<meta name=\"description\" content=\"ORF\u00c8VE Dunkle Schokolade aus Salomon-Inseln 90%, vollmundig und tief. Herb-fruchtiger Auftakt, gefolgt von holzigen Aromen und einem Havanna-Abschluss.\" \/>\n<meta name=\"robots\" content=\"index, follow, max-snippet:-1, max-image-preview:large, max-video-preview:-1\" \/>\n<link rel=\"canonical\" href=\"https:\/\/stage.orfeve.com\/de\/shop\/noir-de-noir\/tafel-matepono-90-salomon-inseln\/\" \/>\n<meta property=\"og:locale\" content=\"de_DE\" \/>\n<meta property=\"og:type\" content=\"article\" \/>\n<meta property=\"og:title\" content=\"Matepono 90 (Salomon-Inseln) - Extrafeine Schokolade\" \/>\n<meta property=\"og:description\" content=\"ORF\u00c8VE Dunkle Schokolade aus Salomon-Inseln 90%, vollmundig und tief. Herb-fruchtiger Auftakt, gefolgt von holzigen Aromen und einem Havanna-Abschluss.\" \/>\n<meta property=\"og:url\" content=\"https:\/\/stage.orfeve.com\/de\/shop\/noir-de-noir\/tafel-matepono-90-salomon-inseln\/\" \/>\n<meta property=\"og:site_name\" content=\"ORF\u00c8VE\" \/>\n<meta property=\"article:publisher\" content=\"https:\/\/www.facebook.com\/orfevechocolat\/\" \/>\n<meta property=\"article:modified_time\" content=\"2023-01-17T10:31:00+00:00\" \/>\n<meta property=\"og:image\" content=\"https:\/\/stage.orfeve.com\/wp-content\/uploads\/2019\/07\/Orfeve-Geneve-Matepono-90-chocolat-noir-bean-to-bar.jpg\" \/>\n\t<meta property=\"og:image:width\" content=\"900\" \/>\n\t<meta property=\"og:image:height\" content=\"900\" \/>\n\t<meta property=\"og:image:type\" content=\"image\/jpeg\" \/>\n<meta name=\"twitter:card\" content=\"summary_large_image\" \/>\n<meta name=\"twitter:site\" content=\"@orfeve_Chocolat\" \/>\n<meta name=\"twitter:label1\" content=\"Gesch\u00e4tzte Lesezeit\" \/>\n\t<meta name=\"twitter:data1\" content=\"1\u00a0Minute\" \/>\n<script type=\"application\/ld+json\" class=\"yoast-schema-graph\">{\"@context\":\"https:\/\/schema.org\",\"@graph\":[{\"@type\":\"WebPage\",\"@id\":\"https:\/\/stage.orfeve.com\/de\/shop\/noir-de-noir\/tafel-matepono-90-salomon-inseln\/\",\"url\":\"https:\/\/stage.orfeve.com\/de\/shop\/noir-de-noir\/tafel-matepono-90-salomon-inseln\/\",\"name\":\"Matepono 90 (Salomon-Inseln) - Noir de Noir - ORF\u00c8VE\",\"isPartOf\":{\"@id\":\"https:\/\/stage.orfeve.com\/#website\"},\"primaryImageOfPage\":{\"@id\":\"https:\/\/stage.orfeve.com\/de\/shop\/noir-de-noir\/tafel-matepono-90-salomon-inseln\/#primaryimage\"},\"image\":{\"@id\":\"https:\/\/stage.orfeve.com\/de\/shop\/noir-de-noir\/tafel-matepono-90-salomon-inseln\/#primaryimage\"},\"thumbnailUrl\":\"https:\/\/stage.orfeve.com\/wp-content\/uploads\/2019\/07\/Orfeve-Geneve-Matepono-90-chocolat-noir-bean-to-bar.jpg\",\"datePublished\":\"2021-09-15T13:16:42+00:00\",\"dateModified\":\"2023-01-17T10:31:00+00:00\",\"description\":\"ORF\u00c8VE Dunkle Schokolade aus Salomon-Inseln 90%, vollmundig und tief. Herb-fruchtiger Auftakt, gefolgt von holzigen Aromen und einem Havanna-Abschluss.\",\"breadcrumb\":{\"@id\":\"https:\/\/stage.orfeve.com\/de\/shop\/noir-de-noir\/tafel-matepono-90-salomon-inseln\/#breadcrumb\"},\"inLanguage\":\"de\",\"potentialAction\":[{\"@type\":\"ReadAction\",\"target\":[\"https:\/\/stage.orfeve.com\/de\/shop\/noir-de-noir\/tafel-matepono-90-salomon-inseln\/\"]}]},{\"@type\":\"ImageObject\",\"inLanguage\":\"de\",\"@id\":\"https:\/\/stage.orfeve.com\/de\/shop\/noir-de-noir\/tafel-matepono-90-salomon-inseln\/#primaryimage\",\"url\":\"https:\/\/stage.orfeve.com\/wp-content\/uploads\/2019\/07\/Orfeve-Geneve-Matepono-90-chocolat-noir-bean-to-bar.jpg\",\"contentUrl\":\"https:\/\/stage.orfeve.com\/wp-content\/uploads\/2019\/07\/Orfeve-Geneve-Matepono-90-chocolat-noir-bean-to-bar.jpg\",\"width\":900,\"height\":900},{\"@type\":\"BreadcrumbList\",\"@id\":\"https:\/\/stage.orfeve.com\/de\/shop\/noir-de-noir\/tafel-matepono-90-salomon-inseln\/#breadcrumb\",\"itemListElement\":[{\"@type\":\"ListItem\",\"position\":1,\"name\":\"Home\",\"item\":\"https:\/\/stage.orfeve.com\/de\/\"},{\"@type\":\"ListItem\",\"position\":2,\"name\":\"Shop\",\"item\":\"https:\/\/stage.orfeve.com\/de\/shop\/\"},{\"@type\":\"ListItem\",\"position\":3,\"name\":\"Matepono 90 (Salomon-Inseln) &#8211; Extrafeine Schokolade\"}]},{\"@type\":\"WebSite\",\"@id\":\"https:\/\/stage.orfeve.com\/#website\",\"url\":\"https:\/\/stage.orfeve.com\/\",\"name\":\"ORF\u00c8VE\",\"description\":\"Manufacture Suisse de Cacao et Chocolat Bean to Bar\",\"publisher\":{\"@id\":\"https:\/\/stage.orfeve.com\/#organization\"},\"potentialAction\":[{\"@type\":\"SearchAction\",\"target\":{\"@type\":\"EntryPoint\",\"urlTemplate\":\"https:\/\/stage.orfeve.com\/?s={search_term_string}\"},\"query-input\":{\"@type\":\"PropertyValueSpecification\",\"valueRequired\":true,\"valueName\":\"search_term_string\"}}],\"inLanguage\":\"de\"},{\"@type\":\"Organization\",\"@id\":\"https:\/\/stage.orfeve.com\/#organization\",\"name\":\"ORF\u00c8VE\",\"url\":\"https:\/\/stage.orfeve.com\/\",\"logo\":{\"@type\":\"ImageObject\",\"inLanguage\":\"de\",\"@id\":\"https:\/\/stage.orfeve.com\/#\/schema\/logo\/image\/\",\"url\":\"https:\/\/orfeve.com\/wp-content\/uploads\/2021\/05\/Orfeve-Manufacture-Suisse-de-Cacao-et-Chocolat-logo.jpeg\",\"contentUrl\":\"https:\/\/orfeve.com\/wp-content\/uploads\/2021\/05\/Orfeve-Manufacture-Suisse-de-Cacao-et-Chocolat-logo.jpeg\",\"width\":427,\"height\":170,\"caption\":\"ORF\u00c8VE\"},\"image\":{\"@id\":\"https:\/\/stage.orfeve.com\/#\/schema\/logo\/image\/\"},\"sameAs\":[\"https:\/\/www.facebook.com\/orfevechocolat\/\",\"https:\/\/x.com\/orfeve_Chocolat\",\"https:\/\/www.instagram.com\/orfeve_chocolat\/\",\"https:\/\/www.linkedin.com\/company\/orfeve\/\"]}]}<\/script>\n<!-- \/ Yoast SEO Premium plugin. -->","yoast_head_json":{"title":"Matepono 90 (Salomon-Inseln) - Noir de Noir - ORF\u00c8VE","description":"ORF\u00c8VE Dunkle Schokolade aus Salomon-Inseln 90%, vollmundig und tief. Herb-fruchtiger Auftakt, gefolgt von holzigen Aromen und einem Havanna-Abschluss.","robots":{"index":"index","follow":"follow","max-snippet":"max-snippet:-1","max-image-preview":"max-image-preview:large","max-video-preview":"max-video-preview:-1"},"canonical":"https:\/\/stage.orfeve.com\/de\/shop\/noir-de-noir\/tafel-matepono-90-salomon-inseln\/","og_locale":"de_DE","og_type":"article","og_title":"Matepono 90 (Salomon-Inseln) - Extrafeine Schokolade","og_description":"ORF\u00c8VE Dunkle Schokolade aus Salomon-Inseln 90%, vollmundig und tief. Herb-fruchtiger Auftakt, gefolgt von holzigen Aromen und einem Havanna-Abschluss.","og_url":"https:\/\/stage.orfeve.com\/de\/shop\/noir-de-noir\/tafel-matepono-90-salomon-inseln\/","og_site_name":"ORF\u00c8VE","article_publisher":"https:\/\/www.facebook.com\/orfevechocolat\/","article_modified_time":"2023-01-17T10:31:00+00:00","og_image":[{"width":900,"height":900,"url":"https:\/\/stage.orfeve.com\/wp-content\/uploads\/2019\/07\/Orfeve-Geneve-Matepono-90-chocolat-noir-bean-to-bar.jpg","type":"image\/jpeg"}],"twitter_card":"summary_large_image","twitter_site":"@orfeve_Chocolat","twitter_misc":{"Gesch\u00e4tzte Lesezeit":"1\u00a0Minute"},"schema":{"@context":"https:\/\/schema.org","@graph":[{"@type":"WebPage","@id":"https:\/\/stage.orfeve.com\/de\/shop\/noir-de-noir\/tafel-matepono-90-salomon-inseln\/","url":"https:\/\/stage.orfeve.com\/de\/shop\/noir-de-noir\/tafel-matepono-90-salomon-inseln\/","name":"Matepono 90 (Salomon-Inseln) - Noir de Noir - ORF\u00c8VE","isPartOf":{"@id":"https:\/\/stage.orfeve.com\/#website"},"primaryImageOfPage":{"@id":"https:\/\/stage.orfeve.com\/de\/shop\/noir-de-noir\/tafel-matepono-90-salomon-inseln\/#primaryimage"},"image":{"@id":"https:\/\/stage.orfeve.com\/de\/shop\/noir-de-noir\/tafel-matepono-90-salomon-inseln\/#primaryimage"},"thumbnailUrl":"https:\/\/stage.orfeve.com\/wp-content\/uploads\/2019\/07\/Orfeve-Geneve-Matepono-90-chocolat-noir-bean-to-bar.jpg","datePublished":"2021-09-15T13:16:42+00:00","dateModified":"2023-01-17T10:31:00+00:00","description":"ORF\u00c8VE Dunkle Schokolade aus Salomon-Inseln 90%, vollmundig und tief. Herb-fruchtiger Auftakt, gefolgt von holzigen Aromen und einem Havanna-Abschluss.","breadcrumb":{"@id":"https:\/\/stage.orfeve.com\/de\/shop\/noir-de-noir\/tafel-matepono-90-salomon-inseln\/#breadcrumb"},"inLanguage":"de","potentialAction":[{"@type":"ReadAction","target":["https:\/\/stage.orfeve.com\/de\/shop\/noir-de-noir\/tafel-matepono-90-salomon-inseln\/"]}]},{"@type":"ImageObject","inLanguage":"de","@id":"https:\/\/stage.orfeve.com\/de\/shop\/noir-de-noir\/tafel-matepono-90-salomon-inseln\/#primaryimage","url":"https:\/\/stage.orfeve.com\/wp-content\/uploads\/2019\/07\/Orfeve-Geneve-Matepono-90-chocolat-noir-bean-to-bar.jpg","contentUrl":"https:\/\/stage.orfeve.com\/wp-content\/uploads\/2019\/07\/Orfeve-Geneve-Matepono-90-chocolat-noir-bean-to-bar.jpg","width":900,"height":900},{"@type":"BreadcrumbList","@id":"https:\/\/stage.orfeve.com\/de\/shop\/noir-de-noir\/tafel-matepono-90-salomon-inseln\/#breadcrumb","itemListElement":[{"@type":"ListItem","position":1,"name":"Home","item":"https:\/\/stage.orfeve.com\/de\/"},{"@type":"ListItem","position":2,"name":"Shop","item":"https:\/\/stage.orfeve.com\/de\/shop\/"},{"@type":"ListItem","position":3,"name":"Matepono 90 (Salomon-Inseln) &#8211; Extrafeine Schokolade"}]},{"@type":"WebSite","@id":"https:\/\/stage.orfeve.com\/#website","url":"https:\/\/stage.orfeve.com\/","name":"ORF\u00c8VE","description":"Manufacture Suisse de Cacao et Chocolat Bean to Bar","publisher":{"@id":"https:\/\/stage.orfeve.com\/#organization"},"potentialAction":[{"@type":"SearchAction","target":{"@type":"EntryPoint","urlTemplate":"https:\/\/stage.orfeve.com\/?s={search_term_string}"},"query-input":{"@type":"PropertyValueSpecification","valueRequired":true,"valueName":"search_term_string"}}],"inLanguage":"de"},{"@type":"Organization","@id":"https:\/\/stage.orfeve.com\/#organization","name":"ORF\u00c8VE","url":"https:\/\/stage.orfeve.com\/","logo":{"@type":"ImageObject","inLanguage":"de","@id":"https:\/\/stage.orfeve.com\/#\/schema\/logo\/image\/","url":"https:\/\/orfeve.com\/wp-content\/uploads\/2021\/05\/Orfeve-Manufacture-Suisse-de-Cacao-et-Chocolat-logo.jpeg","contentUrl":"https:\/\/orfeve.com\/wp-content\/uploads\/2021\/05\/Orfeve-Manufacture-Suisse-de-Cacao-et-Chocolat-logo.jpeg","width":427,"height":170,"caption":"ORF\u00c8VE"},"image":{"@id":"https:\/\/stage.orfeve.com\/#\/schema\/logo\/image\/"},"sameAs":["https:\/\/www.facebook.com\/orfevechocolat\/","https:\/\/x.com\/orfeve_Chocolat","https:\/\/www.instagram.com\/orfeve_chocolat\/","https:\/\/www.linkedin.com\/company\/orfeve\/"]}]}},"_links":{"self":[{"href":"https:\/\/stage.orfeve.com\/de\/wp-json\/wp\/v2\/product\/21367","targetHints":{"allow":["GET"]}}],"collection":[{"href":"https:\/\/stage.orfeve.com\/de\/wp-json\/wp\/v2\/product"}],"about":[{"href":"https:\/\/stage.orfeve.com\/de\/wp-json\/wp\/v2\/types\/product"}],"wp:featuredmedia":[{"embeddable":true,"href":"https:\/\/stage.orfeve.com\/de\/wp-json\/wp\/v2\/media\/22384"}],"wp:attachment":[{"href":"https:\/\/stage.orfeve.com\/de\/wp-json\/wp\/v2\/media?parent=21367"}],"wp:term":[{"taxonomy":"product_cat","embeddable":true,"href":"https:\/\/stage.orfeve.com\/de\/wp-json\/wp\/v2\/product_cat?post=21367"},{"taxonomy":"product_tag","embeddable":true,"href":"https:\/\/stage.orfeve.com\/de\/wp-json\/wp\/v2\/product_tag?post=21367"}],"curies":[{"name":"wp","href":"https:\/\/api.w.org\/{rel}","templated":true}]}}