{"id":21371,"date":"2019-07-28T14:56:32","date_gmt":"2021-09-15T13:24:05","guid":{"rendered":"https:\/\/orfeve.com\/shop\/unkategorisiert\/alto-piura-75-peru-extrafeine-schokolade\/"},"modified":"2023-01-17T11:31:01","modified_gmt":"2023-01-17T10:31:01","slug":"tafel-alto-piura-75-peru","status":"publish","type":"product","link":"https:\/\/stage.orfeve.com\/de\/shop\/noir-de-noir\/tafel-alto-piura-75-peru\/","title":{"rendered":"Alto Piura 75 (Peru) &#8211; Extrafeine Schokolade"},"content":{"rendered":"&#13;\r\n<p>Peru gilt als eine der Wiegen des urspr\u00fcnglichen Wildkakaos und hat ein reiches Erbe an einheimischen Sorten bewahrt, darunter die ber\u00fchmten Gran Blanco- Kakaobohnen.<\/p>&#13;\r\n&#13;\r\n<p>Dieser weisse Kakao, der 2008 wiederentdeckt wurde und als einer der edelsten der Welt gilt, wird im Alto-Piura-Tal im Nordwesten des Landes angebaut.<\/p>&#13;\r\n&#13;\r\n<p>Unsere Gran Blanco-Bohnen stammen aus einer Kooperative von Kleinproduzenten, die sich an die strengsten Regeln der nachhaltigen Entwicklung halten. Die unter 800 m.\u00fc.M. gelegenen Plantagen werden ausschlie\u00dflich in biologischer Landwirtschaft bewirtschaftet.<\/p>&#13;\r\n","protected":false},"excerpt":{"rendered":"<p>Dieser <em>Cru de Terroir<\/em> zeichnet sich durch eine herrliche Frische und eine zarte fruchtige S\u00e4ure aus, die von w\u00fcrzigen und holzigen Noten getragen wird.<\/p>\n","protected":false},"featured_media":22367,"template":"","meta":[],"product_cat":[296],"product_tag":[534],"class_list":{"0":"post-21371","1":"product","2":"type-product","3":"status-publish","4":"has-post-thumbnail","6":"product_cat-noir-de-noir","7":"product_tag-tafeln","9":"first","10":"instock","11":"taxable","12":"shipping-taxable","13":"purchasable","14":"product-type-simple"},"yoast_head":"<!-- This site is optimized with the Yoast SEO Premium plugin v22.4 (Yoast SEO v24.6) - https:\/\/yoast.com\/wordpress\/plugins\/seo\/ -->\n<title>Alto Piura 75 (Peru) - Noir de Noir - ORF\u00c8VE<\/title>\n<meta name=\"description\" content=\"ORF\u00c8VE Dunkle Schokolade aus Peru 75%, strahlend und kondensiert. Sch\u00f6ne S\u00e4ure mit Aromen von Aprikosen, Gew\u00fcrzen, Sandelholz und Cade.\" \/>\n<meta name=\"robots\" content=\"index, follow, max-snippet:-1, max-image-preview:large, max-video-preview:-1\" \/>\n<link rel=\"canonical\" href=\"https:\/\/stage.orfeve.com\/de\/shop\/noir-de-noir\/tafel-alto-piura-75-peru\/\" \/>\n<meta property=\"og:locale\" content=\"de_DE\" \/>\n<meta property=\"og:type\" content=\"article\" \/>\n<meta property=\"og:title\" content=\"Alto Piura 75 (Peru) - Extrafeine Schokolade\" \/>\n<meta property=\"og:description\" content=\"ORF\u00c8VE Dunkle Schokolade aus Peru 75%, strahlend und kondensiert. Sch\u00f6ne S\u00e4ure mit Aromen von Aprikosen, Gew\u00fcrzen, Sandelholz und Cade.\" \/>\n<meta property=\"og:url\" content=\"https:\/\/stage.orfeve.com\/de\/shop\/noir-de-noir\/tafel-alto-piura-75-peru\/\" \/>\n<meta property=\"og:site_name\" content=\"ORF\u00c8VE\" \/>\n<meta property=\"article:publisher\" content=\"https:\/\/www.facebook.com\/orfevechocolat\/\" \/>\n<meta property=\"article:modified_time\" content=\"2023-01-17T10:31:01+00:00\" \/>\n<meta property=\"og:image\" content=\"https:\/\/stage.orfeve.com\/wp-content\/uploads\/2019\/07\/Orfeve-Geneve-Alto-Piura-75-chocolat-noir-bean-to-bar.jpg\" \/>\n\t<meta property=\"og:image:width\" content=\"900\" \/>\n\t<meta property=\"og:image:height\" content=\"900\" \/>\n\t<meta property=\"og:image:type\" content=\"image\/jpeg\" \/>\n<meta name=\"twitter:card\" content=\"summary_large_image\" \/>\n<meta name=\"twitter:site\" content=\"@orfeve_Chocolat\" \/>\n<script type=\"application\/ld+json\" class=\"yoast-schema-graph\">{\"@context\":\"https:\/\/schema.org\",\"@graph\":[{\"@type\":\"WebPage\",\"@id\":\"https:\/\/stage.orfeve.com\/de\/shop\/noir-de-noir\/tafel-alto-piura-75-peru\/\",\"url\":\"https:\/\/stage.orfeve.com\/de\/shop\/noir-de-noir\/tafel-alto-piura-75-peru\/\",\"name\":\"Alto Piura 75 (Peru) - Noir de Noir - ORF\u00c8VE\",\"isPartOf\":{\"@id\":\"https:\/\/stage.orfeve.com\/#website\"},\"primaryImageOfPage\":{\"@id\":\"https:\/\/stage.orfeve.com\/de\/shop\/noir-de-noir\/tafel-alto-piura-75-peru\/#primaryimage\"},\"image\":{\"@id\":\"https:\/\/stage.orfeve.com\/de\/shop\/noir-de-noir\/tafel-alto-piura-75-peru\/#primaryimage\"},\"thumbnailUrl\":\"https:\/\/stage.orfeve.com\/wp-content\/uploads\/2019\/07\/Orfeve-Geneve-Alto-Piura-75-chocolat-noir-bean-to-bar.jpg\",\"datePublished\":\"2021-09-15T13:24:05+00:00\",\"dateModified\":\"2023-01-17T10:31:01+00:00\",\"description\":\"ORF\u00c8VE Dunkle Schokolade aus Peru 75%, strahlend und kondensiert. Sch\u00f6ne S\u00e4ure mit Aromen von Aprikosen, Gew\u00fcrzen, Sandelholz und Cade.\",\"breadcrumb\":{\"@id\":\"https:\/\/stage.orfeve.com\/de\/shop\/noir-de-noir\/tafel-alto-piura-75-peru\/#breadcrumb\"},\"inLanguage\":\"de\",\"potentialAction\":[{\"@type\":\"ReadAction\",\"target\":[\"https:\/\/stage.orfeve.com\/de\/shop\/noir-de-noir\/tafel-alto-piura-75-peru\/\"]}]},{\"@type\":\"ImageObject\",\"inLanguage\":\"de\",\"@id\":\"https:\/\/stage.orfeve.com\/de\/shop\/noir-de-noir\/tafel-alto-piura-75-peru\/#primaryimage\",\"url\":\"https:\/\/stage.orfeve.com\/wp-content\/uploads\/2019\/07\/Orfeve-Geneve-Alto-Piura-75-chocolat-noir-bean-to-bar.jpg\",\"contentUrl\":\"https:\/\/stage.orfeve.com\/wp-content\/uploads\/2019\/07\/Orfeve-Geneve-Alto-Piura-75-chocolat-noir-bean-to-bar.jpg\",\"width\":900,\"height\":900},{\"@type\":\"BreadcrumbList\",\"@id\":\"https:\/\/stage.orfeve.com\/de\/shop\/noir-de-noir\/tafel-alto-piura-75-peru\/#breadcrumb\",\"itemListElement\":[{\"@type\":\"ListItem\",\"position\":1,\"name\":\"Home\",\"item\":\"https:\/\/stage.orfeve.com\/de\/\"},{\"@type\":\"ListItem\",\"position\":2,\"name\":\"Shop\",\"item\":\"https:\/\/stage.orfeve.com\/de\/shop\/\"},{\"@type\":\"ListItem\",\"position\":3,\"name\":\"Alto Piura 75 (Peru) &#8211; Extrafeine Schokolade\"}]},{\"@type\":\"WebSite\",\"@id\":\"https:\/\/stage.orfeve.com\/#website\",\"url\":\"https:\/\/stage.orfeve.com\/\",\"name\":\"ORF\u00c8VE\",\"description\":\"Manufacture Suisse de Cacao et Chocolat Bean to Bar\",\"publisher\":{\"@id\":\"https:\/\/stage.orfeve.com\/#organization\"},\"potentialAction\":[{\"@type\":\"SearchAction\",\"target\":{\"@type\":\"EntryPoint\",\"urlTemplate\":\"https:\/\/stage.orfeve.com\/?s={search_term_string}\"},\"query-input\":{\"@type\":\"PropertyValueSpecification\",\"valueRequired\":true,\"valueName\":\"search_term_string\"}}],\"inLanguage\":\"de\"},{\"@type\":\"Organization\",\"@id\":\"https:\/\/stage.orfeve.com\/#organization\",\"name\":\"ORF\u00c8VE\",\"url\":\"https:\/\/stage.orfeve.com\/\",\"logo\":{\"@type\":\"ImageObject\",\"inLanguage\":\"de\",\"@id\":\"https:\/\/stage.orfeve.com\/#\/schema\/logo\/image\/\",\"url\":\"https:\/\/orfeve.com\/wp-content\/uploads\/2021\/05\/Orfeve-Manufacture-Suisse-de-Cacao-et-Chocolat-logo.jpeg\",\"contentUrl\":\"https:\/\/orfeve.com\/wp-content\/uploads\/2021\/05\/Orfeve-Manufacture-Suisse-de-Cacao-et-Chocolat-logo.jpeg\",\"width\":427,\"height\":170,\"caption\":\"ORF\u00c8VE\"},\"image\":{\"@id\":\"https:\/\/stage.orfeve.com\/#\/schema\/logo\/image\/\"},\"sameAs\":[\"https:\/\/www.facebook.com\/orfevechocolat\/\",\"https:\/\/x.com\/orfeve_Chocolat\",\"https:\/\/www.instagram.com\/orfeve_chocolat\/\",\"https:\/\/www.linkedin.com\/company\/orfeve\/\"]}]}<\/script>\n<!-- \/ Yoast SEO Premium plugin. -->","yoast_head_json":{"title":"Alto Piura 75 (Peru) - Noir de Noir - ORF\u00c8VE","description":"ORF\u00c8VE Dunkle Schokolade aus Peru 75%, strahlend und kondensiert. Sch\u00f6ne S\u00e4ure mit Aromen von Aprikosen, Gew\u00fcrzen, Sandelholz und Cade.","robots":{"index":"index","follow":"follow","max-snippet":"max-snippet:-1","max-image-preview":"max-image-preview:large","max-video-preview":"max-video-preview:-1"},"canonical":"https:\/\/stage.orfeve.com\/de\/shop\/noir-de-noir\/tafel-alto-piura-75-peru\/","og_locale":"de_DE","og_type":"article","og_title":"Alto Piura 75 (Peru) - Extrafeine Schokolade","og_description":"ORF\u00c8VE Dunkle Schokolade aus Peru 75%, strahlend und kondensiert. Sch\u00f6ne S\u00e4ure mit Aromen von Aprikosen, Gew\u00fcrzen, Sandelholz und Cade.","og_url":"https:\/\/stage.orfeve.com\/de\/shop\/noir-de-noir\/tafel-alto-piura-75-peru\/","og_site_name":"ORF\u00c8VE","article_publisher":"https:\/\/www.facebook.com\/orfevechocolat\/","article_modified_time":"2023-01-17T10:31:01+00:00","og_image":[{"width":900,"height":900,"url":"https:\/\/stage.orfeve.com\/wp-content\/uploads\/2019\/07\/Orfeve-Geneve-Alto-Piura-75-chocolat-noir-bean-to-bar.jpg","type":"image\/jpeg"}],"twitter_card":"summary_large_image","twitter_site":"@orfeve_Chocolat","schema":{"@context":"https:\/\/schema.org","@graph":[{"@type":"WebPage","@id":"https:\/\/stage.orfeve.com\/de\/shop\/noir-de-noir\/tafel-alto-piura-75-peru\/","url":"https:\/\/stage.orfeve.com\/de\/shop\/noir-de-noir\/tafel-alto-piura-75-peru\/","name":"Alto Piura 75 (Peru) - Noir de Noir - ORF\u00c8VE","isPartOf":{"@id":"https:\/\/stage.orfeve.com\/#website"},"primaryImageOfPage":{"@id":"https:\/\/stage.orfeve.com\/de\/shop\/noir-de-noir\/tafel-alto-piura-75-peru\/#primaryimage"},"image":{"@id":"https:\/\/stage.orfeve.com\/de\/shop\/noir-de-noir\/tafel-alto-piura-75-peru\/#primaryimage"},"thumbnailUrl":"https:\/\/stage.orfeve.com\/wp-content\/uploads\/2019\/07\/Orfeve-Geneve-Alto-Piura-75-chocolat-noir-bean-to-bar.jpg","datePublished":"2021-09-15T13:24:05+00:00","dateModified":"2023-01-17T10:31:01+00:00","description":"ORF\u00c8VE Dunkle Schokolade aus Peru 75%, strahlend und kondensiert. Sch\u00f6ne S\u00e4ure mit Aromen von Aprikosen, Gew\u00fcrzen, Sandelholz und Cade.","breadcrumb":{"@id":"https:\/\/stage.orfeve.com\/de\/shop\/noir-de-noir\/tafel-alto-piura-75-peru\/#breadcrumb"},"inLanguage":"de","potentialAction":[{"@type":"ReadAction","target":["https:\/\/stage.orfeve.com\/de\/shop\/noir-de-noir\/tafel-alto-piura-75-peru\/"]}]},{"@type":"ImageObject","inLanguage":"de","@id":"https:\/\/stage.orfeve.com\/de\/shop\/noir-de-noir\/tafel-alto-piura-75-peru\/#primaryimage","url":"https:\/\/stage.orfeve.com\/wp-content\/uploads\/2019\/07\/Orfeve-Geneve-Alto-Piura-75-chocolat-noir-bean-to-bar.jpg","contentUrl":"https:\/\/stage.orfeve.com\/wp-content\/uploads\/2019\/07\/Orfeve-Geneve-Alto-Piura-75-chocolat-noir-bean-to-bar.jpg","width":900,"height":900},{"@type":"BreadcrumbList","@id":"https:\/\/stage.orfeve.com\/de\/shop\/noir-de-noir\/tafel-alto-piura-75-peru\/#breadcrumb","itemListElement":[{"@type":"ListItem","position":1,"name":"Home","item":"https:\/\/stage.orfeve.com\/de\/"},{"@type":"ListItem","position":2,"name":"Shop","item":"https:\/\/stage.orfeve.com\/de\/shop\/"},{"@type":"ListItem","position":3,"name":"Alto Piura 75 (Peru) &#8211; Extrafeine Schokolade"}]},{"@type":"WebSite","@id":"https:\/\/stage.orfeve.com\/#website","url":"https:\/\/stage.orfeve.com\/","name":"ORF\u00c8VE","description":"Manufacture Suisse de Cacao et Chocolat Bean to Bar","publisher":{"@id":"https:\/\/stage.orfeve.com\/#organization"},"potentialAction":[{"@type":"SearchAction","target":{"@type":"EntryPoint","urlTemplate":"https:\/\/stage.orfeve.com\/?s={search_term_string}"},"query-input":{"@type":"PropertyValueSpecification","valueRequired":true,"valueName":"search_term_string"}}],"inLanguage":"de"},{"@type":"Organization","@id":"https:\/\/stage.orfeve.com\/#organization","name":"ORF\u00c8VE","url":"https:\/\/stage.orfeve.com\/","logo":{"@type":"ImageObject","inLanguage":"de","@id":"https:\/\/stage.orfeve.com\/#\/schema\/logo\/image\/","url":"https:\/\/orfeve.com\/wp-content\/uploads\/2021\/05\/Orfeve-Manufacture-Suisse-de-Cacao-et-Chocolat-logo.jpeg","contentUrl":"https:\/\/orfeve.com\/wp-content\/uploads\/2021\/05\/Orfeve-Manufacture-Suisse-de-Cacao-et-Chocolat-logo.jpeg","width":427,"height":170,"caption":"ORF\u00c8VE"},"image":{"@id":"https:\/\/stage.orfeve.com\/#\/schema\/logo\/image\/"},"sameAs":["https:\/\/www.facebook.com\/orfevechocolat\/","https:\/\/x.com\/orfeve_Chocolat","https:\/\/www.instagram.com\/orfeve_chocolat\/","https:\/\/www.linkedin.com\/company\/orfeve\/"]}]}},"_links":{"self":[{"href":"https:\/\/stage.orfeve.com\/de\/wp-json\/wp\/v2\/product\/21371","targetHints":{"allow":["GET"]}}],"collection":[{"href":"https:\/\/stage.orfeve.com\/de\/wp-json\/wp\/v2\/product"}],"about":[{"href":"https:\/\/stage.orfeve.com\/de\/wp-json\/wp\/v2\/types\/product"}],"wp:featuredmedia":[{"embeddable":true,"href":"https:\/\/stage.orfeve.com\/de\/wp-json\/wp\/v2\/media\/22367"}],"wp:attachment":[{"href":"https:\/\/stage.orfeve.com\/de\/wp-json\/wp\/v2\/media?parent=21371"}],"wp:term":[{"taxonomy":"product_cat","embeddable":true,"href":"https:\/\/stage.orfeve.com\/de\/wp-json\/wp\/v2\/product_cat?post=21371"},{"taxonomy":"product_tag","embeddable":true,"href":"https:\/\/stage.orfeve.com\/de\/wp-json\/wp\/v2\/product_tag?post=21371"}],"curies":[{"name":"wp","href":"https:\/\/api.w.org\/{rel}","templated":true}]}}