{"id":21455,"date":"2021-10-19T14:34:09","date_gmt":"2021-10-19T12:34:10","guid":{"rendered":"https:\/\/orfeve.com\/?post_type=product&#038;p=21455"},"modified":"2023-01-17T11:29:12","modified_gmt":"2023-01-17T10:29:12","slug":"tafel-lesterre-70-grenada","status":"publish","type":"product","link":"https:\/\/stage.orfeve.com\/de\/shop\/noir-de-noir\/tafel-lesterre-70-grenada\/","title":{"rendered":"L&#8217;Esterre 70 (Grenada) &#8211; Extrafeine Schokolade"},"content":{"rendered":"&#13;\n<p>Die 150 km n\u00f6rdlich der K\u00fcste Venezuelas gelegene Insel Grenada wird wegen ihrer Zimt-, Nelken-, Muskatnuss- und Kurkuma-Plantagen gerne \u00abGew\u00fcrzinsel\u00bb genannt.<\/p>&#13;\n&#13;\n<p>Seit 1714 wird hier auch ein fruchtiger und blumiger Kakao angebaut, der von den dichten und grossz\u00fcgigen vulkanischen B\u00f6den profitiert.<\/p>&#13;\n&#13;\n<p>Das Domaine L&#8217;Esterre ist seit \u00fcber 70 Jahren im alleinigen Besitz der Familie Ramdhanny. Die Plantage befindet sich im Nordosten der Insel, am Fusse von mit Regenwald bedeckten H\u00fcgeln.<\/p>&#13;\n&#13;\n<p>Die Familie baut Kakao und Muskatnuss streng nach den Regeln des biologischen Landbaus und der nachhaltigen Agroforstwirtschaft an und bewahrt so den Reichtum und die Fruchtbarkeit des Bodens.<\/p>&#13;\n&#13;\n<p>Die Bohnen werden in der Trockenzeit zwischen November und April geerntet und anschliessend 7 bis 8 Tage lang auf dem Weingut fermentiert, bevor sie 6 bis 7 Tage lang in der Sonne getrocknet werden.<\/p>&#13;\n","protected":false},"excerpt":{"rendered":"<p>Dieser aussergew\u00f6hnliche <em>Cru de Propri\u00e9t\u00e9<\/em> zeichnet sich durch seine cremige S\u00fcsse und zarte Aromen von Banane, Fr\u00fcchten und N\u00fcssen aus.<\/p>\n","protected":false},"featured_media":22387,"template":"","meta":[],"product_cat":[296],"product_tag":[534],"class_list":{"0":"post-21455","1":"product","2":"type-product","3":"status-publish","4":"has-post-thumbnail","6":"product_cat-noir-de-noir","7":"product_tag-tafeln","9":"first","10":"instock","11":"taxable","12":"shipping-taxable","13":"purchasable","14":"product-type-simple"},"yoast_head":"<!-- This site is optimized with the Yoast SEO Premium plugin v22.4 (Yoast SEO v24.6) - https:\/\/yoast.com\/wordpress\/plugins\/seo\/ -->\n<title>L&#039;Esterre 70 (Grenada) - Noir de Noir - ORF\u00c8VE<\/title>\n<meta name=\"description\" content=\"ORF\u00c8VE Dunkle Schokolade aus Grenada 70%, frisch und zauberhaft. Aromen von Banane, Passionsfrucht und gr\u00fcnem Tee.\" \/>\n<meta name=\"robots\" content=\"index, follow, max-snippet:-1, max-image-preview:large, max-video-preview:-1\" \/>\n<link rel=\"canonical\" href=\"https:\/\/stage.orfeve.com\/de\/shop\/noir-de-noir\/tafel-lesterre-70-grenada\/\" \/>\n<meta property=\"og:locale\" content=\"de_DE\" \/>\n<meta property=\"og:type\" content=\"article\" \/>\n<meta property=\"og:title\" content=\"L&#039;Esterre 70 (Grenada) - Extrafeine Schokolade\" \/>\n<meta property=\"og:description\" content=\"ORF\u00c8VE Dunkle Schokolade aus Grenada 70%, frisch und zauberhaft. Aromen von Banane, Passionsfrucht und gr\u00fcnem Tee.\" \/>\n<meta property=\"og:url\" content=\"https:\/\/stage.orfeve.com\/de\/shop\/noir-de-noir\/tafel-lesterre-70-grenada\/\" \/>\n<meta property=\"og:site_name\" content=\"ORF\u00c8VE\" \/>\n<meta property=\"article:publisher\" content=\"https:\/\/www.facebook.com\/orfevechocolat\/\" \/>\n<meta property=\"article:modified_time\" content=\"2023-01-17T10:29:12+00:00\" \/>\n<meta property=\"og:image\" content=\"https:\/\/stage.orfeve.com\/wp-content\/uploads\/2021\/10\/Orfeve-Geneve-L-Esterre-70-chocolat-noir-bean-to-bar.jpg\" \/>\n\t<meta property=\"og:image:width\" content=\"900\" \/>\n\t<meta property=\"og:image:height\" content=\"900\" \/>\n\t<meta property=\"og:image:type\" content=\"image\/jpeg\" \/>\n<meta name=\"twitter:card\" content=\"summary_large_image\" \/>\n<meta name=\"twitter:site\" content=\"@orfeve_Chocolat\" \/>\n<meta name=\"twitter:label1\" content=\"Gesch\u00e4tzte Lesezeit\" \/>\n\t<meta name=\"twitter:data1\" content=\"1\u00a0Minute\" \/>\n<script type=\"application\/ld+json\" class=\"yoast-schema-graph\">{\"@context\":\"https:\/\/schema.org\",\"@graph\":[{\"@type\":\"WebPage\",\"@id\":\"https:\/\/stage.orfeve.com\/de\/shop\/noir-de-noir\/tafel-lesterre-70-grenada\/\",\"url\":\"https:\/\/stage.orfeve.com\/de\/shop\/noir-de-noir\/tafel-lesterre-70-grenada\/\",\"name\":\"L'Esterre 70 (Grenada) - Noir de Noir - ORF\u00c8VE\",\"isPartOf\":{\"@id\":\"https:\/\/stage.orfeve.com\/#website\"},\"primaryImageOfPage\":{\"@id\":\"https:\/\/stage.orfeve.com\/de\/shop\/noir-de-noir\/tafel-lesterre-70-grenada\/#primaryimage\"},\"image\":{\"@id\":\"https:\/\/stage.orfeve.com\/de\/shop\/noir-de-noir\/tafel-lesterre-70-grenada\/#primaryimage\"},\"thumbnailUrl\":\"https:\/\/stage.orfeve.com\/wp-content\/uploads\/2021\/10\/Orfeve-Geneve-L-Esterre-70-chocolat-noir-bean-to-bar.jpg\",\"datePublished\":\"2021-10-19T12:34:10+00:00\",\"dateModified\":\"2023-01-17T10:29:12+00:00\",\"description\":\"ORF\u00c8VE Dunkle Schokolade aus Grenada 70%, frisch und zauberhaft. Aromen von Banane, Passionsfrucht und gr\u00fcnem Tee.\",\"breadcrumb\":{\"@id\":\"https:\/\/stage.orfeve.com\/de\/shop\/noir-de-noir\/tafel-lesterre-70-grenada\/#breadcrumb\"},\"inLanguage\":\"de\",\"potentialAction\":[{\"@type\":\"ReadAction\",\"target\":[\"https:\/\/stage.orfeve.com\/de\/shop\/noir-de-noir\/tafel-lesterre-70-grenada\/\"]}]},{\"@type\":\"ImageObject\",\"inLanguage\":\"de\",\"@id\":\"https:\/\/stage.orfeve.com\/de\/shop\/noir-de-noir\/tafel-lesterre-70-grenada\/#primaryimage\",\"url\":\"https:\/\/stage.orfeve.com\/wp-content\/uploads\/2021\/10\/Orfeve-Geneve-L-Esterre-70-chocolat-noir-bean-to-bar.jpg\",\"contentUrl\":\"https:\/\/stage.orfeve.com\/wp-content\/uploads\/2021\/10\/Orfeve-Geneve-L-Esterre-70-chocolat-noir-bean-to-bar.jpg\",\"width\":900,\"height\":900},{\"@type\":\"BreadcrumbList\",\"@id\":\"https:\/\/stage.orfeve.com\/de\/shop\/noir-de-noir\/tafel-lesterre-70-grenada\/#breadcrumb\",\"itemListElement\":[{\"@type\":\"ListItem\",\"position\":1,\"name\":\"Home\",\"item\":\"https:\/\/stage.orfeve.com\/de\/\"},{\"@type\":\"ListItem\",\"position\":2,\"name\":\"Shop\",\"item\":\"https:\/\/stage.orfeve.com\/de\/shop\/\"},{\"@type\":\"ListItem\",\"position\":3,\"name\":\"L&#8217;Esterre 70 (Grenada) &#8211; Extrafeine Schokolade\"}]},{\"@type\":\"WebSite\",\"@id\":\"https:\/\/stage.orfeve.com\/#website\",\"url\":\"https:\/\/stage.orfeve.com\/\",\"name\":\"ORF\u00c8VE\",\"description\":\"Manufacture Suisse de Cacao et Chocolat Bean to Bar\",\"publisher\":{\"@id\":\"https:\/\/stage.orfeve.com\/#organization\"},\"potentialAction\":[{\"@type\":\"SearchAction\",\"target\":{\"@type\":\"EntryPoint\",\"urlTemplate\":\"https:\/\/stage.orfeve.com\/?s={search_term_string}\"},\"query-input\":{\"@type\":\"PropertyValueSpecification\",\"valueRequired\":true,\"valueName\":\"search_term_string\"}}],\"inLanguage\":\"de\"},{\"@type\":\"Organization\",\"@id\":\"https:\/\/stage.orfeve.com\/#organization\",\"name\":\"ORF\u00c8VE\",\"url\":\"https:\/\/stage.orfeve.com\/\",\"logo\":{\"@type\":\"ImageObject\",\"inLanguage\":\"de\",\"@id\":\"https:\/\/stage.orfeve.com\/#\/schema\/logo\/image\/\",\"url\":\"https:\/\/orfeve.com\/wp-content\/uploads\/2021\/05\/Orfeve-Manufacture-Suisse-de-Cacao-et-Chocolat-logo.jpeg\",\"contentUrl\":\"https:\/\/orfeve.com\/wp-content\/uploads\/2021\/05\/Orfeve-Manufacture-Suisse-de-Cacao-et-Chocolat-logo.jpeg\",\"width\":427,\"height\":170,\"caption\":\"ORF\u00c8VE\"},\"image\":{\"@id\":\"https:\/\/stage.orfeve.com\/#\/schema\/logo\/image\/\"},\"sameAs\":[\"https:\/\/www.facebook.com\/orfevechocolat\/\",\"https:\/\/x.com\/orfeve_Chocolat\",\"https:\/\/www.instagram.com\/orfeve_chocolat\/\",\"https:\/\/www.linkedin.com\/company\/orfeve\/\"]}]}<\/script>\n<!-- \/ Yoast SEO Premium plugin. -->","yoast_head_json":{"title":"L'Esterre 70 (Grenada) - Noir de Noir - ORF\u00c8VE","description":"ORF\u00c8VE Dunkle Schokolade aus Grenada 70%, frisch und zauberhaft. Aromen von Banane, Passionsfrucht und gr\u00fcnem Tee.","robots":{"index":"index","follow":"follow","max-snippet":"max-snippet:-1","max-image-preview":"max-image-preview:large","max-video-preview":"max-video-preview:-1"},"canonical":"https:\/\/stage.orfeve.com\/de\/shop\/noir-de-noir\/tafel-lesterre-70-grenada\/","og_locale":"de_DE","og_type":"article","og_title":"L'Esterre 70 (Grenada) - Extrafeine Schokolade","og_description":"ORF\u00c8VE Dunkle Schokolade aus Grenada 70%, frisch und zauberhaft. Aromen von Banane, Passionsfrucht und gr\u00fcnem Tee.","og_url":"https:\/\/stage.orfeve.com\/de\/shop\/noir-de-noir\/tafel-lesterre-70-grenada\/","og_site_name":"ORF\u00c8VE","article_publisher":"https:\/\/www.facebook.com\/orfevechocolat\/","article_modified_time":"2023-01-17T10:29:12+00:00","og_image":[{"width":900,"height":900,"url":"https:\/\/stage.orfeve.com\/wp-content\/uploads\/2021\/10\/Orfeve-Geneve-L-Esterre-70-chocolat-noir-bean-to-bar.jpg","type":"image\/jpeg"}],"twitter_card":"summary_large_image","twitter_site":"@orfeve_Chocolat","twitter_misc":{"Gesch\u00e4tzte Lesezeit":"1\u00a0Minute"},"schema":{"@context":"https:\/\/schema.org","@graph":[{"@type":"WebPage","@id":"https:\/\/stage.orfeve.com\/de\/shop\/noir-de-noir\/tafel-lesterre-70-grenada\/","url":"https:\/\/stage.orfeve.com\/de\/shop\/noir-de-noir\/tafel-lesterre-70-grenada\/","name":"L'Esterre 70 (Grenada) - Noir de Noir - ORF\u00c8VE","isPartOf":{"@id":"https:\/\/stage.orfeve.com\/#website"},"primaryImageOfPage":{"@id":"https:\/\/stage.orfeve.com\/de\/shop\/noir-de-noir\/tafel-lesterre-70-grenada\/#primaryimage"},"image":{"@id":"https:\/\/stage.orfeve.com\/de\/shop\/noir-de-noir\/tafel-lesterre-70-grenada\/#primaryimage"},"thumbnailUrl":"https:\/\/stage.orfeve.com\/wp-content\/uploads\/2021\/10\/Orfeve-Geneve-L-Esterre-70-chocolat-noir-bean-to-bar.jpg","datePublished":"2021-10-19T12:34:10+00:00","dateModified":"2023-01-17T10:29:12+00:00","description":"ORF\u00c8VE Dunkle Schokolade aus Grenada 70%, frisch und zauberhaft. Aromen von Banane, Passionsfrucht und gr\u00fcnem Tee.","breadcrumb":{"@id":"https:\/\/stage.orfeve.com\/de\/shop\/noir-de-noir\/tafel-lesterre-70-grenada\/#breadcrumb"},"inLanguage":"de","potentialAction":[{"@type":"ReadAction","target":["https:\/\/stage.orfeve.com\/de\/shop\/noir-de-noir\/tafel-lesterre-70-grenada\/"]}]},{"@type":"ImageObject","inLanguage":"de","@id":"https:\/\/stage.orfeve.com\/de\/shop\/noir-de-noir\/tafel-lesterre-70-grenada\/#primaryimage","url":"https:\/\/stage.orfeve.com\/wp-content\/uploads\/2021\/10\/Orfeve-Geneve-L-Esterre-70-chocolat-noir-bean-to-bar.jpg","contentUrl":"https:\/\/stage.orfeve.com\/wp-content\/uploads\/2021\/10\/Orfeve-Geneve-L-Esterre-70-chocolat-noir-bean-to-bar.jpg","width":900,"height":900},{"@type":"BreadcrumbList","@id":"https:\/\/stage.orfeve.com\/de\/shop\/noir-de-noir\/tafel-lesterre-70-grenada\/#breadcrumb","itemListElement":[{"@type":"ListItem","position":1,"name":"Home","item":"https:\/\/stage.orfeve.com\/de\/"},{"@type":"ListItem","position":2,"name":"Shop","item":"https:\/\/stage.orfeve.com\/de\/shop\/"},{"@type":"ListItem","position":3,"name":"L&#8217;Esterre 70 (Grenada) &#8211; Extrafeine Schokolade"}]},{"@type":"WebSite","@id":"https:\/\/stage.orfeve.com\/#website","url":"https:\/\/stage.orfeve.com\/","name":"ORF\u00c8VE","description":"Manufacture Suisse de Cacao et Chocolat Bean to Bar","publisher":{"@id":"https:\/\/stage.orfeve.com\/#organization"},"potentialAction":[{"@type":"SearchAction","target":{"@type":"EntryPoint","urlTemplate":"https:\/\/stage.orfeve.com\/?s={search_term_string}"},"query-input":{"@type":"PropertyValueSpecification","valueRequired":true,"valueName":"search_term_string"}}],"inLanguage":"de"},{"@type":"Organization","@id":"https:\/\/stage.orfeve.com\/#organization","name":"ORF\u00c8VE","url":"https:\/\/stage.orfeve.com\/","logo":{"@type":"ImageObject","inLanguage":"de","@id":"https:\/\/stage.orfeve.com\/#\/schema\/logo\/image\/","url":"https:\/\/orfeve.com\/wp-content\/uploads\/2021\/05\/Orfeve-Manufacture-Suisse-de-Cacao-et-Chocolat-logo.jpeg","contentUrl":"https:\/\/orfeve.com\/wp-content\/uploads\/2021\/05\/Orfeve-Manufacture-Suisse-de-Cacao-et-Chocolat-logo.jpeg","width":427,"height":170,"caption":"ORF\u00c8VE"},"image":{"@id":"https:\/\/stage.orfeve.com\/#\/schema\/logo\/image\/"},"sameAs":["https:\/\/www.facebook.com\/orfevechocolat\/","https:\/\/x.com\/orfeve_Chocolat","https:\/\/www.instagram.com\/orfeve_chocolat\/","https:\/\/www.linkedin.com\/company\/orfeve\/"]}]}},"_links":{"self":[{"href":"https:\/\/stage.orfeve.com\/de\/wp-json\/wp\/v2\/product\/21455","targetHints":{"allow":["GET"]}}],"collection":[{"href":"https:\/\/stage.orfeve.com\/de\/wp-json\/wp\/v2\/product"}],"about":[{"href":"https:\/\/stage.orfeve.com\/de\/wp-json\/wp\/v2\/types\/product"}],"wp:featuredmedia":[{"embeddable":true,"href":"https:\/\/stage.orfeve.com\/de\/wp-json\/wp\/v2\/media\/22387"}],"wp:attachment":[{"href":"https:\/\/stage.orfeve.com\/de\/wp-json\/wp\/v2\/media?parent=21455"}],"wp:term":[{"taxonomy":"product_cat","embeddable":true,"href":"https:\/\/stage.orfeve.com\/de\/wp-json\/wp\/v2\/product_cat?post=21455"},{"taxonomy":"product_tag","embeddable":true,"href":"https:\/\/stage.orfeve.com\/de\/wp-json\/wp\/v2\/product_tag?post=21455"}],"curies":[{"name":"wp","href":"https:\/\/api.w.org\/{rel}","templated":true}]}}