{"id":21894,"date":"2022-02-04T15:57:56","date_gmt":"2022-02-04T14:57:56","guid":{"rendered":"https:\/\/orfeve.com\/?post_type=product&#038;p=21894"},"modified":"2023-01-17T11:28:19","modified_gmt":"2023-01-17T10:28:19","slug":"napolitains-peru-kollektion","status":"publish","type":"product","link":"https:\/\/stage.orfeve.com\/de\/shop\/gourmet-sets\/napolitains-peru-kollektion\/","title":{"rendered":"Peru Kollektion Napolitains"},"content":{"rendered":"\r\n<p>Peru gilt als eine der Wiegen des urspr\u00fcnglichen wilden Kakaos und hat ein reiches Erbe an nativen Sorten bewahrt.<\/p>\r\n\r\n\r\n\r\n<p>Orf\u00e8ve hat drei davon f\u00fcr dieses Gourmet-Set ausgew\u00e4hlt: Gran Blanco aus Alto Piura im Nordwesten des Landes, Chuncho Urushaia aus Quillabamba in der Region Machu Pichu und Nacional aus San Ignacio entlang des Rio Mara\u00f1on.<\/p>\r\n\r\n\r\n\r\n<p>All diese Kakaosorten wurden erst vor etwa zehn Jahren wiederentdeckt und werden dank der Bem\u00fchungen von Hunderten von Kleinbauern, die sich in Kooperativen zusammengeschlossen haben, geduldig aufgewertet.<\/p>\r\n\r\n\r\n\r\n<p>Diese Kakaosorten sind schwer anzubauen und zu Schokolade zu verarbeiten, anf\u00e4llig f\u00fcr Krankheiten und in ihren Ertr\u00e4gen begrenzt. Dennoch bieten sie aussergew\u00f6hnliche Geschmacks- und Aromapaletten, die wir mit Stolz hervorheben.<\/p>\r\n\r\n<p>&nbsp;<\/p>","protected":false},"excerpt":{"rendered":"<p>Entdecken Sie den Reichtum und die Vielfalt der peruanischen Terroirs mit diesem Gourmet-Set. Es pr\u00e4sentiert unsere Schokoladen San Ignacio 70, Quillabamba 70, Alto Piura 75 in unserem traditionellen Rezept <em>Noir de Noir<\/em>. Sowie den Alto Piura 70 in unerem knusprigen Rezept <em>Brut de Noir.<\/em><\/p>\n","protected":false},"featured_media":21905,"template":"","meta":[],"product_cat":[443],"product_tag":[532],"class_list":{"0":"post-21894","1":"product","2":"type-product","3":"status-publish","4":"has-post-thumbnail","6":"product_cat-gourmet-sets","7":"product_tag-napolitains-de","9":"first","10":"instock","11":"taxable","12":"shipping-taxable","13":"purchasable","14":"product-type-simple"},"yoast_head":"<!-- This site is optimized with the Yoast SEO Premium plugin v22.4 (Yoast SEO v24.6) - https:\/\/yoast.com\/wordpress\/plugins\/seo\/ -->\n<title>Napolitains Peru Kollektion - ORF\u00c8VE<\/title>\n<meta name=\"description\" content=\"Discovery box von ORF\u00c8VE Dunkle Schokolade aus Peru, aus Kakao aus peruanischen Terroirs, die von ORF\u00c8VE fein ausgew\u00e4hlt wurden.\" \/>\n<meta name=\"robots\" content=\"index, follow, max-snippet:-1, max-image-preview:large, max-video-preview:-1\" \/>\n<link rel=\"canonical\" href=\"https:\/\/stage.orfeve.com\/de\/shop\/gourmet-sets\/napolitains-peru-kollektion\/\" \/>\n<meta property=\"og:locale\" content=\"de_DE\" \/>\n<meta property=\"og:type\" content=\"article\" \/>\n<meta property=\"og:title\" content=\"Peru Kollektion Napolitains\" \/>\n<meta property=\"og:description\" content=\"Discovery box von ORF\u00c8VE Dunkle Schokolade aus Peru, aus Kakao aus peruanischen Terroirs, die von ORF\u00c8VE fein ausgew\u00e4hlt wurden.\" \/>\n<meta property=\"og:url\" content=\"https:\/\/stage.orfeve.com\/de\/shop\/gourmet-sets\/napolitains-peru-kollektion\/\" \/>\n<meta property=\"og:site_name\" content=\"ORF\u00c8VE\" \/>\n<meta property=\"article:publisher\" content=\"https:\/\/www.facebook.com\/orfevechocolat\/\" \/>\n<meta property=\"article:modified_time\" content=\"2023-01-17T10:28:19+00:00\" \/>\n<meta property=\"og:image\" content=\"https:\/\/stage.orfeve.com\/wp-content\/uploads\/2022\/02\/Orfeve-Manufacture-Suisse-de-Cacao-et-Chocolat-bean-to-bar-coffret-napolitains-collection-perou.jpg\" \/>\n\t<meta property=\"og:image:width\" content=\"900\" \/>\n\t<meta property=\"og:image:height\" content=\"900\" \/>\n\t<meta property=\"og:image:type\" content=\"image\/jpeg\" \/>\n<meta name=\"twitter:card\" content=\"summary_large_image\" \/>\n<meta name=\"twitter:site\" content=\"@orfeve_Chocolat\" \/>\n<meta name=\"twitter:label1\" content=\"Gesch\u00e4tzte Lesezeit\" \/>\n\t<meta name=\"twitter:data1\" content=\"1\u00a0Minute\" \/>\n<script type=\"application\/ld+json\" class=\"yoast-schema-graph\">{\"@context\":\"https:\/\/schema.org\",\"@graph\":[{\"@type\":\"WebPage\",\"@id\":\"https:\/\/stage.orfeve.com\/de\/shop\/gourmet-sets\/napolitains-peru-kollektion\/\",\"url\":\"https:\/\/stage.orfeve.com\/de\/shop\/gourmet-sets\/napolitains-peru-kollektion\/\",\"name\":\"Napolitains Peru Kollektion - ORF\u00c8VE\",\"isPartOf\":{\"@id\":\"https:\/\/stage.orfeve.com\/#website\"},\"primaryImageOfPage\":{\"@id\":\"https:\/\/stage.orfeve.com\/de\/shop\/gourmet-sets\/napolitains-peru-kollektion\/#primaryimage\"},\"image\":{\"@id\":\"https:\/\/stage.orfeve.com\/de\/shop\/gourmet-sets\/napolitains-peru-kollektion\/#primaryimage\"},\"thumbnailUrl\":\"https:\/\/stage.orfeve.com\/wp-content\/uploads\/2022\/02\/Orfeve-Manufacture-Suisse-de-Cacao-et-Chocolat-bean-to-bar-coffret-napolitains-collection-perou.jpg\",\"datePublished\":\"2022-02-04T14:57:56+00:00\",\"dateModified\":\"2023-01-17T10:28:19+00:00\",\"description\":\"Discovery box von ORF\u00c8VE Dunkle Schokolade aus Peru, aus Kakao aus peruanischen Terroirs, die von ORF\u00c8VE fein ausgew\u00e4hlt wurden.\",\"breadcrumb\":{\"@id\":\"https:\/\/stage.orfeve.com\/de\/shop\/gourmet-sets\/napolitains-peru-kollektion\/#breadcrumb\"},\"inLanguage\":\"de\",\"potentialAction\":[{\"@type\":\"ReadAction\",\"target\":[\"https:\/\/stage.orfeve.com\/de\/shop\/gourmet-sets\/napolitains-peru-kollektion\/\"]}]},{\"@type\":\"ImageObject\",\"inLanguage\":\"de\",\"@id\":\"https:\/\/stage.orfeve.com\/de\/shop\/gourmet-sets\/napolitains-peru-kollektion\/#primaryimage\",\"url\":\"https:\/\/stage.orfeve.com\/wp-content\/uploads\/2022\/02\/Orfeve-Manufacture-Suisse-de-Cacao-et-Chocolat-bean-to-bar-coffret-napolitains-collection-perou.jpg\",\"contentUrl\":\"https:\/\/stage.orfeve.com\/wp-content\/uploads\/2022\/02\/Orfeve-Manufacture-Suisse-de-Cacao-et-Chocolat-bean-to-bar-coffret-napolitains-collection-perou.jpg\",\"width\":900,\"height\":900},{\"@type\":\"BreadcrumbList\",\"@id\":\"https:\/\/stage.orfeve.com\/de\/shop\/gourmet-sets\/napolitains-peru-kollektion\/#breadcrumb\",\"itemListElement\":[{\"@type\":\"ListItem\",\"position\":1,\"name\":\"Home\",\"item\":\"https:\/\/stage.orfeve.com\/de\/\"},{\"@type\":\"ListItem\",\"position\":2,\"name\":\"Shop\",\"item\":\"https:\/\/stage.orfeve.com\/de\/shop\/\"},{\"@type\":\"ListItem\",\"position\":3,\"name\":\"Peru Kollektion Napolitains\"}]},{\"@type\":\"WebSite\",\"@id\":\"https:\/\/stage.orfeve.com\/#website\",\"url\":\"https:\/\/stage.orfeve.com\/\",\"name\":\"ORF\u00c8VE\",\"description\":\"Manufacture Suisse de Cacao et Chocolat Bean to Bar\",\"publisher\":{\"@id\":\"https:\/\/stage.orfeve.com\/#organization\"},\"potentialAction\":[{\"@type\":\"SearchAction\",\"target\":{\"@type\":\"EntryPoint\",\"urlTemplate\":\"https:\/\/stage.orfeve.com\/?s={search_term_string}\"},\"query-input\":{\"@type\":\"PropertyValueSpecification\",\"valueRequired\":true,\"valueName\":\"search_term_string\"}}],\"inLanguage\":\"de\"},{\"@type\":\"Organization\",\"@id\":\"https:\/\/stage.orfeve.com\/#organization\",\"name\":\"ORF\u00c8VE\",\"url\":\"https:\/\/stage.orfeve.com\/\",\"logo\":{\"@type\":\"ImageObject\",\"inLanguage\":\"de\",\"@id\":\"https:\/\/stage.orfeve.com\/#\/schema\/logo\/image\/\",\"url\":\"https:\/\/orfeve.com\/wp-content\/uploads\/2021\/05\/Orfeve-Manufacture-Suisse-de-Cacao-et-Chocolat-logo.jpeg\",\"contentUrl\":\"https:\/\/orfeve.com\/wp-content\/uploads\/2021\/05\/Orfeve-Manufacture-Suisse-de-Cacao-et-Chocolat-logo.jpeg\",\"width\":427,\"height\":170,\"caption\":\"ORF\u00c8VE\"},\"image\":{\"@id\":\"https:\/\/stage.orfeve.com\/#\/schema\/logo\/image\/\"},\"sameAs\":[\"https:\/\/www.facebook.com\/orfevechocolat\/\",\"https:\/\/x.com\/orfeve_Chocolat\",\"https:\/\/www.instagram.com\/orfeve_chocolat\/\",\"https:\/\/www.linkedin.com\/company\/orfeve\/\"]}]}<\/script>\n<!-- \/ Yoast SEO Premium plugin. -->","yoast_head_json":{"title":"Napolitains Peru Kollektion - ORF\u00c8VE","description":"Discovery box von ORF\u00c8VE Dunkle Schokolade aus Peru, aus Kakao aus peruanischen Terroirs, die von ORF\u00c8VE fein ausgew\u00e4hlt wurden.","robots":{"index":"index","follow":"follow","max-snippet":"max-snippet:-1","max-image-preview":"max-image-preview:large","max-video-preview":"max-video-preview:-1"},"canonical":"https:\/\/stage.orfeve.com\/de\/shop\/gourmet-sets\/napolitains-peru-kollektion\/","og_locale":"de_DE","og_type":"article","og_title":"Peru Kollektion Napolitains","og_description":"Discovery box von ORF\u00c8VE Dunkle Schokolade aus Peru, aus Kakao aus peruanischen Terroirs, die von ORF\u00c8VE fein ausgew\u00e4hlt wurden.","og_url":"https:\/\/stage.orfeve.com\/de\/shop\/gourmet-sets\/napolitains-peru-kollektion\/","og_site_name":"ORF\u00c8VE","article_publisher":"https:\/\/www.facebook.com\/orfevechocolat\/","article_modified_time":"2023-01-17T10:28:19+00:00","og_image":[{"width":900,"height":900,"url":"https:\/\/stage.orfeve.com\/wp-content\/uploads\/2022\/02\/Orfeve-Manufacture-Suisse-de-Cacao-et-Chocolat-bean-to-bar-coffret-napolitains-collection-perou.jpg","type":"image\/jpeg"}],"twitter_card":"summary_large_image","twitter_site":"@orfeve_Chocolat","twitter_misc":{"Gesch\u00e4tzte Lesezeit":"1\u00a0Minute"},"schema":{"@context":"https:\/\/schema.org","@graph":[{"@type":"WebPage","@id":"https:\/\/stage.orfeve.com\/de\/shop\/gourmet-sets\/napolitains-peru-kollektion\/","url":"https:\/\/stage.orfeve.com\/de\/shop\/gourmet-sets\/napolitains-peru-kollektion\/","name":"Napolitains Peru Kollektion - ORF\u00c8VE","isPartOf":{"@id":"https:\/\/stage.orfeve.com\/#website"},"primaryImageOfPage":{"@id":"https:\/\/stage.orfeve.com\/de\/shop\/gourmet-sets\/napolitains-peru-kollektion\/#primaryimage"},"image":{"@id":"https:\/\/stage.orfeve.com\/de\/shop\/gourmet-sets\/napolitains-peru-kollektion\/#primaryimage"},"thumbnailUrl":"https:\/\/stage.orfeve.com\/wp-content\/uploads\/2022\/02\/Orfeve-Manufacture-Suisse-de-Cacao-et-Chocolat-bean-to-bar-coffret-napolitains-collection-perou.jpg","datePublished":"2022-02-04T14:57:56+00:00","dateModified":"2023-01-17T10:28:19+00:00","description":"Discovery box von ORF\u00c8VE Dunkle Schokolade aus Peru, aus Kakao aus peruanischen Terroirs, die von ORF\u00c8VE fein ausgew\u00e4hlt wurden.","breadcrumb":{"@id":"https:\/\/stage.orfeve.com\/de\/shop\/gourmet-sets\/napolitains-peru-kollektion\/#breadcrumb"},"inLanguage":"de","potentialAction":[{"@type":"ReadAction","target":["https:\/\/stage.orfeve.com\/de\/shop\/gourmet-sets\/napolitains-peru-kollektion\/"]}]},{"@type":"ImageObject","inLanguage":"de","@id":"https:\/\/stage.orfeve.com\/de\/shop\/gourmet-sets\/napolitains-peru-kollektion\/#primaryimage","url":"https:\/\/stage.orfeve.com\/wp-content\/uploads\/2022\/02\/Orfeve-Manufacture-Suisse-de-Cacao-et-Chocolat-bean-to-bar-coffret-napolitains-collection-perou.jpg","contentUrl":"https:\/\/stage.orfeve.com\/wp-content\/uploads\/2022\/02\/Orfeve-Manufacture-Suisse-de-Cacao-et-Chocolat-bean-to-bar-coffret-napolitains-collection-perou.jpg","width":900,"height":900},{"@type":"BreadcrumbList","@id":"https:\/\/stage.orfeve.com\/de\/shop\/gourmet-sets\/napolitains-peru-kollektion\/#breadcrumb","itemListElement":[{"@type":"ListItem","position":1,"name":"Home","item":"https:\/\/stage.orfeve.com\/de\/"},{"@type":"ListItem","position":2,"name":"Shop","item":"https:\/\/stage.orfeve.com\/de\/shop\/"},{"@type":"ListItem","position":3,"name":"Peru Kollektion Napolitains"}]},{"@type":"WebSite","@id":"https:\/\/stage.orfeve.com\/#website","url":"https:\/\/stage.orfeve.com\/","name":"ORF\u00c8VE","description":"Manufacture Suisse de Cacao et Chocolat Bean to Bar","publisher":{"@id":"https:\/\/stage.orfeve.com\/#organization"},"potentialAction":[{"@type":"SearchAction","target":{"@type":"EntryPoint","urlTemplate":"https:\/\/stage.orfeve.com\/?s={search_term_string}"},"query-input":{"@type":"PropertyValueSpecification","valueRequired":true,"valueName":"search_term_string"}}],"inLanguage":"de"},{"@type":"Organization","@id":"https:\/\/stage.orfeve.com\/#organization","name":"ORF\u00c8VE","url":"https:\/\/stage.orfeve.com\/","logo":{"@type":"ImageObject","inLanguage":"de","@id":"https:\/\/stage.orfeve.com\/#\/schema\/logo\/image\/","url":"https:\/\/orfeve.com\/wp-content\/uploads\/2021\/05\/Orfeve-Manufacture-Suisse-de-Cacao-et-Chocolat-logo.jpeg","contentUrl":"https:\/\/orfeve.com\/wp-content\/uploads\/2021\/05\/Orfeve-Manufacture-Suisse-de-Cacao-et-Chocolat-logo.jpeg","width":427,"height":170,"caption":"ORF\u00c8VE"},"image":{"@id":"https:\/\/stage.orfeve.com\/#\/schema\/logo\/image\/"},"sameAs":["https:\/\/www.facebook.com\/orfevechocolat\/","https:\/\/x.com\/orfeve_Chocolat","https:\/\/www.instagram.com\/orfeve_chocolat\/","https:\/\/www.linkedin.com\/company\/orfeve\/"]}]}},"_links":{"self":[{"href":"https:\/\/stage.orfeve.com\/de\/wp-json\/wp\/v2\/product\/21894","targetHints":{"allow":["GET"]}}],"collection":[{"href":"https:\/\/stage.orfeve.com\/de\/wp-json\/wp\/v2\/product"}],"about":[{"href":"https:\/\/stage.orfeve.com\/de\/wp-json\/wp\/v2\/types\/product"}],"wp:featuredmedia":[{"embeddable":true,"href":"https:\/\/stage.orfeve.com\/de\/wp-json\/wp\/v2\/media\/21905"}],"wp:attachment":[{"href":"https:\/\/stage.orfeve.com\/de\/wp-json\/wp\/v2\/media?parent=21894"}],"wp:term":[{"taxonomy":"product_cat","embeddable":true,"href":"https:\/\/stage.orfeve.com\/de\/wp-json\/wp\/v2\/product_cat?post=21894"},{"taxonomy":"product_tag","embeddable":true,"href":"https:\/\/stage.orfeve.com\/de\/wp-json\/wp\/v2\/product_tag?post=21894"}],"curies":[{"name":"wp","href":"https:\/\/api.w.org\/{rel}","templated":true}]}}