{"id":21948,"date":"2022-02-06T17:05:16","date_gmt":"2022-02-06T16:05:17","guid":{"rendered":"https:\/\/orfeve.com\/?post_type=product&#038;p=21948"},"modified":"2023-01-17T11:28:15","modified_gmt":"2023-01-17T10:28:15","slug":"napolitains-quillabamba-70-peru","status":"publish","type":"product","link":"https:\/\/stage.orfeve.com\/de\/shop\/noir-de-noir\/napolitains-quillabamba-70-peru\/","title":{"rendered":"Quillabamba 70 (Peru) Napolitains &#8211; Extrafeine Schokolade"},"content":{"rendered":"&#13;\r\n<p>Die kleine Stadt Quillabamba liegt in den Ausl\u00e4ufern der Anden im S\u00fcden Perus, nur wenige Kilometer von dem ber\u00fchmten Machu Picchu entfernt.<\/p>&#13;\r\n&#13;\r\n<p>An den Ufern des Urubamba-Flusses, am Rande des heiligen Tals der Inkas gelegen, beherbergen die W\u00e4lder eine seltene einheimische Kakaosorte: Chuncho.<\/p>&#13;\r\n&#13;\r\n<p>Dieser kostbare Kakao wird von etwa hundert Familien unter strikter Einhaltung der Regeln des biologischen Landbaus und der nachhaltigen Agroforstwirtschaft in einer durchschnittlichen H\u00f6he von 1.200 Metern angebaut. Er besteht aus sehr kleinen Bohnen mit zarten und konzentrierten Aromen.<\/p>&#13;\r\n&#13;\r\n<p>Er wird zwischen Januar und April geerntet, schonend in Holzkisten fermentiert und unter Aufsicht peruanischer Agronomen in der Sonne getrocknet.<\/p>&#13;\r\n","protected":false},"excerpt":{"rendered":"<p>Entdecken Sie im Feinschmeckerformat die k\u00f6stliche nat\u00fcrliche Cremigkeit dieses <em>Cru de Terroir<\/em> mit Aromen von Haseln\u00fcssen, schwarzen Fr\u00fcchten und Gew\u00fcrzen. In <em>Noir de Noir<\/em> Rezept.<\/p>\n","protected":false},"featured_media":21996,"template":"","meta":[],"product_cat":[443,296],"product_tag":[532],"class_list":{"0":"post-21948","1":"product","2":"type-product","3":"status-publish","4":"has-post-thumbnail","6":"product_cat-gourmet-sets","7":"product_cat-noir-de-noir","8":"product_tag-napolitains-de","10":"first","11":"instock","12":"taxable","13":"shipping-taxable","14":"purchasable","15":"product-type-simple"},"yoast_head":"<!-- This site is optimized with the Yoast SEO Premium plugin v22.4 (Yoast SEO v24.6) - https:\/\/yoast.com\/wordpress\/plugins\/seo\/ -->\n<title>Quillabamba 70 (Peru) Napolitains - Noir de Noir - ORF\u00c8VE<\/title>\n<meta name=\"description\" content=\"Gourmet-Set mit dunkler Schokolade aus Peru von ORF\u00c8VE mit Aromen von Haseln\u00fcssen, Zimt und Muskatnuss auf einem Hintergrund von Brombeeren und Heidelbeeren.\" \/>\n<meta name=\"robots\" content=\"index, follow, max-snippet:-1, max-image-preview:large, max-video-preview:-1\" \/>\n<link rel=\"canonical\" href=\"https:\/\/stage.orfeve.com\/de\/shop\/noir-de-noir\/napolitains-quillabamba-70-peru\/\" \/>\n<meta property=\"og:locale\" content=\"de_DE\" \/>\n<meta property=\"og:type\" content=\"article\" \/>\n<meta property=\"og:title\" content=\"Quillabamba 70 (Peru) Napolitains - Extrafeine Schokolade\" \/>\n<meta property=\"og:description\" content=\"Gourmet-Set mit dunkler Schokolade aus Peru von ORF\u00c8VE mit Aromen von Haseln\u00fcssen, Zimt und Muskatnuss auf einem Hintergrund von Brombeeren und Heidelbeeren.\" \/>\n<meta property=\"og:url\" content=\"https:\/\/stage.orfeve.com\/de\/shop\/noir-de-noir\/napolitains-quillabamba-70-peru\/\" \/>\n<meta property=\"og:site_name\" content=\"ORF\u00c8VE\" \/>\n<meta property=\"article:publisher\" content=\"https:\/\/www.facebook.com\/orfevechocolat\/\" \/>\n<meta property=\"article:modified_time\" content=\"2023-01-17T10:28:15+00:00\" \/>\n<meta property=\"og:image\" content=\"https:\/\/stage.orfeve.com\/wp-content\/uploads\/2022\/02\/Orfeve-Manufacture-Suisse-de-Cacao-et-Chocolat-bean-to-bar-coffret-napolitains-quillabamba-70.jpg\" \/>\n\t<meta property=\"og:image:width\" content=\"900\" \/>\n\t<meta property=\"og:image:height\" content=\"900\" \/>\n\t<meta property=\"og:image:type\" content=\"image\/jpeg\" \/>\n<meta name=\"twitter:card\" content=\"summary_large_image\" \/>\n<meta name=\"twitter:site\" content=\"@orfeve_Chocolat\" \/>\n<meta name=\"twitter:label1\" content=\"Gesch\u00e4tzte Lesezeit\" \/>\n\t<meta name=\"twitter:data1\" content=\"1\u00a0Minute\" \/>\n<script type=\"application\/ld+json\" class=\"yoast-schema-graph\">{\"@context\":\"https:\/\/schema.org\",\"@graph\":[{\"@type\":\"WebPage\",\"@id\":\"https:\/\/stage.orfeve.com\/de\/shop\/noir-de-noir\/napolitains-quillabamba-70-peru\/\",\"url\":\"https:\/\/stage.orfeve.com\/de\/shop\/noir-de-noir\/napolitains-quillabamba-70-peru\/\",\"name\":\"Quillabamba 70 (Peru) Napolitains - Noir de Noir - ORF\u00c8VE\",\"isPartOf\":{\"@id\":\"https:\/\/stage.orfeve.com\/#website\"},\"primaryImageOfPage\":{\"@id\":\"https:\/\/stage.orfeve.com\/de\/shop\/noir-de-noir\/napolitains-quillabamba-70-peru\/#primaryimage\"},\"image\":{\"@id\":\"https:\/\/stage.orfeve.com\/de\/shop\/noir-de-noir\/napolitains-quillabamba-70-peru\/#primaryimage\"},\"thumbnailUrl\":\"https:\/\/stage.orfeve.com\/wp-content\/uploads\/2022\/02\/Orfeve-Manufacture-Suisse-de-Cacao-et-Chocolat-bean-to-bar-coffret-napolitains-quillabamba-70.jpg\",\"datePublished\":\"2022-02-06T16:05:17+00:00\",\"dateModified\":\"2023-01-17T10:28:15+00:00\",\"description\":\"Gourmet-Set mit dunkler Schokolade aus Peru von ORF\u00c8VE mit Aromen von Haseln\u00fcssen, Zimt und Muskatnuss auf einem Hintergrund von Brombeeren und Heidelbeeren.\",\"breadcrumb\":{\"@id\":\"https:\/\/stage.orfeve.com\/de\/shop\/noir-de-noir\/napolitains-quillabamba-70-peru\/#breadcrumb\"},\"inLanguage\":\"de\",\"potentialAction\":[{\"@type\":\"ReadAction\",\"target\":[\"https:\/\/stage.orfeve.com\/de\/shop\/noir-de-noir\/napolitains-quillabamba-70-peru\/\"]}]},{\"@type\":\"ImageObject\",\"inLanguage\":\"de\",\"@id\":\"https:\/\/stage.orfeve.com\/de\/shop\/noir-de-noir\/napolitains-quillabamba-70-peru\/#primaryimage\",\"url\":\"https:\/\/stage.orfeve.com\/wp-content\/uploads\/2022\/02\/Orfeve-Manufacture-Suisse-de-Cacao-et-Chocolat-bean-to-bar-coffret-napolitains-quillabamba-70.jpg\",\"contentUrl\":\"https:\/\/stage.orfeve.com\/wp-content\/uploads\/2022\/02\/Orfeve-Manufacture-Suisse-de-Cacao-et-Chocolat-bean-to-bar-coffret-napolitains-quillabamba-70.jpg\",\"width\":900,\"height\":900},{\"@type\":\"BreadcrumbList\",\"@id\":\"https:\/\/stage.orfeve.com\/de\/shop\/noir-de-noir\/napolitains-quillabamba-70-peru\/#breadcrumb\",\"itemListElement\":[{\"@type\":\"ListItem\",\"position\":1,\"name\":\"Home\",\"item\":\"https:\/\/stage.orfeve.com\/de\/\"},{\"@type\":\"ListItem\",\"position\":2,\"name\":\"Shop\",\"item\":\"https:\/\/stage.orfeve.com\/de\/shop\/\"},{\"@type\":\"ListItem\",\"position\":3,\"name\":\"Quillabamba 70 (Peru) Napolitains &#8211; Extrafeine Schokolade\"}]},{\"@type\":\"WebSite\",\"@id\":\"https:\/\/stage.orfeve.com\/#website\",\"url\":\"https:\/\/stage.orfeve.com\/\",\"name\":\"ORF\u00c8VE\",\"description\":\"Manufacture Suisse de Cacao et Chocolat Bean to Bar\",\"publisher\":{\"@id\":\"https:\/\/stage.orfeve.com\/#organization\"},\"potentialAction\":[{\"@type\":\"SearchAction\",\"target\":{\"@type\":\"EntryPoint\",\"urlTemplate\":\"https:\/\/stage.orfeve.com\/?s={search_term_string}\"},\"query-input\":{\"@type\":\"PropertyValueSpecification\",\"valueRequired\":true,\"valueName\":\"search_term_string\"}}],\"inLanguage\":\"de\"},{\"@type\":\"Organization\",\"@id\":\"https:\/\/stage.orfeve.com\/#organization\",\"name\":\"ORF\u00c8VE\",\"url\":\"https:\/\/stage.orfeve.com\/\",\"logo\":{\"@type\":\"ImageObject\",\"inLanguage\":\"de\",\"@id\":\"https:\/\/stage.orfeve.com\/#\/schema\/logo\/image\/\",\"url\":\"https:\/\/orfeve.com\/wp-content\/uploads\/2021\/05\/Orfeve-Manufacture-Suisse-de-Cacao-et-Chocolat-logo.jpeg\",\"contentUrl\":\"https:\/\/orfeve.com\/wp-content\/uploads\/2021\/05\/Orfeve-Manufacture-Suisse-de-Cacao-et-Chocolat-logo.jpeg\",\"width\":427,\"height\":170,\"caption\":\"ORF\u00c8VE\"},\"image\":{\"@id\":\"https:\/\/stage.orfeve.com\/#\/schema\/logo\/image\/\"},\"sameAs\":[\"https:\/\/www.facebook.com\/orfevechocolat\/\",\"https:\/\/x.com\/orfeve_Chocolat\",\"https:\/\/www.instagram.com\/orfeve_chocolat\/\",\"https:\/\/www.linkedin.com\/company\/orfeve\/\"]}]}<\/script>\n<!-- \/ Yoast SEO Premium plugin. -->","yoast_head_json":{"title":"Quillabamba 70 (Peru) Napolitains - Noir de Noir - ORF\u00c8VE","description":"Gourmet-Set mit dunkler Schokolade aus Peru von ORF\u00c8VE mit Aromen von Haseln\u00fcssen, Zimt und Muskatnuss auf einem Hintergrund von Brombeeren und Heidelbeeren.","robots":{"index":"index","follow":"follow","max-snippet":"max-snippet:-1","max-image-preview":"max-image-preview:large","max-video-preview":"max-video-preview:-1"},"canonical":"https:\/\/stage.orfeve.com\/de\/shop\/noir-de-noir\/napolitains-quillabamba-70-peru\/","og_locale":"de_DE","og_type":"article","og_title":"Quillabamba 70 (Peru) Napolitains - Extrafeine Schokolade","og_description":"Gourmet-Set mit dunkler Schokolade aus Peru von ORF\u00c8VE mit Aromen von Haseln\u00fcssen, Zimt und Muskatnuss auf einem Hintergrund von Brombeeren und Heidelbeeren.","og_url":"https:\/\/stage.orfeve.com\/de\/shop\/noir-de-noir\/napolitains-quillabamba-70-peru\/","og_site_name":"ORF\u00c8VE","article_publisher":"https:\/\/www.facebook.com\/orfevechocolat\/","article_modified_time":"2023-01-17T10:28:15+00:00","og_image":[{"width":900,"height":900,"url":"https:\/\/stage.orfeve.com\/wp-content\/uploads\/2022\/02\/Orfeve-Manufacture-Suisse-de-Cacao-et-Chocolat-bean-to-bar-coffret-napolitains-quillabamba-70.jpg","type":"image\/jpeg"}],"twitter_card":"summary_large_image","twitter_site":"@orfeve_Chocolat","twitter_misc":{"Gesch\u00e4tzte Lesezeit":"1\u00a0Minute"},"schema":{"@context":"https:\/\/schema.org","@graph":[{"@type":"WebPage","@id":"https:\/\/stage.orfeve.com\/de\/shop\/noir-de-noir\/napolitains-quillabamba-70-peru\/","url":"https:\/\/stage.orfeve.com\/de\/shop\/noir-de-noir\/napolitains-quillabamba-70-peru\/","name":"Quillabamba 70 (Peru) Napolitains - Noir de Noir - ORF\u00c8VE","isPartOf":{"@id":"https:\/\/stage.orfeve.com\/#website"},"primaryImageOfPage":{"@id":"https:\/\/stage.orfeve.com\/de\/shop\/noir-de-noir\/napolitains-quillabamba-70-peru\/#primaryimage"},"image":{"@id":"https:\/\/stage.orfeve.com\/de\/shop\/noir-de-noir\/napolitains-quillabamba-70-peru\/#primaryimage"},"thumbnailUrl":"https:\/\/stage.orfeve.com\/wp-content\/uploads\/2022\/02\/Orfeve-Manufacture-Suisse-de-Cacao-et-Chocolat-bean-to-bar-coffret-napolitains-quillabamba-70.jpg","datePublished":"2022-02-06T16:05:17+00:00","dateModified":"2023-01-17T10:28:15+00:00","description":"Gourmet-Set mit dunkler Schokolade aus Peru von ORF\u00c8VE mit Aromen von Haseln\u00fcssen, Zimt und Muskatnuss auf einem Hintergrund von Brombeeren und Heidelbeeren.","breadcrumb":{"@id":"https:\/\/stage.orfeve.com\/de\/shop\/noir-de-noir\/napolitains-quillabamba-70-peru\/#breadcrumb"},"inLanguage":"de","potentialAction":[{"@type":"ReadAction","target":["https:\/\/stage.orfeve.com\/de\/shop\/noir-de-noir\/napolitains-quillabamba-70-peru\/"]}]},{"@type":"ImageObject","inLanguage":"de","@id":"https:\/\/stage.orfeve.com\/de\/shop\/noir-de-noir\/napolitains-quillabamba-70-peru\/#primaryimage","url":"https:\/\/stage.orfeve.com\/wp-content\/uploads\/2022\/02\/Orfeve-Manufacture-Suisse-de-Cacao-et-Chocolat-bean-to-bar-coffret-napolitains-quillabamba-70.jpg","contentUrl":"https:\/\/stage.orfeve.com\/wp-content\/uploads\/2022\/02\/Orfeve-Manufacture-Suisse-de-Cacao-et-Chocolat-bean-to-bar-coffret-napolitains-quillabamba-70.jpg","width":900,"height":900},{"@type":"BreadcrumbList","@id":"https:\/\/stage.orfeve.com\/de\/shop\/noir-de-noir\/napolitains-quillabamba-70-peru\/#breadcrumb","itemListElement":[{"@type":"ListItem","position":1,"name":"Home","item":"https:\/\/stage.orfeve.com\/de\/"},{"@type":"ListItem","position":2,"name":"Shop","item":"https:\/\/stage.orfeve.com\/de\/shop\/"},{"@type":"ListItem","position":3,"name":"Quillabamba 70 (Peru) Napolitains &#8211; Extrafeine Schokolade"}]},{"@type":"WebSite","@id":"https:\/\/stage.orfeve.com\/#website","url":"https:\/\/stage.orfeve.com\/","name":"ORF\u00c8VE","description":"Manufacture Suisse de Cacao et Chocolat Bean to Bar","publisher":{"@id":"https:\/\/stage.orfeve.com\/#organization"},"potentialAction":[{"@type":"SearchAction","target":{"@type":"EntryPoint","urlTemplate":"https:\/\/stage.orfeve.com\/?s={search_term_string}"},"query-input":{"@type":"PropertyValueSpecification","valueRequired":true,"valueName":"search_term_string"}}],"inLanguage":"de"},{"@type":"Organization","@id":"https:\/\/stage.orfeve.com\/#organization","name":"ORF\u00c8VE","url":"https:\/\/stage.orfeve.com\/","logo":{"@type":"ImageObject","inLanguage":"de","@id":"https:\/\/stage.orfeve.com\/#\/schema\/logo\/image\/","url":"https:\/\/orfeve.com\/wp-content\/uploads\/2021\/05\/Orfeve-Manufacture-Suisse-de-Cacao-et-Chocolat-logo.jpeg","contentUrl":"https:\/\/orfeve.com\/wp-content\/uploads\/2021\/05\/Orfeve-Manufacture-Suisse-de-Cacao-et-Chocolat-logo.jpeg","width":427,"height":170,"caption":"ORF\u00c8VE"},"image":{"@id":"https:\/\/stage.orfeve.com\/#\/schema\/logo\/image\/"},"sameAs":["https:\/\/www.facebook.com\/orfevechocolat\/","https:\/\/x.com\/orfeve_Chocolat","https:\/\/www.instagram.com\/orfeve_chocolat\/","https:\/\/www.linkedin.com\/company\/orfeve\/"]}]}},"_links":{"self":[{"href":"https:\/\/stage.orfeve.com\/de\/wp-json\/wp\/v2\/product\/21948","targetHints":{"allow":["GET"]}}],"collection":[{"href":"https:\/\/stage.orfeve.com\/de\/wp-json\/wp\/v2\/product"}],"about":[{"href":"https:\/\/stage.orfeve.com\/de\/wp-json\/wp\/v2\/types\/product"}],"wp:featuredmedia":[{"embeddable":true,"href":"https:\/\/stage.orfeve.com\/de\/wp-json\/wp\/v2\/media\/21996"}],"wp:attachment":[{"href":"https:\/\/stage.orfeve.com\/de\/wp-json\/wp\/v2\/media?parent=21948"}],"wp:term":[{"taxonomy":"product_cat","embeddable":true,"href":"https:\/\/stage.orfeve.com\/de\/wp-json\/wp\/v2\/product_cat?post=21948"},{"taxonomy":"product_tag","embeddable":true,"href":"https:\/\/stage.orfeve.com\/de\/wp-json\/wp\/v2\/product_tag?post=21948"}],"curies":[{"name":"wp","href":"https:\/\/api.w.org\/{rel}","templated":true}]}}