{"id":20380,"date":"2021-05-29T10:44:58","date_gmt":"2021-05-29T08:44:58","guid":{"rendered":"https:\/\/orfeve.com\/factory\/"},"modified":"2022-05-28T11:41:51","modified_gmt":"2022-05-28T09:41:51","slug":"factory","status":"publish","type":"page","link":"https:\/\/stage.orfeve.com\/en\/factory\/","title":{"rendered":"Factory"},"content":{"rendered":"\n\n\t<section class=\"section dark\" id=\"section_1060416760\">\n\t\t<div class=\"section-bg fill\" >\n\t\t\t\t\t\t\t\t\t<button class=\"scroll-for-more z-5 icon absolute bottom h-center\" aria-label=\"Scroll for more\"><i class=\"icon-angle-down\" style=\"font-size:42px;\" ><\/i><\/button>\n\t\t\t\n\n\t\t<\/div>\n\n\t\t\n\n\t\t<div class=\"section-content relative\">\n\t\t\t\n\n\n  <div class=\"banner has-hover is-full-height\" id=\"banner-663926370\">\n          <div class=\"banner-inner fill\">\n        <div class=\"banner-bg fill\" >\n            <img decoding=\"async\" width=\"1900\" height=\"800\" src=\"https:\/\/stage.orfeve.com\/wp-content\/uploads\/2021\/04\/ORFEVE-Manufacture-Suisse-de-Cacao-et-Chocolat_Torrefaction-photo-diode-SA-Denis-Hayoun_.jpg\" class=\"bg attachment-original size-original\" alt=\"\" \/>                        <div class=\"overlay\"><\/div>            \n                    <\/div>\n\t\t\n        <div class=\"banner-layers container\">\n            <div class=\"fill banner-link\"><\/div>            \n\n   <div id=\"text-box-1432372221\" class=\"text-box banner-layer x50 md-x50 lg-x50 y50 md-y50 lg-y50 res-text\">\n                                <div class=\"text-box-content text dark\">\n              \n              <div class=\"text-inner text-center\">\n                  \n\n\t<div id=\"text-453211498\" class=\"text\">\n\t\t\n\n<h1 class=\"uppercase\">The orf\u00e8ve factory<\/h1>\n\t\t\n<style>\n#text-453211498 {\n  font-size: 1rem;\n  line-height: 1.75;\n  text-align: center;\n}\n@media (min-width:550px) {\n  #text-453211498 {\n    font-size: 1.5rem;\n    line-height: 1.75;\n  }\n}\n<\/style>\n\t<\/div>\n\t\n\t<div id=\"text-3121392358\" class=\"text\">\n\t\t\n\n<p>Learn more about us, our fine cacao, our philosophy and our chocolate.<\/p>\n\t\t\n<style>\n#text-3121392358 {\n  font-size: 1.25rem;\n}\n@media (min-width:550px) {\n  #text-3121392358 {\n    font-size: 1.5rem;\n  }\n}\n<\/style>\n\t<\/div>\n\t\n\n              <\/div>\n           <\/div>\n                            \n<style>\n#text-box-1432372221 {\n  width: 87%;\n}\n#text-box-1432372221 .text-box-content {\n  font-size: 100%;\n}\n@media (min-width:550px) {\n  #text-box-1432372221 {\n    width: 60%;\n  }\n}\n<\/style>\n    <\/div>\n \n\n        <\/div>\n      <\/div>\n\n            \n<style>\n#banner-663926370 {\n  padding-top: 100%;\n}\n#banner-663926370 .overlay {\n  background-color: rgba(0, 0, 0, 0.326);\n}\n#banner-663926370 .banner-bg img {\n  object-position: 46% 42%;\n}\n<\/style>\n  <\/div>\n\n\n\n\t\t<\/div>\n\n\t\t\n<style>\n#section_1060416760 {\n  padding-top: 0px;\n  padding-bottom: 0px;\n}\n<\/style>\n\t<\/section>\n\t\n\n  <div class=\"banner has-hover is-full-height has-parallax\" id=\"banner-195697641\">\n          <div class=\"banner-inner fill\">\n        <div class=\"banner-bg fill\" data-parallax=\"-5\" data-parallax-container=\".banner\" data-parallax-background>\n            <img decoding=\"async\" width=\"1600\" height=\"1200\" src=\"https:\/\/stage.orfeve.com\/wp-content\/uploads\/2021\/04\/ORFEVE-Manufacture-Suisse-de-Cacao-et-Chocolat-Bean-to-Bar-Caroline-Buechler-Francois-Xavier-Mousin-photo-Guillaume-Megevand.jpg\" class=\"bg attachment-original size-original\" alt=\"\" \/>                        <div class=\"overlay\"><\/div>            \n                    <\/div>\n\t\t\n        <div class=\"banner-layers container\">\n            <div class=\"fill banner-link\"><\/div>            \n\n   <div id=\"text-box-1192068927\" class=\"text-box banner-layer x50 md-x50 lg-x50 y50 md-y50 lg-y50 res-text\">\n              <div data-parallax=\"2\" data-parallax-fade=\"true\">                  <div class=\"text-box-content text dark\">\n              \n              <div class=\"text-inner text-center\">\n                  \n\n\t<div id=\"text-3866460566\" class=\"text\">\n\t\t\n\n<h3 class=\"uppercase\"><strong>Us<\/strong><\/h3>\n<p>Based in Geneva, Orf\u00e8ve was founded by Fran\u00e7ois-Xavier Mousin and Caroline Buechler. As a cocoa and chocolate factory, Orf\u00e8ve masters every stage of chocolate production&#8230; from bean to bar.<\/p>\n\t\t\n<style>\n#text-3866460566 {\n  font-size: 1.25rem;\n}\n@media (min-width:550px) {\n  #text-3866460566 {\n    font-size: 1.5rem;\n  }\n}\n<\/style>\n\t<\/div>\n\t\n\n              <\/div>\n           <\/div>\n              <\/div>              \n<style>\n#text-box-1192068927 {\n  width: 87%;\n}\n#text-box-1192068927 .text-box-content {\n  font-size: 100%;\n}\n@media (min-width:550px) {\n  #text-box-1192068927 {\n    width: 60%;\n  }\n}\n<\/style>\n    <\/div>\n \n\n        <\/div>\n      <\/div>\n\n            \n<style>\n#banner-195697641 {\n  padding-top: 100%;\n}\n#banner-195697641 .overlay {\n  background-color: rgba(0, 0, 0, 0.35);\n}\n<\/style>\n  <\/div>\n\n\n\n  <div class=\"banner has-hover is-full-height has-parallax\" id=\"banner-1874115021\">\n          <div class=\"banner-inner fill\">\n        <div class=\"banner-bg fill\" data-parallax=\"-5\" data-parallax-container=\".banner\" data-parallax-background>\n            <img decoding=\"async\" width=\"1600\" height=\"1200\" src=\"https:\/\/stage.orfeve.com\/wp-content\/uploads\/2021\/04\/ORFEVE-Manufacture-Suisse-de-Cacao-et-Chocolat-bea-to-bar-Agroforesterie-photo-ORFEVE.jpg\" class=\"bg attachment-original size-original\" alt=\"\" \/>                        <div class=\"overlay\"><\/div>            \n                    <\/div>\n\t\t\n        <div class=\"banner-layers container\">\n            <div class=\"fill banner-link\"><\/div>            \n\n   <div id=\"text-box-1317498083\" class=\"text-box banner-layer x50 md-x50 lg-x50 y50 md-y50 lg-y50 res-text\">\n              <div data-parallax=\"2\" data-parallax-fade=\"true\">                  <div class=\"text-box-content text dark\">\n              \n              <div class=\"text-inner text-center\">\n                  \n\n\t<div id=\"text-2660223825\" class=\"text\">\n\t\t\n\n<h3 class=\"uppercase\"><strong>Our farmers<\/strong><\/h3>\n<p>All our cacao comes from small farms or first level cooperatives, which are committed to sustainable and fair development.<\/p>\n\t\t\n<style>\n#text-2660223825 {\n  font-size: 1.25rem;\n}\n@media (min-width:550px) {\n  #text-2660223825 {\n    font-size: 1.5rem;\n  }\n}\n<\/style>\n\t<\/div>\n\t\n\n              <\/div>\n           <\/div>\n              <\/div>              \n<style>\n#text-box-1317498083 {\n  width: 87%;\n}\n#text-box-1317498083 .text-box-content {\n  font-size: 100%;\n}\n@media (min-width:550px) {\n  #text-box-1317498083 {\n    width: 60%;\n  }\n}\n<\/style>\n    <\/div>\n \n\n        <\/div>\n      <\/div>\n\n            \n<style>\n#banner-1874115021 {\n  padding-top: 100%;\n}\n#banner-1874115021 .overlay {\n  background-color: rgba(0, 0, 0, 0.35);\n}\n<\/style>\n  <\/div>\n\n\n\n  <div class=\"banner has-hover is-full-height has-parallax\" id=\"banner-335332890\">\n          <div class=\"banner-inner fill\">\n        <div class=\"banner-bg fill\" data-parallax=\"-5\" data-parallax-container=\".banner\" data-parallax-background>\n            <img decoding=\"async\" width=\"1600\" height=\"1200\" src=\"https:\/\/stage.orfeve.com\/wp-content\/uploads\/2021\/04\/ORFEVE-Manufacture-Suisse-de-Cacao-et-Chocolat-bean-to-bar-cabosses-de-cacao-photo-orfeve.jpg\" class=\"bg attachment-original size-original\" alt=\"\" \/>                        <div class=\"overlay\"><\/div>            \n                    <\/div>\n\t\t\n        <div class=\"banner-layers container\">\n            <div class=\"fill banner-link\"><\/div>            \n\n   <div id=\"text-box-1479777489\" class=\"text-box banner-layer x50 md-x50 lg-x50 y50 md-y50 lg-y50 res-text\">\n              <div data-parallax=\"2\" data-parallax-fade=\"true\">                  <div class=\"text-box-content text dark\">\n              \n              <div class=\"text-inner text-center\">\n                  \n\n\t<div id=\"text-4131316085\" class=\"text\">\n\t\t\n\n<h3 class=\"uppercase\"><strong>Our fine cocoa<\/strong><\/h3>\n<p>Carefully selected by our sourcing experts, our cacao comes from the best terroirs in the world. Most of them are cultivated in organic farming and agroforestry. These fine cacaos now account for less than 5% of world production.<\/p>\n\t\t\n<style>\n#text-4131316085 {\n  font-size: 1.25rem;\n}\n@media (min-width:550px) {\n  #text-4131316085 {\n    font-size: 1.5rem;\n  }\n}\n<\/style>\n\t<\/div>\n\t\n\n              <\/div>\n           <\/div>\n              <\/div>              \n<style>\n#text-box-1479777489 {\n  width: 87%;\n}\n#text-box-1479777489 .text-box-content {\n  font-size: 100%;\n}\n@media (min-width:550px) {\n  #text-box-1479777489 {\n    width: 60%;\n  }\n}\n<\/style>\n    <\/div>\n \n\n        <\/div>\n      <\/div>\n\n            \n<style>\n#banner-335332890 {\n  padding-top: 100%;\n}\n#banner-335332890 .overlay {\n  background-color: rgba(0, 0, 0, 0.35);\n}\n<\/style>\n  <\/div>\n\n\n\n  <div class=\"banner has-hover is-full-height has-parallax\" id=\"banner-1626466207\">\n          <div class=\"banner-inner fill\">\n        <div class=\"banner-bg fill\" data-parallax=\"-5\" data-parallax-container=\".banner\" data-parallax-background>\n            <img decoding=\"async\" width=\"1600\" height=\"1200\" src=\"https:\/\/stage.orfeve.com\/wp-content\/uploads\/2021\/04\/ORFEVE-Manufacture-Suisse-de-Cacao-et-Chocolat-bean-to-bar-broyage-affinage-chocolat-photo-diode-SA-Denis-Hayoun.jpg\" class=\"bg attachment-original size-original\" alt=\"\" \/>                        <div class=\"overlay\"><\/div>            \n                    <\/div>\n\t\t\n        <div class=\"banner-layers container\">\n            <div class=\"fill banner-link\"><\/div>            \n\n   <div id=\"text-box-1309184235\" class=\"text-box banner-layer x50 md-x50 lg-x50 y50 md-y50 lg-y50 res-text\">\n              <div data-parallax=\"2\" data-parallax-fade=\"true\">                  <div class=\"text-box-content text dark\">\n              \n              <div class=\"text-inner text-center\">\n                  \n\n\t<div id=\"text-600835892\" class=\"text\">\n\t\t\n\n<h3 class=\"uppercase\"><strong>Our methods<\/strong><\/h3>\n<p>True to ancient practices, our production methods are all artisanal and gentle in order to maintain the nobility and originality of our cacao.<\/p>\n\t\t\n<style>\n#text-600835892 {\n  font-size: 1.25rem;\n}\n@media (min-width:550px) {\n  #text-600835892 {\n    font-size: 1.5rem;\n  }\n}\n<\/style>\n\t<\/div>\n\t\n<a href=\"https:\/\/orfeve.com\/en\/know-how\/\" class=\"button white is-outline\"  >\n\t\t<span>discover our know-how<\/span>\n\t<\/a>\n\n\n\n              <\/div>\n           <\/div>\n              <\/div>              \n<style>\n#text-box-1309184235 {\n  width: 87%;\n}\n#text-box-1309184235 .text-box-content {\n  font-size: 100%;\n}\n@media (min-width:550px) {\n  #text-box-1309184235 {\n    width: 60%;\n  }\n}\n<\/style>\n    <\/div>\n \n\n        <\/div>\n      <\/div>\n\n            \n<style>\n#banner-1626466207 {\n  padding-top: 100%;\n}\n#banner-1626466207 .overlay {\n  background-color: rgba(0, 0, 0, 0.35);\n}\n#banner-1626466207 .banner-bg img {\n  object-position: 15% 18%;\n}\n<\/style>\n  <\/div>\n\n\n\n  <div class=\"banner has-hover is-full-height has-parallax\" id=\"banner-1196639393\">\n          <div class=\"banner-inner fill\">\n        <div class=\"banner-bg fill\" data-parallax=\"-5\" data-parallax-container=\".banner\" data-parallax-background>\n            <img decoding=\"async\" width=\"1300\" height=\"851\" src=\"https:\/\/stage.orfeve.com\/wp-content\/uploads\/2022\/04\/ORFEVE-Manufacture-Suisse-de-Cacao-et-Chocolat-chocolat-noir-tablette.jpg\" class=\"bg attachment-original size-original\" alt=\"ORFEVE-Manufacture-Suisse-de-Cacao-et-Chocolat-chocolat-noir-tablette\" \/>                        <div class=\"overlay\"><\/div>            \n                    <\/div>\n\t\t\n        <div class=\"banner-layers container\">\n            <div class=\"fill banner-link\"><\/div>            \n\n   <div id=\"text-box-757084842\" class=\"text-box banner-layer x50 md-x50 lg-x50 y50 md-y50 lg-y50 res-text\">\n              <div data-parallax=\"2\" data-parallax-fade=\"true\">                  <div class=\"text-box-content text dark\">\n              \n              <div class=\"text-inner text-center\">\n                  \n\n\t<div id=\"text-302004384\" class=\"text\">\n\t\t\n\n<h3 class=\"uppercase\"><strong>Our dark chocolate<\/strong><\/h3>\n<p>Orf\u00e8ve produces 100% origin and vintage bars to highlight the rarest and most precious cacao varieties. The result, of which we are extremely proud, is Swiss chocolate distinguished by its purity and authenticity.<\/p>\n\t\t\n<style>\n#text-302004384 {\n  font-size: 1.25rem;\n}\n@media (min-width:550px) {\n  #text-302004384 {\n    font-size: 1.5rem;\n  }\n}\n<\/style>\n\t<\/div>\n\t\n<a href=\"https:\/\/orfeve.com\/en\/shop\/\" class=\"button white is-outline\"  >\n\t\t<span>discover the chocolates<\/span>\n\t<\/a>\n\n\n\n              <\/div>\n           <\/div>\n              <\/div>              \n<style>\n#text-box-757084842 {\n  width: 87%;\n}\n#text-box-757084842 .text-box-content {\n  font-size: 100%;\n}\n@media (min-width:550px) {\n  #text-box-757084842 {\n    width: 60%;\n  }\n}\n<\/style>\n    <\/div>\n \n\n        <\/div>\n      <\/div>\n\n            \n<style>\n#banner-1196639393 {\n  padding-top: 100%;\n}\n#banner-1196639393 .overlay {\n  background-color: rgba(0, 0, 0, 0.442);\n}\n#banner-1196639393 .banner-bg img {\n  object-position: 74% 31%;\n}\n<\/style>\n  <\/div>\n\n\n\n","protected":false},"excerpt":{"rendered":"","protected":false},"author":1,"featured_media":0,"parent":0,"menu_order":0,"comment_status":"closed","ping_status":"closed","template":"page-transparent-header-light.php","meta":{"footnotes":""},"class_list":["post-20380","page","type-page","status-publish","hentry"],"yoast_head":"<!-- This site is optimized with the Yoast SEO Premium plugin v22.4 (Yoast SEO v24.6) - https:\/\/yoast.com\/wordpress\/plugins\/seo\/ -->\n<title>Factory - ORF\u00c8VE<\/title>\n<meta name=\"description\" content=\"Discover the ORF\u00c8VE factory. Learn more about us, our fine cacao, our philosophy and our chocolate.\" \/>\n<meta name=\"robots\" content=\"index, follow, max-snippet:-1, max-image-preview:large, max-video-preview:-1\" \/>\n<link rel=\"canonical\" href=\"https:\/\/stage.orfeve.com\/manufacture\/\" \/>\n<meta property=\"og:locale\" content=\"en_US\" \/>\n<meta property=\"og:type\" content=\"article\" \/>\n<meta property=\"og:title\" content=\"Factory\" \/>\n<meta property=\"og:description\" content=\"Discover the ORF\u00c8VE factory. Learn more about us, our fine cacao, our philosophy and our chocolate.\" \/>\n<meta property=\"og:url\" content=\"https:\/\/stage.orfeve.com\/manufacture\/\" \/>\n<meta property=\"og:site_name\" content=\"ORF\u00c8VE\" \/>\n<meta property=\"article:publisher\" content=\"https:\/\/www.facebook.com\/orfevechocolat\/\" \/>\n<meta property=\"article:modified_time\" content=\"2022-05-28T09:41:51+00:00\" \/>\n<meta name=\"twitter:card\" content=\"summary_large_image\" \/>\n<meta name=\"twitter:site\" content=\"@orfeve_Chocolat\" \/>\n<meta name=\"twitter:label1\" content=\"Est. reading time\" \/>\n\t<meta name=\"twitter:data1\" content=\"2 minutes\" \/>\n<script type=\"application\/ld+json\" class=\"yoast-schema-graph\">{\"@context\":\"https:\/\/schema.org\",\"@graph\":[{\"@type\":\"WebPage\",\"@id\":\"https:\/\/stage.orfeve.com\/manufacture\/\",\"url\":\"https:\/\/stage.orfeve.com\/manufacture\/\",\"name\":\"Factory - ORF\u00c8VE\",\"isPartOf\":{\"@id\":\"https:\/\/stage.orfeve.com\/#website\"},\"datePublished\":\"2021-05-29T08:44:58+00:00\",\"dateModified\":\"2022-05-28T09:41:51+00:00\",\"description\":\"Discover the ORF\u00c8VE factory. Learn more about us, our fine cacao, our philosophy and our chocolate.\",\"breadcrumb\":{\"@id\":\"https:\/\/stage.orfeve.com\/manufacture\/#breadcrumb\"},\"inLanguage\":\"en-US\",\"potentialAction\":[{\"@type\":\"ReadAction\",\"target\":[\"https:\/\/stage.orfeve.com\/manufacture\/\"]}]},{\"@type\":\"BreadcrumbList\",\"@id\":\"https:\/\/stage.orfeve.com\/manufacture\/#breadcrumb\",\"itemListElement\":[{\"@type\":\"ListItem\",\"position\":1,\"name\":\"Home\",\"item\":\"https:\/\/stage.orfeve.com\/en\/\"},{\"@type\":\"ListItem\",\"position\":2,\"name\":\"Factory\"}]},{\"@type\":\"WebSite\",\"@id\":\"https:\/\/stage.orfeve.com\/#website\",\"url\":\"https:\/\/stage.orfeve.com\/\",\"name\":\"ORF\u00c8VE\",\"description\":\"Manufacture Suisse de Cacao et Chocolat Bean to Bar\",\"publisher\":{\"@id\":\"https:\/\/stage.orfeve.com\/#organization\"},\"potentialAction\":[{\"@type\":\"SearchAction\",\"target\":{\"@type\":\"EntryPoint\",\"urlTemplate\":\"https:\/\/stage.orfeve.com\/?s={search_term_string}\"},\"query-input\":{\"@type\":\"PropertyValueSpecification\",\"valueRequired\":true,\"valueName\":\"search_term_string\"}}],\"inLanguage\":\"en-US\"},{\"@type\":\"Organization\",\"@id\":\"https:\/\/stage.orfeve.com\/#organization\",\"name\":\"ORF\u00c8VE\",\"url\":\"https:\/\/stage.orfeve.com\/\",\"logo\":{\"@type\":\"ImageObject\",\"inLanguage\":\"en-US\",\"@id\":\"https:\/\/stage.orfeve.com\/#\/schema\/logo\/image\/\",\"url\":\"https:\/\/orfeve.com\/wp-content\/uploads\/2021\/05\/Orfeve-Manufacture-Suisse-de-Cacao-et-Chocolat-logo.jpeg\",\"contentUrl\":\"https:\/\/orfeve.com\/wp-content\/uploads\/2021\/05\/Orfeve-Manufacture-Suisse-de-Cacao-et-Chocolat-logo.jpeg\",\"width\":427,\"height\":170,\"caption\":\"ORF\u00c8VE\"},\"image\":{\"@id\":\"https:\/\/stage.orfeve.com\/#\/schema\/logo\/image\/\"},\"sameAs\":[\"https:\/\/www.facebook.com\/orfevechocolat\/\",\"https:\/\/x.com\/orfeve_Chocolat\",\"https:\/\/www.instagram.com\/orfeve_chocolat\/\",\"https:\/\/www.linkedin.com\/company\/orfeve\/\"]}]}<\/script>\n<!-- \/ Yoast SEO Premium plugin. -->","yoast_head_json":{"title":"Factory - ORF\u00c8VE","description":"Discover the ORF\u00c8VE factory. Learn more about us, our fine cacao, our philosophy and our chocolate.","robots":{"index":"index","follow":"follow","max-snippet":"max-snippet:-1","max-image-preview":"max-image-preview:large","max-video-preview":"max-video-preview:-1"},"canonical":"https:\/\/stage.orfeve.com\/manufacture\/","og_locale":"en_US","og_type":"article","og_title":"Factory","og_description":"Discover the ORF\u00c8VE factory. Learn more about us, our fine cacao, our philosophy and our chocolate.","og_url":"https:\/\/stage.orfeve.com\/manufacture\/","og_site_name":"ORF\u00c8VE","article_publisher":"https:\/\/www.facebook.com\/orfevechocolat\/","article_modified_time":"2022-05-28T09:41:51+00:00","twitter_card":"summary_large_image","twitter_site":"@orfeve_Chocolat","twitter_misc":{"Est. reading time":"2 minutes"},"schema":{"@context":"https:\/\/schema.org","@graph":[{"@type":"WebPage","@id":"https:\/\/stage.orfeve.com\/manufacture\/","url":"https:\/\/stage.orfeve.com\/manufacture\/","name":"Factory - ORF\u00c8VE","isPartOf":{"@id":"https:\/\/stage.orfeve.com\/#website"},"datePublished":"2021-05-29T08:44:58+00:00","dateModified":"2022-05-28T09:41:51+00:00","description":"Discover the ORF\u00c8VE factory. Learn more about us, our fine cacao, our philosophy and our chocolate.","breadcrumb":{"@id":"https:\/\/stage.orfeve.com\/manufacture\/#breadcrumb"},"inLanguage":"en-US","potentialAction":[{"@type":"ReadAction","target":["https:\/\/stage.orfeve.com\/manufacture\/"]}]},{"@type":"BreadcrumbList","@id":"https:\/\/stage.orfeve.com\/manufacture\/#breadcrumb","itemListElement":[{"@type":"ListItem","position":1,"name":"Home","item":"https:\/\/stage.orfeve.com\/en\/"},{"@type":"ListItem","position":2,"name":"Factory"}]},{"@type":"WebSite","@id":"https:\/\/stage.orfeve.com\/#website","url":"https:\/\/stage.orfeve.com\/","name":"ORF\u00c8VE","description":"Manufacture Suisse de Cacao et Chocolat Bean to Bar","publisher":{"@id":"https:\/\/stage.orfeve.com\/#organization"},"potentialAction":[{"@type":"SearchAction","target":{"@type":"EntryPoint","urlTemplate":"https:\/\/stage.orfeve.com\/?s={search_term_string}"},"query-input":{"@type":"PropertyValueSpecification","valueRequired":true,"valueName":"search_term_string"}}],"inLanguage":"en-US"},{"@type":"Organization","@id":"https:\/\/stage.orfeve.com\/#organization","name":"ORF\u00c8VE","url":"https:\/\/stage.orfeve.com\/","logo":{"@type":"ImageObject","inLanguage":"en-US","@id":"https:\/\/stage.orfeve.com\/#\/schema\/logo\/image\/","url":"https:\/\/orfeve.com\/wp-content\/uploads\/2021\/05\/Orfeve-Manufacture-Suisse-de-Cacao-et-Chocolat-logo.jpeg","contentUrl":"https:\/\/orfeve.com\/wp-content\/uploads\/2021\/05\/Orfeve-Manufacture-Suisse-de-Cacao-et-Chocolat-logo.jpeg","width":427,"height":170,"caption":"ORF\u00c8VE"},"image":{"@id":"https:\/\/stage.orfeve.com\/#\/schema\/logo\/image\/"},"sameAs":["https:\/\/www.facebook.com\/orfevechocolat\/","https:\/\/x.com\/orfeve_Chocolat","https:\/\/www.instagram.com\/orfeve_chocolat\/","https:\/\/www.linkedin.com\/company\/orfeve\/"]}]}},"_links":{"self":[{"href":"https:\/\/stage.orfeve.com\/en\/wp-json\/wp\/v2\/pages\/20380","targetHints":{"allow":["GET"]}}],"collection":[{"href":"https:\/\/stage.orfeve.com\/en\/wp-json\/wp\/v2\/pages"}],"about":[{"href":"https:\/\/stage.orfeve.com\/en\/wp-json\/wp\/v2\/types\/page"}],"author":[{"embeddable":true,"href":"https:\/\/stage.orfeve.com\/en\/wp-json\/wp\/v2\/users\/1"}],"replies":[{"embeddable":true,"href":"https:\/\/stage.orfeve.com\/en\/wp-json\/wp\/v2\/comments?post=20380"}],"version-history":[{"count":0,"href":"https:\/\/stage.orfeve.com\/en\/wp-json\/wp\/v2\/pages\/20380\/revisions"}],"wp:attachment":[{"href":"https:\/\/stage.orfeve.com\/en\/wp-json\/wp\/v2\/media?parent=20380"}],"curies":[{"name":"wp","href":"https:\/\/api.w.org\/{rel}","templated":true}]}}